{"id":1295,"date":"2025-10-31T22:43:10","date_gmt":"2025-11-01T01:43:10","guid":{"rendered":"https:\/\/app.huazapp.com\/mens\/?post_type=product&#038;p=1295"},"modified":"2025-11-01T14:52:18","modified_gmt":"2025-11-01T17:52:18","slug":"kit-2-camisetas-basicas","status":"publish","type":"product","link":"https:\/\/app.huazapp.com\/mens\/produto\/kit-2-camisetas-basicas\/","title":{"rendered":"Kit 2 Camisetas B\u00e1sicas"},"content":{"rendered":"<p data-start=\"52\" data-end=\"289\">O Kit 2 Camisetas B\u00e1sicas foi feito para quem valoriza conforto, versatilidade e estilo em qualquer ocasi\u00e3o. Produzidas com algod\u00e3o macio e modelagem regular, as camisetas oferecem um caimento leve e respir\u00e1vel, ideal para o dia a dia.<\/p>\n<p data-start=\"291\" data-end=\"481\">O conjunto traz as tr\u00eas cores essenciais \u2014 preta, branca e azul-marinho \u2014 que combinam com qualquer look, do casual ao urbano. Perfeitas para usar sozinhas ou sob jaquetas e sobreposi\u00e7\u00f5es.<\/p>\n<p data-start=\"483\" data-end=\"509\"><strong data-start=\"483\" data-end=\"507\">Detalhes do produto:<\/strong><\/p>\n<ul data-start=\"510\" data-end=\"674\">\n<li data-start=\"510\" data-end=\"564\">\n<p data-start=\"512\" data-end=\"564\">Kit com 2 camisetas (preta e branca)<\/p>\n<\/li>\n<li data-start=\"565\" data-end=\"586\">\n<p data-start=\"567\" data-end=\"586\">Modelagem regular<\/p>\n<\/li>\n<li data-start=\"587\" data-end=\"622\">\n<p data-start=\"589\" data-end=\"622\">Tecido leve, macio e respir\u00e1vel<\/p>\n<\/li>\n<li data-start=\"623\" data-end=\"648\">\n<p data-start=\"625\" data-end=\"648\">Gola careca refor\u00e7ada<\/p>\n<\/li>\n<li data-start=\"649\" data-end=\"674\">\n<p data-start=\"651\" data-end=\"674\">Ideal para uso di\u00e1rio<\/p>\n<\/li>\n<\/ul>\n<p data-start=\"676\" data-end=\"706\"><strong data-start=\"676\" data-end=\"691\">Composi\u00e7\u00e3o:<\/strong> 100% algod\u00e3o<\/p>\n<p data-start=\"708\" data-end=\"791\"><strong data-start=\"708\" data-end=\"721\">Destaque:<\/strong> um kit pr\u00e1tico, elegante e indispens\u00e1vel no guarda-roupa masculino.<\/p>\n","protected":false},"excerpt":{"rendered":"<p>O Kit 2 Camisetas B\u00e1sicas foi feito para quem valoriza conforto, versatilidade e estilo em qualquer ocasi\u00e3o. Produzidas com algod\u00e3o macio e modelagem regular, as camisetas oferecem um caimento leve e respir\u00e1vel, ideal para o dia a dia. O conjunto traz as tr\u00eas cores essenciais \u2014 preta, branca e azul-marinho \u2014 que combinam com qualquer look, do casual ao urbano. Perfeitas para usar sozinhas ou sob jaquetas e sobreposi\u00e7\u00f5es. Detalhes do produto: Kit com 2 camisetas (preta e branca) Modelagem regular Tecido leve, macio e respir\u00e1vel Gola careca refor\u00e7ada Ideal para uso di\u00e1rio Composi\u00e7\u00e3o: 100% algod\u00e3o Destaque: um kit pr\u00e1tico, elegante e indispens\u00e1vel no guarda-roupa masculino.<\/p>\n","protected":false},"featured_media":1296,"comment_status":"open","ping_status":"closed","template":"","meta":{"_acf_changed":false},"product_brand":[],"product_cat":[47,52],"product_tag":[],"class_list":{"0":"post-1295","1":"product","2":"type-product","3":"status-publish","4":"has-post-thumbnail","6":"product_cat-kit-camisetas","7":"product_cat-ofertas","8":"pa_tamanho-g","9":"pa_tamanho-gg","10":"pa_tamanho-m","11":"pa_tamanho-p","13":"first","14":"instock","15":"sale","16":"shipping-taxable","17":"purchasable","18":"product-type-variable","19":"rtwpvg-product"},"acf":[],"_links":{"self":[{"href":"https:\/\/app.huazapp.com\/mens\/wp-json\/wp\/v2\/product\/1295","targetHints":{"allow":["GET"]}}],"collection":[{"href":"https:\/\/app.huazapp.com\/mens\/wp-json\/wp\/v2\/product"}],"about":[{"href":"https:\/\/app.huazapp.com\/mens\/wp-json\/wp\/v2\/types\/product"}],"replies":[{"embeddable":true,"href":"https:\/\/app.huazapp.com\/mens\/wp-json\/wp\/v2\/comments?post=1295"}],"wp:featuredmedia":[{"embeddable":true,"href":"https:\/\/app.huazapp.com\/mens\/wp-json\/wp\/v2\/media\/1296"}],"wp:attachment":[{"href":"https:\/\/app.huazapp.com\/mens\/wp-json\/wp\/v2\/media?parent=1295"}],"wp:term":[{"taxonomy":"product_brand","embeddable":true,"href":"https:\/\/app.huazapp.com\/mens\/wp-json\/wp\/v2\/product_brand?post=1295"},{"taxonomy":"product_cat","embeddable":true,"href":"https:\/\/app.huazapp.com\/mens\/wp-json\/wp\/v2\/product_cat?post=1295"},{"taxonomy":"product_tag","embeddable":true,"href":"https:\/\/app.huazapp.com\/mens\/wp-json\/wp\/v2\/product_tag?post=1295"}],"curies":[{"name":"wp","href":"https:\/\/api.w.org\/{rel}","templated":true}]}}