{"id":1720,"date":"2025-11-01T20:39:35","date_gmt":"2025-11-01T23:39:35","guid":{"rendered":"https:\/\/app.huazapp.com\/mens\/?post_type=product&#038;p=1720"},"modified":"2025-11-03T17:10:30","modified_gmt":"2025-11-03T20:10:30","slug":"tenis-huazapp-mens","status":"publish","type":"product","link":"https:\/\/app.huazapp.com\/mens\/produto\/tenis-huazapp-mens\/","title":{"rendered":"T\u00eanis HuAZapp Men&#8217;S"},"content":{"rendered":"<p data-start=\"0\" data-end=\"223\">O <strong>T\u00eanis HuAZapp Men&#8217;S<\/strong>\u00a0foi feito para quem busca estilo e conforto em cada passo. Com design moderno e solado robusto, \u00e9 perfeito para acompanhar o ritmo do dia a dia, seja no trabalho, na cidade ou em momentos de lazer.<\/p>\n<p data-start=\"225\" data-end=\"486\">Seu cabedal em material sint\u00e9tico de alta durabilidade oferece toque suave e resist\u00eancia, enquanto o interior acolchoado garante conforto prolongado. O visual monocrom\u00e1tico em preto traz versatilidade e eleg\u00e2ncia, combinando facilmente com diferentes estilos.<\/p>\n<p data-start=\"488\" data-end=\"514\"><strong data-start=\"488\" data-end=\"512\">Detalhes do produto:<\/strong><\/p>\n<ul data-start=\"515\" data-end=\"736\">\n<li data-start=\"515\" data-end=\"546\">\n<p data-start=\"517\" data-end=\"546\">Design urbano e minimalista<\/p>\n<\/li>\n<li data-start=\"547\" data-end=\"594\">\n<p data-start=\"549\" data-end=\"594\">Solado emborrachado com excelente ader\u00eancia<\/p>\n<\/li>\n<li data-start=\"595\" data-end=\"638\">\n<p data-start=\"597\" data-end=\"638\">Interior acolchoado para maior conforto<\/p>\n<\/li>\n<li data-start=\"639\" data-end=\"674\">\n<p data-start=\"641\" data-end=\"674\">Fechamento em cadar\u00e7o ajust\u00e1vel<\/p>\n<\/li>\n<li data-start=\"675\" data-end=\"721\">\n<p data-start=\"677\" data-end=\"721\">Acabamento premium com costuras refor\u00e7adas<\/p>\n<\/li>\n<li data-start=\"722\" data-end=\"736\">\n<p data-start=\"724\" data-end=\"736\">Cor: Preto<\/p>\n<\/li>\n<\/ul>\n<p data-start=\"738\" data-end=\"846\" data-is-last-node=\"\" data-is-only-node=\"\"><strong data-start=\"738\" data-end=\"751\">Destaque:<\/strong> um t\u00eanis vers\u00e1til, moderno e indispens\u00e1vel para quem quer unir conforto, praticidade e estilo.<\/p>\n","protected":false},"excerpt":{"rendered":"<p>O T\u00eanis HuAZapp Men&#8217;S\u00a0foi feito para quem busca estilo e conforto em cada passo. Com design moderno e solado robusto, \u00e9 perfeito para acompanhar o ritmo do dia a dia, seja no trabalho, na cidade ou em momentos de lazer. Seu cabedal em material sint\u00e9tico de alta durabilidade oferece toque suave e resist\u00eancia, enquanto o interior acolchoado garante conforto prolongado. O visual monocrom\u00e1tico em preto traz versatilidade e eleg\u00e2ncia, combinando facilmente com diferentes estilos. Detalhes do produto: Design urbano e minimalista Solado emborrachado com excelente ader\u00eancia Interior acolchoado para maior conforto Fechamento em cadar\u00e7o ajust\u00e1vel Acabamento premium com costuras refor\u00e7adas Cor: Preto Destaque: um t\u00eanis vers\u00e1til, moderno e indispens\u00e1vel para quem quer unir conforto, praticidade e estilo.<\/p>\n","protected":false},"featured_media":1722,"comment_status":"open","ping_status":"closed","template":"","meta":{"_acf_changed":false},"product_brand":[],"product_cat":[54,55],"product_tag":[],"class_list":{"0":"post-1720","1":"product","2":"type-product","3":"status-publish","4":"has-post-thumbnail","6":"product_cat-calcados","7":"product_cat-tenis","8":"pa_tamanho-35","9":"pa_tamanho-36","10":"pa_tamanho-37","11":"pa_tamanho-38","12":"pa_tamanho-39","13":"pa_tamanho-40","14":"pa_tamanho-41","15":"pa_tamanho-42","17":"first","18":"instock","19":"shipping-taxable","20":"purchasable","21":"product-type-variable","22":"has-default-attributes","23":"rtwpvg-product"},"acf":[],"_links":{"self":[{"href":"https:\/\/app.huazapp.com\/mens\/wp-json\/wp\/v2\/product\/1720","targetHints":{"allow":["GET"]}}],"collection":[{"href":"https:\/\/app.huazapp.com\/mens\/wp-json\/wp\/v2\/product"}],"about":[{"href":"https:\/\/app.huazapp.com\/mens\/wp-json\/wp\/v2\/types\/product"}],"replies":[{"embeddable":true,"href":"https:\/\/app.huazapp.com\/mens\/wp-json\/wp\/v2\/comments?post=1720"}],"wp:featuredmedia":[{"embeddable":true,"href":"https:\/\/app.huazapp.com\/mens\/wp-json\/wp\/v2\/media\/1722"}],"wp:attachment":[{"href":"https:\/\/app.huazapp.com\/mens\/wp-json\/wp\/v2\/media?parent=1720"}],"wp:term":[{"taxonomy":"product_brand","embeddable":true,"href":"https:\/\/app.huazapp.com\/mens\/wp-json\/wp\/v2\/product_brand?post=1720"},{"taxonomy":"product_cat","embeddable":true,"href":"https:\/\/app.huazapp.com\/mens\/wp-json\/wp\/v2\/product_cat?post=1720"},{"taxonomy":"product_tag","embeddable":true,"href":"https:\/\/app.huazapp.com\/mens\/wp-json\/wp\/v2\/product_tag?post=1720"}],"curies":[{"name":"wp","href":"https:\/\/api.w.org\/{rel}","templated":true}]}}