{"id":1831,"date":"2025-11-01T23:24:15","date_gmt":"2025-11-02T02:24:15","guid":{"rendered":"https:\/\/app.huazapp.com\/mens\/?post_type=product&#038;p=1831"},"modified":"2025-11-01T23:58:34","modified_gmt":"2025-11-02T02:58:34","slug":"bota-de-couro-huazapp-hero-mens","status":"publish","type":"product","link":"https:\/\/app.huazapp.com\/mens\/produto\/bota-de-couro-huazapp-hero-mens\/","title":{"rendered":"Bota de Couro HuaZApp Hero Men&#8217;S"},"content":{"rendered":"<p data-start=\"0\" data-end=\"245\">A <strong>Bota de Couro HuaZApp Hero Men&#8217;S<\/strong> foi feita para homens que valorizam resist\u00eancia, conforto e estilo em qualquer ocasi\u00e3o. Produzida em couro leg\u00edtimo de alta qualidade, ela garante durabilidade e um visual robusto que combina com looks casuais e urbanos.<\/p>\n<p data-start=\"247\" data-end=\"493\">Com palmilha macia e solado tratorado de borracha, oferece excelente ader\u00eancia e estabilidade em diferentes superf\u00edcies. O colarinho acolchoado proporciona conforto extra no tornozelo, tornando-a ideal para o dia a dia ou aventuras ao ar livre.<\/p>\n<p data-start=\"495\" data-end=\"521\"><strong data-start=\"495\" data-end=\"519\">Detalhes do produto:<\/strong><\/p>\n<ul data-start=\"522\" data-end=\"727\">\n<li data-start=\"522\" data-end=\"558\">\n<p data-start=\"524\" data-end=\"558\">Material: Couro leg\u00edtimo premium<\/p>\n<\/li>\n<li data-start=\"559\" data-end=\"594\">\n<p data-start=\"561\" data-end=\"594\">Solado tratorado antiderrapante<\/p>\n<\/li>\n<li data-start=\"595\" data-end=\"633\">\n<p data-start=\"597\" data-end=\"633\">Palmilha macia para maior conforto<\/p>\n<\/li>\n<li data-start=\"634\" data-end=\"658\">\n<p data-start=\"636\" data-end=\"658\">Colarinho acolchoado<\/p>\n<\/li>\n<li data-start=\"659\" data-end=\"694\">\n<p data-start=\"661\" data-end=\"694\">Fechamento em cadar\u00e7o refor\u00e7ado<\/p>\n<\/li>\n<li data-start=\"695\" data-end=\"727\">\n<p data-start=\"697\" data-end=\"727\">Acabamento resistente \u00e0 \u00e1gua<\/p>\n<\/li>\n<\/ul>\n<p data-start=\"729\" data-end=\"844\" data-is-last-node=\"\" data-is-only-node=\"\"><strong data-start=\"729\" data-end=\"742\">Destaque:<\/strong> uma bota vers\u00e1til e dur\u00e1vel, feita para quem busca seguran\u00e7a, conforto e autenticidade em cada passo.<\/p>\n","protected":false},"excerpt":{"rendered":"<p>A Bota de Couro HuaZApp Hero Men&#8217;S foi feita para homens que valorizam resist\u00eancia, conforto e estilo em qualquer ocasi\u00e3o. Produzida em couro leg\u00edtimo de alta qualidade, ela garante durabilidade e um visual robusto que combina com looks casuais e urbanos. Com palmilha macia e solado tratorado de borracha, oferece excelente ader\u00eancia e estabilidade em diferentes superf\u00edcies. O colarinho acolchoado proporciona conforto extra no tornozelo, tornando-a ideal para o dia a dia ou aventuras ao ar livre. Detalhes do produto: Material: Couro leg\u00edtimo premium Solado tratorado antiderrapante Palmilha macia para maior conforto Colarinho acolchoado Fechamento em cadar\u00e7o refor\u00e7ado Acabamento resistente \u00e0 \u00e1gua Destaque: uma bota vers\u00e1til e dur\u00e1vel, feita para quem busca seguran\u00e7a, conforto e autenticidade em cada passo.<\/p>\n","protected":false},"featured_media":1835,"comment_status":"open","ping_status":"closed","template":"","meta":{"_acf_changed":false},"product_brand":[],"product_cat":[57],"product_tag":[],"class_list":{"0":"post-1831","1":"product","2":"type-product","3":"status-publish","4":"has-post-thumbnail","6":"product_cat-botas","7":"pa_tamanho-35","8":"pa_tamanho-36","9":"pa_tamanho-37","10":"pa_tamanho-38","11":"pa_tamanho-39","12":"pa_tamanho-40","13":"pa_tamanho-41","14":"pa_tamanho-42","16":"first","17":"instock","18":"shipping-taxable","19":"purchasable","20":"product-type-variable","21":"rtwpvg-product"},"acf":[],"_links":{"self":[{"href":"https:\/\/app.huazapp.com\/mens\/wp-json\/wp\/v2\/product\/1831","targetHints":{"allow":["GET"]}}],"collection":[{"href":"https:\/\/app.huazapp.com\/mens\/wp-json\/wp\/v2\/product"}],"about":[{"href":"https:\/\/app.huazapp.com\/mens\/wp-json\/wp\/v2\/types\/product"}],"replies":[{"embeddable":true,"href":"https:\/\/app.huazapp.com\/mens\/wp-json\/wp\/v2\/comments?post=1831"}],"wp:featuredmedia":[{"embeddable":true,"href":"https:\/\/app.huazapp.com\/mens\/wp-json\/wp\/v2\/media\/1835"}],"wp:attachment":[{"href":"https:\/\/app.huazapp.com\/mens\/wp-json\/wp\/v2\/media?parent=1831"}],"wp:term":[{"taxonomy":"product_brand","embeddable":true,"href":"https:\/\/app.huazapp.com\/mens\/wp-json\/wp\/v2\/product_brand?post=1831"},{"taxonomy":"product_cat","embeddable":true,"href":"https:\/\/app.huazapp.com\/mens\/wp-json\/wp\/v2\/product_cat?post=1831"},{"taxonomy":"product_tag","embeddable":true,"href":"https:\/\/app.huazapp.com\/mens\/wp-json\/wp\/v2\/product_tag?post=1831"}],"curies":[{"name":"wp","href":"https:\/\/api.w.org\/{rel}","templated":true}]}}