{"id":1980,"date":"2025-11-02T10:02:52","date_gmt":"2025-11-02T13:02:52","guid":{"rendered":"https:\/\/app.huazapp.com\/mens\/?post_type=product&#038;p=1980"},"modified":"2025-11-02T10:02:52","modified_gmt":"2025-11-02T13:02:52","slug":"sapato-huazapp-mens-casual","status":"publish","type":"product","link":"https:\/\/app.huazapp.com\/mens\/produto\/sapato-huazapp-mens-casual\/","title":{"rendered":"Sapato HuaZApp Men&#8217;S Casual"},"content":{"rendered":"<p data-start=\"0\" data-end=\"236\">O <strong>Sapato HuaZApp Men&#8217;S Casual <\/strong>foi desenvolvido para quem busca eleg\u00e2ncia e conforto em um \u00fanico cal\u00e7ado. Com design cl\u00e1ssico e acabamento sofisticado, ele \u00e9 ideal para compor looks sociais ou elevar o visual casual com um toque refinado.<\/p>\n<p data-start=\"238\" data-end=\"488\">Produzido em material de alta qualidade, o sapato oferece durabilidade e um excelente ajuste ao p\u00e9. O interior \u00e9 macio e respir\u00e1vel, garantindo conforto durante todo o dia, enquanto o solado emborrachado proporciona firmeza e seguran\u00e7a ao caminhar.<\/p>\n<p data-start=\"490\" data-end=\"516\"><strong data-start=\"490\" data-end=\"514\">Detalhes do produto:<\/strong><\/p>\n<ul data-start=\"517\" data-end=\"766\">\n<li data-start=\"517\" data-end=\"546\">\n<p data-start=\"519\" data-end=\"546\">Design moderno e elegante<\/p>\n<\/li>\n<li data-start=\"547\" data-end=\"599\">\n<p data-start=\"549\" data-end=\"599\">Material sint\u00e9tico premium com acabamento polido<\/p>\n<\/li>\n<li data-start=\"600\" data-end=\"636\">\n<p data-start=\"602\" data-end=\"636\">Palmilha anat\u00f4mica e confort\u00e1vel<\/p>\n<\/li>\n<li data-start=\"637\" data-end=\"675\">\n<p data-start=\"639\" data-end=\"675\">Solado emborrachado antiderrapante<\/p>\n<\/li>\n<li data-start=\"676\" data-end=\"712\">\n<p data-start=\"678\" data-end=\"712\">Fechamento com cadar\u00e7o ajust\u00e1vel<\/p>\n<\/li>\n<li data-start=\"713\" data-end=\"766\">\n<p data-start=\"715\" data-end=\"766\">Ideal para eventos, trabalho e ocasi\u00f5es especiais<\/p>\n<\/li>\n<\/ul>\n<p data-start=\"768\" data-end=\"895\" data-is-last-node=\"\" data-is-only-node=\"\"><strong data-start=\"768\" data-end=\"781\">Destaque:<\/strong> um sapato vers\u00e1til, estiloso e confort\u00e1vel \u2014 perfeito para quem valoriza presen\u00e7a e sofistica\u00e7\u00e3o em cada detalhe.<\/p>\n","protected":false},"excerpt":{"rendered":"<p>O Sapato HuaZApp Men&#8217;S Casual foi desenvolvido para quem busca eleg\u00e2ncia e conforto em um \u00fanico cal\u00e7ado. Com design cl\u00e1ssico e acabamento sofisticado, ele \u00e9 ideal para compor looks sociais ou elevar o visual casual com um toque refinado. Produzido em material de alta qualidade, o sapato oferece durabilidade e um excelente ajuste ao p\u00e9. O interior \u00e9 macio e respir\u00e1vel, garantindo conforto durante todo o dia, enquanto o solado emborrachado proporciona firmeza e seguran\u00e7a ao caminhar. Detalhes do produto: Design moderno e elegante Material sint\u00e9tico premium com acabamento polido Palmilha anat\u00f4mica e confort\u00e1vel Solado emborrachado antiderrapante Fechamento com cadar\u00e7o ajust\u00e1vel Ideal para eventos, trabalho e ocasi\u00f5es especiais Destaque: um sapato vers\u00e1til, estiloso e confort\u00e1vel \u2014 perfeito para quem valoriza presen\u00e7a e sofistica\u00e7\u00e3o em cada detalhe.<\/p>\n","protected":false},"featured_media":1981,"comment_status":"open","ping_status":"closed","template":"","meta":{"_acf_changed":false},"product_brand":[],"product_cat":[56],"product_tag":[],"class_list":{"0":"post-1980","1":"product","2":"type-product","3":"status-publish","4":"has-post-thumbnail","6":"product_cat-sapatos","7":"pa_tamanho-35","8":"pa_tamanho-36","9":"pa_tamanho-37","10":"pa_tamanho-38","11":"pa_tamanho-39","12":"pa_tamanho-40","13":"pa_tamanho-41","14":"pa_tamanho-42","16":"first","17":"instock","18":"shipping-taxable","19":"purchasable","20":"product-type-variable","21":"has-default-attributes","22":"rtwpvg-product"},"acf":[],"_links":{"self":[{"href":"https:\/\/app.huazapp.com\/mens\/wp-json\/wp\/v2\/product\/1980","targetHints":{"allow":["GET"]}}],"collection":[{"href":"https:\/\/app.huazapp.com\/mens\/wp-json\/wp\/v2\/product"}],"about":[{"href":"https:\/\/app.huazapp.com\/mens\/wp-json\/wp\/v2\/types\/product"}],"replies":[{"embeddable":true,"href":"https:\/\/app.huazapp.com\/mens\/wp-json\/wp\/v2\/comments?post=1980"}],"wp:featuredmedia":[{"embeddable":true,"href":"https:\/\/app.huazapp.com\/mens\/wp-json\/wp\/v2\/media\/1981"}],"wp:attachment":[{"href":"https:\/\/app.huazapp.com\/mens\/wp-json\/wp\/v2\/media?parent=1980"}],"wp:term":[{"taxonomy":"product_brand","embeddable":true,"href":"https:\/\/app.huazapp.com\/mens\/wp-json\/wp\/v2\/product_brand?post=1980"},{"taxonomy":"product_cat","embeddable":true,"href":"https:\/\/app.huazapp.com\/mens\/wp-json\/wp\/v2\/product_cat?post=1980"},{"taxonomy":"product_tag","embeddable":true,"href":"https:\/\/app.huazapp.com\/mens\/wp-json\/wp\/v2\/product_tag?post=1980"}],"curies":[{"name":"wp","href":"https:\/\/api.w.org\/{rel}","templated":true}]}}