{"id":2023,"date":"2025-11-02T10:45:38","date_gmt":"2025-11-02T13:45:38","guid":{"rendered":"https:\/\/app.huazapp.com\/mens\/?post_type=product&#038;p=2023"},"modified":"2025-11-05T11:24:39","modified_gmt":"2025-11-05T14:24:39","slug":"perfume-chanel-bleu-de-chanel-eau-de-toilette-masculino-100ml","status":"publish","type":"product","link":"https:\/\/app.huazapp.com\/mens\/produto\/perfume-chanel-bleu-de-chanel-eau-de-toilette-masculino-100ml\/","title":{"rendered":"Perfume Chanel Bleu de Chanel Eau de Toilette Masculino 100ML"},"content":{"rendered":"<p>Sua composi\u00e7\u00e3o revela um esp\u00edrito masculino que decide seu destino com independ\u00eancia e determina\u00e7\u00e3o. Um personagem que \u00e9 afirmado onde menos se espera.<\/p>\n<p>\u00c9 um arom\u00e1tico arborizado que combina o frescor revigorante dos citros e a for\u00e7a de um cord\u00e3o arom\u00e1tico com o sopro lenhoso de notas de cedro seco.<\/p>\n<div class=\"box-title blue padding-bottom-0\">\n<p><strong>DETALHES DO PRODUTO<\/strong><\/p>\n<\/div>\n<div class=\"table-counter\">\n<table class=\"table table-details table-hover table-striped cke_show_border\">\n<tbody>\n<tr>\n<td>Marca<\/td>\n<td>Chanel<\/td>\n<\/tr>\n<tr>\n<td>G\u00eanero<\/td>\n<td>Masculino<\/td>\n<\/tr>\n<tr>\n<td>Classifica\u00e7\u00e3o<\/td>\n<td>Eau de Toilette &#8211; EDT<\/td>\n<\/tr>\n<tr>\n<td>Volume<\/td>\n<td>100ML<\/td>\n<\/tr>\n<tr>\n<td>Fam\u00edlia Olfativa<\/td>\n<td>Amadeirada Arom\u00e1tica<\/td>\n<\/tr>\n<tr>\n<td>Notas de Topo<\/td>\n<td>Lim\u00e3o, Hortel\u00e3, Pimenta Rosa e Toranja<\/td>\n<\/tr>\n<tr>\n<td>Notas de Cora\u00e7\u00e3o<\/td>\n<td>Jasmim, Gengibre e Noz-moscada<\/td>\n<\/tr>\n<tr>\n<td>Notas de Fundo<\/td>\n<td>Alm\u00edscar, L\u00e1dano, S\u00e2ndalo, Incenso, Cedro, Vetiver e Patchouli<\/td>\n<\/tr>\n<\/tbody>\n<\/table>\n<\/div>\n","protected":false},"excerpt":{"rendered":"<p>Sua composi\u00e7\u00e3o revela um esp\u00edrito masculino que decide seu destino com independ\u00eancia e determina\u00e7\u00e3o. Um personagem que \u00e9 afirmado onde menos se espera. \u00c9 um arom\u00e1tico arborizado que combina o frescor revigorante dos citros e a for\u00e7a de um cord\u00e3o arom\u00e1tico com o sopro lenhoso de notas de cedro seco. DETALHES DO PRODUTO Marca Chanel G\u00eanero Masculino Classifica\u00e7\u00e3o Eau de Toilette &#8211; EDT Volume 100ML Fam\u00edlia Olfativa Amadeirada Arom\u00e1tica Notas de Topo Lim\u00e3o, Hortel\u00e3, Pimenta Rosa e Toranja Notas de Cora\u00e7\u00e3o Jasmim, Gengibre e Noz-moscada Notas de Fundo Alm\u00edscar, L\u00e1dano, S\u00e2ndalo, Incenso, Cedro, Vetiver e Patchouli<\/p>\n","protected":false},"featured_media":3007,"comment_status":"open","ping_status":"closed","template":"","meta":{"_acf_changed":false},"product_brand":[],"product_cat":[62],"product_tag":[],"class_list":{"0":"post-2023","1":"product","2":"type-product","3":"status-publish","4":"has-post-thumbnail","6":"product_cat-perfumes","8":"first","9":"instock","10":"shipping-taxable","11":"purchasable","12":"product-type-simple"},"acf":[],"_links":{"self":[{"href":"https:\/\/app.huazapp.com\/mens\/wp-json\/wp\/v2\/product\/2023","targetHints":{"allow":["GET"]}}],"collection":[{"href":"https:\/\/app.huazapp.com\/mens\/wp-json\/wp\/v2\/product"}],"about":[{"href":"https:\/\/app.huazapp.com\/mens\/wp-json\/wp\/v2\/types\/product"}],"replies":[{"embeddable":true,"href":"https:\/\/app.huazapp.com\/mens\/wp-json\/wp\/v2\/comments?post=2023"}],"wp:featuredmedia":[{"embeddable":true,"href":"https:\/\/app.huazapp.com\/mens\/wp-json\/wp\/v2\/media\/3007"}],"wp:attachment":[{"href":"https:\/\/app.huazapp.com\/mens\/wp-json\/wp\/v2\/media?parent=2023"}],"wp:term":[{"taxonomy":"product_brand","embeddable":true,"href":"https:\/\/app.huazapp.com\/mens\/wp-json\/wp\/v2\/product_brand?post=2023"},{"taxonomy":"product_cat","embeddable":true,"href":"https:\/\/app.huazapp.com\/mens\/wp-json\/wp\/v2\/product_cat?post=2023"},{"taxonomy":"product_tag","embeddable":true,"href":"https:\/\/app.huazapp.com\/mens\/wp-json\/wp\/v2\/product_tag?post=2023"}],"curies":[{"name":"wp","href":"https:\/\/api.w.org\/{rel}","templated":true}]}}