{"id":2027,"date":"2025-11-02T11:22:31","date_gmt":"2025-11-02T14:22:31","guid":{"rendered":"https:\/\/app.huazapp.com\/mens\/?post_type=product&#038;p=2027"},"modified":"2025-11-05T11:39:14","modified_gmt":"2025-11-05T14:39:14","slug":"perfume-lattafa-khamrah-eau-de-parfum-unissex-100ml","status":"publish","type":"product","link":"https:\/\/app.huazapp.com\/mens\/produto\/perfume-lattafa-khamrah-eau-de-parfum-unissex-100ml\/","title":{"rendered":"Perfume Lattafa Khamrah Eau de Parfum Unissex 100ML"},"content":{"rendered":"<p>Khamrah da\u00a0Lattafa Perfumes \u00e9 um perfume Arom\u00e1tico Especiado Compartilh\u00e1vel. Esta \u00e9 uma nova fragr\u00e2ncia. Khamrah foi lan\u00e7ada em 2022. As notas de topo s\u00e3o: Canela, Noz-moscada e Bergamota. As notas de cora\u00e7\u00e3o s\u00e3o: T\u00e2maras, Pralin\u00ea, Tuberosa e Mahonial\u00ae. As notas de fundo s\u00e3o: Baunilha, Fava Tonka, Benjoim, Madeira de \u00c2mbar, Mirra e Akigalawood.<\/p>\n<h4><strong>ESPECIFICA\u00c7\u00d5ES<\/strong><\/h4>\n<div class=\"table-counter\">\n<table class=\"table table-details table-hover table-striped cke_show_border\">\n<tbody>\n<tr>\n<td>Marca<\/td>\n<td>Lattafa<\/td>\n<\/tr>\n<tr>\n<td>G\u00eanero<\/td>\n<td>Unissex<\/td>\n<\/tr>\n<tr>\n<td>Classifica\u00e7\u00e3o<\/td>\n<td>Eau de Parfum &#8211; EDP<\/td>\n<\/tr>\n<tr>\n<td>Volume<\/td>\n<td>100ML<\/td>\n<\/tr>\n<tr>\n<td>Fam\u00edlia Olfativa<\/td>\n<td>Arom\u00e1tico Especiado<\/td>\n<\/tr>\n<tr>\n<td>Notas de Topo<\/td>\n<td>Canela, Noz-Moscada e Bergamota<\/td>\n<\/tr>\n<tr>\n<td>Notas de Cora\u00e7\u00e3o<\/td>\n<td>T\u00e2maras, Pralin\u00ea, Tuberosa e Mahonial<\/td>\n<\/tr>\n<tr>\n<td>Notas de Fundo<\/td>\n<td>Baunilha, Fava Tonka, Madeira de \u00c2mbar, Mirra, Benjoim e Akigalawood<\/td>\n<\/tr>\n<\/tbody>\n<\/table>\n<\/div>\n","protected":false},"excerpt":{"rendered":"<p>Khamrah da\u00a0Lattafa Perfumes \u00e9 um perfume Arom\u00e1tico Especiado Compartilh\u00e1vel. Esta \u00e9 uma nova fragr\u00e2ncia. Khamrah foi lan\u00e7ada em 2022. As notas de topo s\u00e3o: Canela, Noz-moscada e Bergamota. As notas de cora\u00e7\u00e3o s\u00e3o: T\u00e2maras, Pralin\u00ea, Tuberosa e Mahonial\u00ae. As notas de fundo s\u00e3o: Baunilha, Fava Tonka, Benjoim, Madeira de \u00c2mbar, Mirra e Akigalawood. ESPECIFICA\u00c7\u00d5ES Marca Lattafa G\u00eanero Unissex Classifica\u00e7\u00e3o Eau de Parfum &#8211; EDP Volume 100ML Fam\u00edlia Olfativa Arom\u00e1tico Especiado Notas de Topo Canela, Noz-Moscada e Bergamota Notas de Cora\u00e7\u00e3o T\u00e2maras, Pralin\u00ea, Tuberosa e Mahonial Notas de Fundo Baunilha, Fava Tonka, Madeira de \u00c2mbar, Mirra, Benjoim e Akigalawood<\/p>\n","protected":false},"featured_media":3010,"comment_status":"open","ping_status":"closed","template":"","meta":{"_acf_changed":false},"product_brand":[],"product_cat":[83,62],"product_tag":[],"class_list":{"0":"post-2027","1":"product","2":"type-product","3":"status-publish","4":"has-post-thumbnail","6":"product_cat-destaques","7":"product_cat-perfumes","9":"first","10":"instock","11":"shipping-taxable","12":"purchasable","13":"product-type-simple"},"acf":[],"_links":{"self":[{"href":"https:\/\/app.huazapp.com\/mens\/wp-json\/wp\/v2\/product\/2027","targetHints":{"allow":["GET"]}}],"collection":[{"href":"https:\/\/app.huazapp.com\/mens\/wp-json\/wp\/v2\/product"}],"about":[{"href":"https:\/\/app.huazapp.com\/mens\/wp-json\/wp\/v2\/types\/product"}],"replies":[{"embeddable":true,"href":"https:\/\/app.huazapp.com\/mens\/wp-json\/wp\/v2\/comments?post=2027"}],"wp:featuredmedia":[{"embeddable":true,"href":"https:\/\/app.huazapp.com\/mens\/wp-json\/wp\/v2\/media\/3010"}],"wp:attachment":[{"href":"https:\/\/app.huazapp.com\/mens\/wp-json\/wp\/v2\/media?parent=2027"}],"wp:term":[{"taxonomy":"product_brand","embeddable":true,"href":"https:\/\/app.huazapp.com\/mens\/wp-json\/wp\/v2\/product_brand?post=2027"},{"taxonomy":"product_cat","embeddable":true,"href":"https:\/\/app.huazapp.com\/mens\/wp-json\/wp\/v2\/product_cat?post=2027"},{"taxonomy":"product_tag","embeddable":true,"href":"https:\/\/app.huazapp.com\/mens\/wp-json\/wp\/v2\/product_tag?post=2027"}],"curies":[{"name":"wp","href":"https:\/\/api.w.org\/{rel}","templated":true}]}}