{"id":2032,"date":"2025-11-02T11:44:51","date_gmt":"2025-11-02T14:44:51","guid":{"rendered":"https:\/\/app.huazapp.com\/mens\/?post_type=product&#038;p=2032"},"modified":"2025-11-05T12:34:28","modified_gmt":"2025-11-05T15:34:28","slug":"perfume-christian-dior-sauvage-eau-de-parfum-masculino-100ml","status":"publish","type":"product","link":"https:\/\/app.huazapp.com\/mens\/produto\/perfume-christian-dior-sauvage-eau-de-parfum-masculino-100ml\/","title":{"rendered":"Perfume Christian Dior Sauvage Eau de Parfum Masculino 100ML"},"content":{"rendered":"<p>Sauvage Eau de Parfum \u00e9 um perfume Dior masculino oriental foug\u00e8re. Inspirado no amanhecer do deserto, em que a noite gelada d\u00e1 lugar ao sol impiedoso, traz forte o contraste entre frescor e voluptuosidade.<\/p>\n<p>O perfume Dior Sauvage Eau de Parfum traduz em aromas a beleza r\u00fastica e sem artif\u00edcios do c\u00e9u azul profundo do deserto, na hora m\u00e1gica que \u00e9 o crep\u00fasculo. Assim, \u00e9 a tradu\u00e7\u00e3o do homem que, assim como os lobos, segue seus instintos primitivos. Misterioso, sua presen\u00e7a \u00e0 meia luz \u00e9 intrigante e sua fragr\u00e2ncia envolve e instiga os sentidos.<\/p>\n<p>Ocasi\u00e3o:<br \/>\n&#8211; Devido ao seu mist\u00e9rio instigante, intensidade viril e frescor nada inocente, \u00e9 um perfume para a noite.<\/p>\n<h4>ESPECIFICA\u00c7\u00d5ES<\/h4>\n<div class=\"table-counter\">\n<table class=\"table table-details table-hover table-striped cke_show_border\">\n<tbody>\n<tr>\n<td>Marca<\/td>\n<td>Christian Dior<\/td>\n<\/tr>\n<tr>\n<td>G\u00eanero<\/td>\n<td>Masculino<\/td>\n<\/tr>\n<tr>\n<td>Classifica\u00e7\u00e3o<\/td>\n<td>Eau de Parfum &#8211; EDP<\/td>\n<\/tr>\n<tr>\n<td>Volume<\/td>\n<td>100ML<\/td>\n<\/tr>\n<tr>\n<td>Fam\u00edlia Olfativa<\/td>\n<td>Oriental Foug\u00e8re<\/td>\n<\/tr>\n<tr>\n<td>Notas de Topo<\/td>\n<td>Bergamota da Cal\u00e1bria<\/td>\n<\/tr>\n<tr>\n<td>Notas de Cora\u00e7\u00e3o<\/td>\n<td>Noz-Moscada da Indon\u00e9sia, Pimenta Sichuan e Pimenta Rosa<\/td>\n<\/tr>\n<tr>\n<td>Notas de Fundo<\/td>\n<td>Ambroxan e Baunilha da Papua-Nova Guin\u00e9<\/td>\n<\/tr>\n<\/tbody>\n<\/table>\n<\/div>\n","protected":false},"excerpt":{"rendered":"<p>Sauvage Eau de Parfum \u00e9 um perfume Dior masculino oriental foug\u00e8re. Inspirado no amanhecer do deserto, em que a noite gelada d\u00e1 lugar ao sol impiedoso, traz forte o contraste entre frescor e voluptuosidade. O perfume Dior Sauvage Eau de Parfum traduz em aromas a beleza r\u00fastica e sem artif\u00edcios do c\u00e9u azul profundo do deserto, na hora m\u00e1gica que \u00e9 o crep\u00fasculo. Assim, \u00e9 a tradu\u00e7\u00e3o do homem que, assim como os lobos, segue seus instintos primitivos. Misterioso, sua presen\u00e7a \u00e0 meia luz \u00e9 intrigante e sua fragr\u00e2ncia envolve e instiga os sentidos. Ocasi\u00e3o: &#8211; Devido ao seu mist\u00e9rio instigante, intensidade viril e frescor nada inocente, \u00e9 um perfume para a noite. ESPECIFICA\u00c7\u00d5ES Marca Christian Dior G\u00eanero Masculino Classifica\u00e7\u00e3o Eau de Parfum &#8211; EDP Volume 100ML Fam\u00edlia Olfativa Oriental Foug\u00e8re Notas de Topo Bergamota da Cal\u00e1bria Notas de Cora\u00e7\u00e3o Noz-Moscada da Indon\u00e9sia, Pimenta Sichuan e Pimenta Rosa Notas de Fundo Ambroxan e Baunilha da Papua-Nova Guin\u00e9<\/p>\n","protected":false},"featured_media":3013,"comment_status":"open","ping_status":"closed","template":"","meta":{"_acf_changed":false},"product_brand":[],"product_cat":[62],"product_tag":[],"class_list":{"0":"post-2032","1":"product","2":"type-product","3":"status-publish","4":"has-post-thumbnail","6":"product_cat-perfumes","8":"first","9":"instock","10":"shipping-taxable","11":"purchasable","12":"product-type-simple"},"acf":[],"_links":{"self":[{"href":"https:\/\/app.huazapp.com\/mens\/wp-json\/wp\/v2\/product\/2032","targetHints":{"allow":["GET"]}}],"collection":[{"href":"https:\/\/app.huazapp.com\/mens\/wp-json\/wp\/v2\/product"}],"about":[{"href":"https:\/\/app.huazapp.com\/mens\/wp-json\/wp\/v2\/types\/product"}],"replies":[{"embeddable":true,"href":"https:\/\/app.huazapp.com\/mens\/wp-json\/wp\/v2\/comments?post=2032"}],"wp:featuredmedia":[{"embeddable":true,"href":"https:\/\/app.huazapp.com\/mens\/wp-json\/wp\/v2\/media\/3013"}],"wp:attachment":[{"href":"https:\/\/app.huazapp.com\/mens\/wp-json\/wp\/v2\/media?parent=2032"}],"wp:term":[{"taxonomy":"product_brand","embeddable":true,"href":"https:\/\/app.huazapp.com\/mens\/wp-json\/wp\/v2\/product_brand?post=2032"},{"taxonomy":"product_cat","embeddable":true,"href":"https:\/\/app.huazapp.com\/mens\/wp-json\/wp\/v2\/product_cat?post=2032"},{"taxonomy":"product_tag","embeddable":true,"href":"https:\/\/app.huazapp.com\/mens\/wp-json\/wp\/v2\/product_tag?post=2032"}],"curies":[{"name":"wp","href":"https:\/\/api.w.org\/{rel}","templated":true}]}}