{"id":2044,"date":"2025-11-02T12:20:04","date_gmt":"2025-11-02T15:20:04","guid":{"rendered":"https:\/\/app.huazapp.com\/mens\/?post_type=product&#038;p=2044"},"modified":"2025-11-05T12:16:06","modified_gmt":"2025-11-05T15:16:06","slug":"perfume-paco-rabanne-invictus-victory-eau-de-parfum-masculino-100ml","status":"publish","type":"product","link":"https:\/\/app.huazapp.com\/mens\/produto\/perfume-paco-rabanne-invictus-victory-eau-de-parfum-masculino-100ml\/","title":{"rendered":"Perfume Paco Rabanne Invictus Victory Eau de Parfum Masculino 100ML"},"content":{"rendered":"<p>Penetrante, poderoso e surpreendente, celebra a masculinidade moderna com eleg\u00e2ncia e sutileza.<\/p>\n<p>A fragr\u00e2ncia de Invictus Victory, de Paco Rabanne, traz a combina\u00e7\u00e3o perfeita entre a refresc\u00e2ncia e a sensualidade. Al\u00e9m de toda a vivacidade do Lim\u00e3o, aqui destacada por um incenso superpoderoso, o aroma conta ainda com o carisma enigm\u00e1tico da Fava Tonka e a intensidade magn\u00e9tica da doce (e irresist\u00edvel) Baunilha. Forte e envolvente, Invictus Victory \u00e9 a pedida perfeita para incrementar o visual de homens verdadeiramente invenc\u00edveis.<\/p>\n<p>Ocasi\u00e3o:<br \/>\n&#8211; A fragr\u00e2ncia ideal para utilizar quando estiver prestes a vencer todos os desafios.<\/p>\n<div class=\"box-title blue padding-bottom-0\">\n<p><strong>DETALHES DO PRODUTO<\/strong><\/p>\n<\/div>\n<div class=\"table-counter\">\n<table class=\"table table-details table-hover table-striped cke_show_border\">\n<tbody>\n<tr>\n<td>Marca<\/td>\n<td>Paco Rabanne<\/td>\n<\/tr>\n<tr>\n<td>G\u00eanero<\/td>\n<td>Masculino<\/td>\n<\/tr>\n<tr>\n<td>Classifica\u00e7\u00e3o<\/td>\n<td>Eau de Parfum &#8211; EDP<\/td>\n<\/tr>\n<tr>\n<td>Volume<\/td>\n<td>100ML<\/td>\n<\/tr>\n<tr>\n<td>Fam\u00edlia Olfativa<\/td>\n<td>Oriental \u00c2mbar<\/td>\n<\/tr>\n<tr>\n<td>Notas de Topo<\/td>\n<td>Lim\u00e3o e Pimenta Rosa<\/td>\n<\/tr>\n<tr>\n<td>Notas de Cora\u00e7\u00e3o<\/td>\n<td>Lavanda e Ol\u00edbano<\/td>\n<\/tr>\n<tr>\n<td>Notas de Fundo<\/td>\n<td>Baunilha, Fava Tonka e \u00c2mbar<\/td>\n<\/tr>\n<\/tbody>\n<\/table>\n<\/div>\n","protected":false},"excerpt":{"rendered":"<p>Penetrante, poderoso e surpreendente, celebra a masculinidade moderna com eleg\u00e2ncia e sutileza. A fragr\u00e2ncia de Invictus Victory, de Paco Rabanne, traz a combina\u00e7\u00e3o perfeita entre a refresc\u00e2ncia e a sensualidade. Al\u00e9m de toda a vivacidade do Lim\u00e3o, aqui destacada por um incenso superpoderoso, o aroma conta ainda com o carisma enigm\u00e1tico da Fava Tonka e a intensidade magn\u00e9tica da doce (e irresist\u00edvel) Baunilha. Forte e envolvente, Invictus Victory \u00e9 a pedida perfeita para incrementar o visual de homens verdadeiramente invenc\u00edveis. Ocasi\u00e3o: &#8211; A fragr\u00e2ncia ideal para utilizar quando estiver prestes a vencer todos os desafios. DETALHES DO PRODUTO Marca Paco Rabanne G\u00eanero Masculino Classifica\u00e7\u00e3o Eau de Parfum &#8211; EDP Volume 100ML Fam\u00edlia Olfativa Oriental \u00c2mbar Notas de Topo Lim\u00e3o e Pimenta Rosa Notas de Cora\u00e7\u00e3o Lavanda e Ol\u00edbano Notas de Fundo Baunilha, Fava Tonka e \u00c2mbar<\/p>\n","protected":false},"featured_media":3020,"comment_status":"open","ping_status":"closed","template":"","meta":{"_acf_changed":false},"product_brand":[],"product_cat":[62],"product_tag":[],"class_list":{"0":"post-2044","1":"product","2":"type-product","3":"status-publish","4":"has-post-thumbnail","6":"product_cat-perfumes","8":"first","9":"instock","10":"shipping-taxable","11":"purchasable","12":"product-type-simple"},"acf":[],"_links":{"self":[{"href":"https:\/\/app.huazapp.com\/mens\/wp-json\/wp\/v2\/product\/2044","targetHints":{"allow":["GET"]}}],"collection":[{"href":"https:\/\/app.huazapp.com\/mens\/wp-json\/wp\/v2\/product"}],"about":[{"href":"https:\/\/app.huazapp.com\/mens\/wp-json\/wp\/v2\/types\/product"}],"replies":[{"embeddable":true,"href":"https:\/\/app.huazapp.com\/mens\/wp-json\/wp\/v2\/comments?post=2044"}],"wp:featuredmedia":[{"embeddable":true,"href":"https:\/\/app.huazapp.com\/mens\/wp-json\/wp\/v2\/media\/3020"}],"wp:attachment":[{"href":"https:\/\/app.huazapp.com\/mens\/wp-json\/wp\/v2\/media?parent=2044"}],"wp:term":[{"taxonomy":"product_brand","embeddable":true,"href":"https:\/\/app.huazapp.com\/mens\/wp-json\/wp\/v2\/product_brand?post=2044"},{"taxonomy":"product_cat","embeddable":true,"href":"https:\/\/app.huazapp.com\/mens\/wp-json\/wp\/v2\/product_cat?post=2044"},{"taxonomy":"product_tag","embeddable":true,"href":"https:\/\/app.huazapp.com\/mens\/wp-json\/wp\/v2\/product_tag?post=2044"}],"curies":[{"name":"wp","href":"https:\/\/api.w.org\/{rel}","templated":true}]}}