{"id":2050,"date":"2025-11-02T12:51:28","date_gmt":"2025-11-02T15:51:28","guid":{"rendered":"https:\/\/app.huazapp.com\/mens\/?post_type=product&#038;p=2050"},"modified":"2025-11-04T21:58:02","modified_gmt":"2025-11-05T00:58:02","slug":"carteira-masculina-couro-slim","status":"publish","type":"product","link":"https:\/\/app.huazapp.com\/mens\/produto\/carteira-masculina-couro-slim\/","title":{"rendered":"Carteira Masculina Couro Slim"},"content":{"rendered":"<p data-start=\"0\" data-end=\"240\">A <strong data-start=\"2\" data-end=\"35\">Carteira Masculina Couro Slim<\/strong> foi criada para homens que valorizam praticidade, eleg\u00e2ncia e organiza\u00e7\u00e3o no dia a dia. Com design minimalista e estrutura fina, ela se encaixa perfeitamente no bolso sem perder espa\u00e7o para o essencial.<\/p>\n<p data-start=\"242\" data-end=\"486\">Produzida em couro leg\u00edtimo de alta qualidade, a carteira oferece durabilidade e um toque sofisticado. Seu interior \u00e9 funcional, com compartimentos bem distribu\u00eddos para cart\u00f5es, documentos e notas, garantindo praticidade em qualquer ocasi\u00e3o.<\/p>\n<p data-start=\"488\" data-end=\"514\"><strong data-start=\"488\" data-end=\"512\">Detalhes do produto:<\/strong><\/p>\n<ul data-start=\"515\" data-end=\"730\">\n<li data-start=\"515\" data-end=\"551\">\n<p data-start=\"517\" data-end=\"551\">Material: Couro leg\u00edtimo premium<\/p>\n<\/li>\n<li data-start=\"552\" data-end=\"577\">\n<p data-start=\"554\" data-end=\"577\">Design slim e moderno<\/p>\n<\/li>\n<li data-start=\"578\" data-end=\"620\">\n<p data-start=\"580\" data-end=\"620\">Compartimentos para cart\u00f5es e dinheiro<\/p>\n<\/li>\n<li data-start=\"621\" data-end=\"670\">\n<p data-start=\"623\" data-end=\"670\">Costura refor\u00e7ada e acabamento de alto padr\u00e3o<\/p>\n<\/li>\n<li data-start=\"671\" data-end=\"715\">\n<p data-start=\"673\" data-end=\"715\">Leve e compacta, ideal para o uso di\u00e1rio<\/p>\n<\/li>\n<li data-start=\"716\" data-end=\"730\">\n<p data-start=\"718\" data-end=\"730\">Cor: Preto<\/p>\n<\/li>\n<\/ul>\n<p data-start=\"732\" data-end=\"859\" data-is-last-node=\"\" data-is-only-node=\"\"><strong data-start=\"732\" data-end=\"745\">Destaque:<\/strong> uma carteira elegante, discreta e funcional \u2014 perfeita para quem busca estilo e efici\u00eancia em um \u00fanico acess\u00f3rio.<\/p>\n","protected":false},"excerpt":{"rendered":"<p>A Carteira Masculina Couro Slim foi criada para homens que valorizam praticidade, eleg\u00e2ncia e organiza\u00e7\u00e3o no dia a dia. Com design minimalista e estrutura fina, ela se encaixa perfeitamente no bolso sem perder espa\u00e7o para o essencial. Produzida em couro leg\u00edtimo de alta qualidade, a carteira oferece durabilidade e um toque sofisticado. Seu interior \u00e9 funcional, com compartimentos bem distribu\u00eddos para cart\u00f5es, documentos e notas, garantindo praticidade em qualquer ocasi\u00e3o. Detalhes do produto: Material: Couro leg\u00edtimo premium Design slim e moderno Compartimentos para cart\u00f5es e dinheiro Costura refor\u00e7ada e acabamento de alto padr\u00e3o Leve e compacta, ideal para o uso di\u00e1rio Cor: Preto Destaque: uma carteira elegante, discreta e funcional \u2014 perfeita para quem busca estilo e efici\u00eancia em um \u00fanico acess\u00f3rio.<\/p>\n","protected":false},"featured_media":2054,"comment_status":"open","ping_status":"closed","template":"","meta":{"_acf_changed":false},"product_brand":[],"product_cat":[68,69,18,92],"product_tag":[],"class_list":{"0":"post-2050","1":"product","2":"type-product","3":"status-publish","4":"has-post-thumbnail","6":"product_cat-acessorios","7":"product_cat-carteiras","8":"product_cat-sem-categoria","9":"product_cat-trending","11":"first","12":"instock","13":"shipping-taxable","14":"purchasable","15":"product-type-simple"},"acf":[],"_links":{"self":[{"href":"https:\/\/app.huazapp.com\/mens\/wp-json\/wp\/v2\/product\/2050","targetHints":{"allow":["GET"]}}],"collection":[{"href":"https:\/\/app.huazapp.com\/mens\/wp-json\/wp\/v2\/product"}],"about":[{"href":"https:\/\/app.huazapp.com\/mens\/wp-json\/wp\/v2\/types\/product"}],"replies":[{"embeddable":true,"href":"https:\/\/app.huazapp.com\/mens\/wp-json\/wp\/v2\/comments?post=2050"}],"wp:featuredmedia":[{"embeddable":true,"href":"https:\/\/app.huazapp.com\/mens\/wp-json\/wp\/v2\/media\/2054"}],"wp:attachment":[{"href":"https:\/\/app.huazapp.com\/mens\/wp-json\/wp\/v2\/media?parent=2050"}],"wp:term":[{"taxonomy":"product_brand","embeddable":true,"href":"https:\/\/app.huazapp.com\/mens\/wp-json\/wp\/v2\/product_brand?post=2050"},{"taxonomy":"product_cat","embeddable":true,"href":"https:\/\/app.huazapp.com\/mens\/wp-json\/wp\/v2\/product_cat?post=2050"},{"taxonomy":"product_tag","embeddable":true,"href":"https:\/\/app.huazapp.com\/mens\/wp-json\/wp\/v2\/product_tag?post=2050"}],"curies":[{"name":"wp","href":"https:\/\/api.w.org\/{rel}","templated":true}]}}