{"id":2060,"date":"2025-11-02T13:17:39","date_gmt":"2025-11-02T16:17:39","guid":{"rendered":"https:\/\/app.huazapp.com\/mens\/?post_type=product&#038;p=2060"},"modified":"2025-11-04T21:57:49","modified_gmt":"2025-11-05T00:57:49","slug":"cinto-couro-dupla-face-aramis-preto","status":"publish","type":"product","link":"https:\/\/app.huazapp.com\/mens\/produto\/cinto-couro-dupla-face-aramis-preto\/","title":{"rendered":"Cinto Couro Dupla Face Aramis Preto"},"content":{"rendered":"<p data-start=\"0\" data-end=\"341\">O <strong data-start=\"2\" data-end=\"41\">Cinto Couro Dupla Face Aramis Preto<\/strong> \u00e9 a combina\u00e7\u00e3o perfeita entre eleg\u00e2ncia e praticidade. Desenvolvido para o homem moderno que valoriza versatilidade, ele possui design sofisticado e funcionalidade dupla-face, permitindo alternar facilmente entre o preto cl\u00e1ssico e o marrom \u2014 ideal para combinar com diferentes estilos e ocasi\u00f5es.<\/p>\n<p data-start=\"343\" data-end=\"534\">Produzido em couro leg\u00edtimo de alta qualidade, o cinto garante resist\u00eancia e acabamento premium. A fivela met\u00e1lica com giro 360\u00ba oferece praticidade no ajuste e um toque refinado ao visual.<\/p>\n<p data-start=\"536\" data-end=\"562\"><strong data-start=\"536\" data-end=\"560\">Detalhes do produto:<\/strong><\/p>\n<ul data-start=\"563\" data-end=\"803\">\n<li data-start=\"563\" data-end=\"612\">\n<p data-start=\"565\" data-end=\"612\">Material: Couro leg\u00edtimo de alta durabilidade<\/p>\n<\/li>\n<li data-start=\"613\" data-end=\"650\">\n<p data-start=\"615\" data-end=\"650\">Modelo dupla-face: preto e marrom<\/p>\n<\/li>\n<li data-start=\"651\" data-end=\"698\">\n<p data-start=\"653\" data-end=\"698\">Fivela met\u00e1lica com sistema de rota\u00e7\u00e3o 360\u00ba<\/p>\n<\/li>\n<li data-start=\"699\" data-end=\"752\">\n<p data-start=\"701\" data-end=\"752\">Largura padr\u00e3o, ideal para cal\u00e7as sociais e jeans<\/p>\n<\/li>\n<li data-start=\"753\" data-end=\"785\">\n<p data-start=\"755\" data-end=\"785\">Acabamento polido e elegante<\/p>\n<\/li>\n<li data-start=\"786\" data-end=\"803\">\n<p data-start=\"788\" data-end=\"803\">Marca: Aramis<\/p>\n<\/li>\n<\/ul>\n<p data-start=\"805\" data-end=\"932\" data-is-last-node=\"\" data-is-only-node=\"\"><strong data-start=\"805\" data-end=\"818\">Destaque:<\/strong> um acess\u00f3rio indispens\u00e1vel para quem busca sofistica\u00e7\u00e3o e versatilidade \u2014 dois cintos em um \u00fanico design premium.<\/p>\n","protected":false},"excerpt":{"rendered":"<p>O Cinto Couro Dupla Face Aramis Preto \u00e9 a combina\u00e7\u00e3o perfeita entre eleg\u00e2ncia e praticidade. Desenvolvido para o homem moderno que valoriza versatilidade, ele possui design sofisticado e funcionalidade dupla-face, permitindo alternar facilmente entre o preto cl\u00e1ssico e o marrom \u2014 ideal para combinar com diferentes estilos e ocasi\u00f5es. Produzido em couro leg\u00edtimo de alta qualidade, o cinto garante resist\u00eancia e acabamento premium. A fivela met\u00e1lica com giro 360\u00ba oferece praticidade no ajuste e um toque refinado ao visual. Detalhes do produto: Material: Couro leg\u00edtimo de alta durabilidade Modelo dupla-face: preto e marrom Fivela met\u00e1lica com sistema de rota\u00e7\u00e3o 360\u00ba Largura padr\u00e3o, ideal para cal\u00e7as sociais e jeans Acabamento polido e elegante Marca: Aramis Destaque: um acess\u00f3rio indispens\u00e1vel para quem busca sofistica\u00e7\u00e3o e versatilidade \u2014 dois cintos em um \u00fanico design premium.<\/p>\n","protected":false},"featured_media":2061,"comment_status":"open","ping_status":"closed","template":"","meta":{"_acf_changed":false},"product_brand":[],"product_cat":[68,71,92],"product_tag":[],"class_list":{"0":"post-2060","1":"product","2":"type-product","3":"status-publish","4":"has-post-thumbnail","6":"product_cat-acessorios","7":"product_cat-cintos","8":"product_cat-trending","10":"first","11":"instock","12":"shipping-taxable","13":"purchasable","14":"product-type-simple"},"acf":[],"_links":{"self":[{"href":"https:\/\/app.huazapp.com\/mens\/wp-json\/wp\/v2\/product\/2060","targetHints":{"allow":["GET"]}}],"collection":[{"href":"https:\/\/app.huazapp.com\/mens\/wp-json\/wp\/v2\/product"}],"about":[{"href":"https:\/\/app.huazapp.com\/mens\/wp-json\/wp\/v2\/types\/product"}],"replies":[{"embeddable":true,"href":"https:\/\/app.huazapp.com\/mens\/wp-json\/wp\/v2\/comments?post=2060"}],"wp:featuredmedia":[{"embeddable":true,"href":"https:\/\/app.huazapp.com\/mens\/wp-json\/wp\/v2\/media\/2061"}],"wp:attachment":[{"href":"https:\/\/app.huazapp.com\/mens\/wp-json\/wp\/v2\/media?parent=2060"}],"wp:term":[{"taxonomy":"product_brand","embeddable":true,"href":"https:\/\/app.huazapp.com\/mens\/wp-json\/wp\/v2\/product_brand?post=2060"},{"taxonomy":"product_cat","embeddable":true,"href":"https:\/\/app.huazapp.com\/mens\/wp-json\/wp\/v2\/product_cat?post=2060"},{"taxonomy":"product_tag","embeddable":true,"href":"https:\/\/app.huazapp.com\/mens\/wp-json\/wp\/v2\/product_tag?post=2060"}],"curies":[{"name":"wp","href":"https:\/\/api.w.org\/{rel}","templated":true}]}}