{"id":2065,"date":"2025-11-02T13:40:50","date_gmt":"2025-11-02T16:40:50","guid":{"rendered":"https:\/\/app.huazapp.com\/mens\/?post_type=product&#038;p=2065"},"modified":"2025-11-04T21:51:06","modified_gmt":"2025-11-05T00:51:06","slug":"mochila-executiva-mens","status":"publish","type":"product","link":"https:\/\/app.huazapp.com\/mens\/produto\/mochila-executiva-mens\/","title":{"rendered":"Mochila Executiva Men&#8217;S"},"content":{"rendered":"<p data-start=\"0\" data-end=\"288\">A <strong data-start=\"2\" data-end=\"29\">Mochila Executiva Men\u2019s<\/strong> foi desenvolvida para quem busca eleg\u00e2ncia, praticidade e seguran\u00e7a no dia a dia. Seu design moderno e minimalista combina perfeitamente com ambientes corporativos, viagens de neg\u00f3cios e o uso urbano, garantindo estilo e funcionalidade em qualquer ocasi\u00e3o.<\/p>\n<p data-start=\"290\" data-end=\"556\">Com estrutura refor\u00e7ada e compartimentos inteligentes, a mochila oferece amplo espa\u00e7o interno para notebook, tablet, documentos e acess\u00f3rios, mantendo tudo bem organizado. Produzida em material resistente \u00e0 \u00e1gua, garante durabilidade e prote\u00e7\u00e3o aos seus pertences.<\/p>\n<p data-start=\"558\" data-end=\"584\"><strong data-start=\"558\" data-end=\"582\">Detalhes do produto:<\/strong><\/p>\n<ul data-start=\"585\" data-end=\"826\">\n<li data-start=\"585\" data-end=\"634\">\n<p data-start=\"587\" data-end=\"634\">Material: Poli\u00e9ster premium resistente \u00e0 \u00e1gua<\/p>\n<\/li>\n<li data-start=\"635\" data-end=\"687\">\n<p data-start=\"637\" data-end=\"687\">Compartimento acolchoado para notebook at\u00e9 15,6\u201d<\/p>\n<\/li>\n<li data-start=\"688\" data-end=\"722\">\n<p data-start=\"690\" data-end=\"722\">Bolso frontal de acesso r\u00e1pido<\/p>\n<\/li>\n<li data-start=\"723\" data-end=\"777\">\n<p data-start=\"725\" data-end=\"777\">Al\u00e7as ajust\u00e1veis e acolchoadas para maior conforto<\/p>\n<\/li>\n<li data-start=\"778\" data-end=\"811\">\n<p data-start=\"780\" data-end=\"811\">Design ergon\u00f4mico e refor\u00e7ado<\/p>\n<\/li>\n<li data-start=\"812\" data-end=\"826\">\n<p data-start=\"814\" data-end=\"826\">Cor: Preto<\/p>\n<\/li>\n<\/ul>\n<p data-start=\"828\" data-end=\"947\" data-is-last-node=\"\" data-is-only-node=\"\"><strong data-start=\"828\" data-end=\"841\">Destaque:<\/strong> a combina\u00e7\u00e3o perfeita entre sofistica\u00e7\u00e3o e praticidade \u2014 ideal para quem leva o estilo executivo a s\u00e9rio.<\/p>\n","protected":false},"excerpt":{"rendered":"<p>A Mochila Executiva Men\u2019s foi desenvolvida para quem busca eleg\u00e2ncia, praticidade e seguran\u00e7a no dia a dia. Seu design moderno e minimalista combina perfeitamente com ambientes corporativos, viagens de neg\u00f3cios e o uso urbano, garantindo estilo e funcionalidade em qualquer ocasi\u00e3o. Com estrutura refor\u00e7ada e compartimentos inteligentes, a mochila oferece amplo espa\u00e7o interno para notebook, tablet, documentos e acess\u00f3rios, mantendo tudo bem organizado. Produzida em material resistente \u00e0 \u00e1gua, garante durabilidade e prote\u00e7\u00e3o aos seus pertences. Detalhes do produto: Material: Poli\u00e9ster premium resistente \u00e0 \u00e1gua Compartimento acolchoado para notebook at\u00e9 15,6\u201d Bolso frontal de acesso r\u00e1pido Al\u00e7as ajust\u00e1veis e acolchoadas para maior conforto Design ergon\u00f4mico e refor\u00e7ado Cor: Preto Destaque: a combina\u00e7\u00e3o perfeita entre sofistica\u00e7\u00e3o e praticidade \u2014 ideal para quem leva o estilo executivo a s\u00e9rio.<\/p>\n","protected":false},"featured_media":2066,"comment_status":"open","ping_status":"closed","template":"","meta":{"_acf_changed":false},"product_brand":[],"product_cat":[68,72,92],"product_tag":[],"class_list":{"0":"post-2065","1":"product","2":"type-product","3":"status-publish","4":"has-post-thumbnail","6":"product_cat-acessorios","7":"product_cat-mochilas","8":"product_cat-trending","10":"first","11":"instock","12":"shipping-taxable","13":"purchasable","14":"product-type-simple"},"acf":[],"_links":{"self":[{"href":"https:\/\/app.huazapp.com\/mens\/wp-json\/wp\/v2\/product\/2065","targetHints":{"allow":["GET"]}}],"collection":[{"href":"https:\/\/app.huazapp.com\/mens\/wp-json\/wp\/v2\/product"}],"about":[{"href":"https:\/\/app.huazapp.com\/mens\/wp-json\/wp\/v2\/types\/product"}],"replies":[{"embeddable":true,"href":"https:\/\/app.huazapp.com\/mens\/wp-json\/wp\/v2\/comments?post=2065"}],"wp:featuredmedia":[{"embeddable":true,"href":"https:\/\/app.huazapp.com\/mens\/wp-json\/wp\/v2\/media\/2066"}],"wp:attachment":[{"href":"https:\/\/app.huazapp.com\/mens\/wp-json\/wp\/v2\/media?parent=2065"}],"wp:term":[{"taxonomy":"product_brand","embeddable":true,"href":"https:\/\/app.huazapp.com\/mens\/wp-json\/wp\/v2\/product_brand?post=2065"},{"taxonomy":"product_cat","embeddable":true,"href":"https:\/\/app.huazapp.com\/mens\/wp-json\/wp\/v2\/product_cat?post=2065"},{"taxonomy":"product_tag","embeddable":true,"href":"https:\/\/app.huazapp.com\/mens\/wp-json\/wp\/v2\/product_tag?post=2065"}],"curies":[{"name":"wp","href":"https:\/\/api.w.org\/{rel}","templated":true}]}}