{"id":2070,"date":"2025-11-02T13:49:23","date_gmt":"2025-11-02T16:49:23","guid":{"rendered":"https:\/\/app.huazapp.com\/mens\/?post_type=product&#038;p=2070"},"modified":"2025-11-04T21:57:22","modified_gmt":"2025-11-05T00:57:22","slug":"necessaire-masculina-grande","status":"publish","type":"product","link":"https:\/\/app.huazapp.com\/mens\/produto\/necessaire-masculina-grande\/","title":{"rendered":"Necessaire Masculina Grande"},"content":{"rendered":"<article class=\"text-token-text-primary w-full focus:outline-none [--shadow-height:45px] has-data-writing-block:pointer-events-none has-data-writing-block:-mt-(--shadow-height) has-data-writing-block:pt-(--shadow-height) [&amp;:has([data-writing-block])&gt;*]:pointer-events-auto [content-visibility:auto] supports-[content-visibility:auto]:[contain-intrinsic-size:auto_100lvh] scroll-mt-[calc(var(--header-height)+min(200px,max(70px,20svh)))]\" dir=\"auto\" tabindex=\"-1\" data-turn-id=\"request-68ffc836-7dbc-832c-82f9-2b235b240e54-5\" data-testid=\"conversation-turn-206\" data-scroll-anchor=\"true\" data-turn=\"assistant\">\n<div class=\"text-base my-auto mx-auto pb-10 [--thread-content-margin:--spacing(4)] thread-sm:[--thread-content-margin:--spacing(6)] thread-lg:[--thread-content-margin:--spacing(16)] px-(--thread-content-margin)\">\n<div class=\"[--thread-content-max-width:40rem] thread-lg:[--thread-content-max-width:48rem] mx-auto max-w-(--thread-content-max-width) flex-1 group\/turn-messages focus-visible:outline-hidden relative flex w-full min-w-0 flex-col agent-turn\" tabindex=\"-1\">\n<div class=\"flex max-w-full flex-col grow\">\n<div class=\"min-h-8 text-message relative flex w-full flex-col items-end gap-2 text-start break-words whitespace-normal [.text-message+&amp;]:mt-1\" dir=\"auto\" data-message-author-role=\"assistant\" data-message-id=\"f5dcee75-1dd0-45b2-ae69-8e720264afd3\" data-message-model-slug=\"gpt-5\">\n<div class=\"flex w-full flex-col gap-1 empty:hidden first:pt-[1px]\">\n<div class=\"markdown prose dark:prose-invert w-full break-words dark markdown-new-styling\">\n<p data-start=\"0\" data-end=\"278\">A <strong data-start=\"2\" data-end=\"33\">Necessaire Masculina Grande<\/strong> \u00e9 o acess\u00f3rio ideal para quem busca praticidade e organiza\u00e7\u00e3o no dia a dia ou em viagens. Com design elegante e acabamento sofisticado, ela foi desenvolvida para manter seus itens de higiene e cuidados pessoais sempre \u00e0 m\u00e3o, com muito estilo.<\/p>\n<p data-start=\"280\" data-end=\"499\">Seu interior espa\u00e7oso e compartimentos bem distribu\u00eddos permitem armazenar produtos de forma segura e funcional. Fabricada em material resistente e de f\u00e1cil limpeza, garante durabilidade e prote\u00e7\u00e3o aos seus pertences.<\/p>\n<p data-start=\"501\" data-end=\"527\"><strong data-start=\"501\" data-end=\"525\">Detalhes do produto:<\/strong><\/p>\n<ul data-start=\"528\" data-end=\"791\">\n<li data-start=\"528\" data-end=\"579\">\n<p data-start=\"530\" data-end=\"579\">Material externo: Sint\u00e9tico de alta resist\u00eancia<\/p>\n<\/li>\n<li data-start=\"580\" data-end=\"623\">\n<p data-start=\"582\" data-end=\"623\">Forro interno com divis\u00f3rias funcionais<\/p>\n<\/li>\n<li data-start=\"624\" data-end=\"663\">\n<p data-start=\"626\" data-end=\"663\">Fechamento em z\u00edper duplo refor\u00e7ado<\/p>\n<\/li>\n<li data-start=\"664\" data-end=\"704\">\n<p data-start=\"666\" data-end=\"704\">Al\u00e7a lateral para transporte pr\u00e1tico<\/p>\n<\/li>\n<li data-start=\"705\" data-end=\"744\">\n<p data-start=\"707\" data-end=\"744\">Design moderno e acabamento premium<\/p>\n<\/li>\n<li data-start=\"745\" data-end=\"791\">\n<p data-start=\"747\" data-end=\"791\">Ideal para viagens, academia ou uso di\u00e1rio<\/p>\n<\/li>\n<\/ul>\n<p data-start=\"793\" data-end=\"929\" data-is-last-node=\"\" data-is-only-node=\"\"><strong data-start=\"793\" data-end=\"806\">Destaque:<\/strong> perfeita uni\u00e3o entre eleg\u00e2ncia e funcionalidade \u2014 indispens\u00e1vel para o homem moderno que valoriza organiza\u00e7\u00e3o e bom gosto.<\/p>\n<\/div>\n<\/div>\n<\/div>\n<\/div>\n<\/div>\n<\/div>\n<\/article>\n","protected":false},"excerpt":{"rendered":"<p>A Necessaire Masculina Grande \u00e9 o acess\u00f3rio ideal para quem busca praticidade e organiza\u00e7\u00e3o no dia a dia ou em viagens. Com design elegante e acabamento sofisticado, ela foi desenvolvida para manter seus itens de higiene e cuidados pessoais sempre \u00e0 m\u00e3o, com muito estilo. Seu interior espa\u00e7oso e compartimentos bem distribu\u00eddos permitem armazenar produtos de forma segura e funcional. Fabricada em material resistente e de f\u00e1cil limpeza, garante durabilidade e prote\u00e7\u00e3o aos seus pertences. Detalhes do produto: Material externo: Sint\u00e9tico de alta resist\u00eancia Forro interno com divis\u00f3rias funcionais Fechamento em z\u00edper duplo refor\u00e7ado Al\u00e7a lateral para transporte pr\u00e1tico Design moderno e acabamento premium Ideal para viagens, academia ou uso di\u00e1rio Destaque: perfeita uni\u00e3o entre eleg\u00e2ncia e funcionalidade \u2014 indispens\u00e1vel para o homem moderno que valoriza organiza\u00e7\u00e3o e bom gosto.<\/p>\n","protected":false},"featured_media":2071,"comment_status":"open","ping_status":"closed","template":"","meta":{"_acf_changed":false},"product_brand":[],"product_cat":[68,73,92],"product_tag":[],"class_list":{"0":"post-2070","1":"product","2":"type-product","3":"status-publish","4":"has-post-thumbnail","6":"product_cat-acessorios","7":"product_cat-necessaire","8":"product_cat-trending","10":"first","11":"instock","12":"shipping-taxable","13":"purchasable","14":"product-type-simple"},"acf":[],"_links":{"self":[{"href":"https:\/\/app.huazapp.com\/mens\/wp-json\/wp\/v2\/product\/2070","targetHints":{"allow":["GET"]}}],"collection":[{"href":"https:\/\/app.huazapp.com\/mens\/wp-json\/wp\/v2\/product"}],"about":[{"href":"https:\/\/app.huazapp.com\/mens\/wp-json\/wp\/v2\/types\/product"}],"replies":[{"embeddable":true,"href":"https:\/\/app.huazapp.com\/mens\/wp-json\/wp\/v2\/comments?post=2070"}],"wp:featuredmedia":[{"embeddable":true,"href":"https:\/\/app.huazapp.com\/mens\/wp-json\/wp\/v2\/media\/2071"}],"wp:attachment":[{"href":"https:\/\/app.huazapp.com\/mens\/wp-json\/wp\/v2\/media?parent=2070"}],"wp:term":[{"taxonomy":"product_brand","embeddable":true,"href":"https:\/\/app.huazapp.com\/mens\/wp-json\/wp\/v2\/product_brand?post=2070"},{"taxonomy":"product_cat","embeddable":true,"href":"https:\/\/app.huazapp.com\/mens\/wp-json\/wp\/v2\/product_cat?post=2070"},{"taxonomy":"product_tag","embeddable":true,"href":"https:\/\/app.huazapp.com\/mens\/wp-json\/wp\/v2\/product_tag?post=2070"}],"curies":[{"name":"wp","href":"https:\/\/api.w.org\/{rel}","templated":true}]}}