{"id":2111,"date":"2025-11-02T15:51:28","date_gmt":"2025-11-02T18:51:28","guid":{"rendered":"https:\/\/app.huazapp.com\/mens\/?post_type=product&#038;p=2111"},"modified":"2025-11-04T21:47:10","modified_gmt":"2025-11-05T00:47:10","slug":"kit-tenis-urban-mochila-mochila-executiva-ray-ban-justin","status":"publish","type":"product","link":"https:\/\/app.huazapp.com\/mens\/produto\/kit-tenis-urban-mochila-mochila-executiva-ray-ban-justin\/","title":{"rendered":"Kit T\u00eanis Urban + Mochila Mochila Executiva + Ray-Ban Justin"},"content":{"rendered":"<p data-start=\"58\" data-end=\"324\">O Kit T\u00eanis Urban + Mochila Executiva + Ray-Ban Justin foi pensado para homens que vivem o dia a dia com estilo, conforto e praticidade.<br data-start=\"194\" data-end=\"197\" \/>Combina o visual moderno do t\u00eanis Urban com a funcionalidade da mochila executiva e o design ic\u00f4nico dos \u00f3culos Ray-Ban Justin.<\/p>\n<p data-start=\"326\" data-end=\"490\">Ideal para quem busca um look urbano e vers\u00e1til, esse conjunto \u00e9 perfeito para o trabalho, viagens ou momentos de lazer, unindo eleg\u00e2ncia e atitude em cada detalhe.<\/p>\n<p data-start=\"492\" data-end=\"516\"><strong data-start=\"492\" data-end=\"516\">Detalhes do produto:<\/strong><\/p>\n<ul data-start=\"517\" data-end=\"817\">\n<li data-start=\"517\" data-end=\"592\">\n<p data-start=\"519\" data-end=\"592\">Kit com 3 pe\u00e7as: t\u00eanis Urban, mochila executiva e \u00f3culos Ray-Ban Justin<\/p>\n<\/li>\n<li data-start=\"593\" data-end=\"646\">\n<p data-start=\"595\" data-end=\"646\">T\u00eanis leve e confort\u00e1vel, ideal para o uso di\u00e1rio<\/p>\n<\/li>\n<li data-start=\"647\" data-end=\"711\">\n<p data-start=\"649\" data-end=\"711\">Mochila com compartimentos espa\u00e7osos e acabamento resistente<\/p>\n<\/li>\n<li data-start=\"712\" data-end=\"778\">\n<p data-start=\"714\" data-end=\"778\">\u00d3culos Ray-Ban Justin com lentes polarizadas e design cl\u00e1ssico<\/p>\n<\/li>\n<li data-start=\"779\" data-end=\"817\">\n<p data-start=\"781\" data-end=\"817\">Estilo contempor\u00e2neo e sofisticado<\/p>\n<\/li>\n<\/ul>\n<p data-start=\"819\" data-end=\"932\" data-is-last-node=\"\" data-is-only-node=\"\"><strong data-start=\"819\" data-end=\"832\">Destaque:<\/strong> um kit completo para quem valoriza autenticidade, conforto e presen\u00e7a marcante em qualquer ocasi\u00e3o.<\/p>\n","protected":false},"excerpt":{"rendered":"<p>O Kit T\u00eanis Urban + Mochila Executiva + Ray-Ban Justin foi pensado para homens que vivem o dia a dia com estilo, conforto e praticidade.Combina o visual moderno do t\u00eanis Urban com a funcionalidade da mochila executiva e o design ic\u00f4nico dos \u00f3culos Ray-Ban Justin. Ideal para quem busca um look urbano e vers\u00e1til, esse conjunto \u00e9 perfeito para o trabalho, viagens ou momentos de lazer, unindo eleg\u00e2ncia e atitude em cada detalhe. Detalhes do produto: Kit com 3 pe\u00e7as: t\u00eanis Urban, mochila executiva e \u00f3culos Ray-Ban Justin T\u00eanis leve e confort\u00e1vel, ideal para o uso di\u00e1rio Mochila com compartimentos espa\u00e7osos e acabamento resistente \u00d3culos Ray-Ban Justin com lentes polarizadas e design cl\u00e1ssico Estilo contempor\u00e2neo e sofisticado Destaque: um kit completo para quem valoriza autenticidade, conforto e presen\u00e7a marcante em qualquer ocasi\u00e3o.<\/p>\n","protected":false},"featured_media":2112,"comment_status":"open","ping_status":"closed","template":"","meta":{"_acf_changed":false},"product_brand":[],"product_cat":[74,51],"product_tag":[],"class_list":{"0":"post-2111","1":"product","2":"type-product","3":"status-publish","4":"has-post-thumbnail","6":"product_cat-kit-pegada","7":"product_cat-mais-vendidos","9":"first","10":"instock","11":"shipping-taxable","12":"purchasable","13":"product-type-simple"},"acf":[],"_links":{"self":[{"href":"https:\/\/app.huazapp.com\/mens\/wp-json\/wp\/v2\/product\/2111","targetHints":{"allow":["GET"]}}],"collection":[{"href":"https:\/\/app.huazapp.com\/mens\/wp-json\/wp\/v2\/product"}],"about":[{"href":"https:\/\/app.huazapp.com\/mens\/wp-json\/wp\/v2\/types\/product"}],"replies":[{"embeddable":true,"href":"https:\/\/app.huazapp.com\/mens\/wp-json\/wp\/v2\/comments?post=2111"}],"wp:featuredmedia":[{"embeddable":true,"href":"https:\/\/app.huazapp.com\/mens\/wp-json\/wp\/v2\/media\/2112"}],"wp:attachment":[{"href":"https:\/\/app.huazapp.com\/mens\/wp-json\/wp\/v2\/media?parent=2111"}],"wp:term":[{"taxonomy":"product_brand","embeddable":true,"href":"https:\/\/app.huazapp.com\/mens\/wp-json\/wp\/v2\/product_brand?post=2111"},{"taxonomy":"product_cat","embeddable":true,"href":"https:\/\/app.huazapp.com\/mens\/wp-json\/wp\/v2\/product_cat?post=2111"},{"taxonomy":"product_tag","embeddable":true,"href":"https:\/\/app.huazapp.com\/mens\/wp-json\/wp\/v2\/product_tag?post=2111"}],"curies":[{"name":"wp","href":"https:\/\/api.w.org\/{rel}","templated":true}]}}