{"id":2114,"date":"2025-11-02T16:02:38","date_gmt":"2025-11-02T19:02:38","guid":{"rendered":"https:\/\/app.huazapp.com\/mens\/?post_type=product&#038;p=2114"},"modified":"2025-11-02T16:02:38","modified_gmt":"2025-11-02T19:02:38","slug":"kit-sapato-huazapp-mens-brown-cinto-couro-dupla-face-aramis-preto","status":"publish","type":"product","link":"https:\/\/app.huazapp.com\/mens\/produto\/kit-sapato-huazapp-mens-brown-cinto-couro-dupla-face-aramis-preto\/","title":{"rendered":"Kit Sapato HuaZApp Men\u2019S Brown +Cinto Couro Dupla Face Aramis Preto"},"content":{"rendered":"<p data-start=\"74\" data-end=\"367\">O Kit Sapato HuaZApp Men\u2019s Brown + Cinto Couro Dupla Face Aramis Preto foi desenvolvido para o homem moderno que busca eleg\u00e2ncia, conforto e praticidade em um s\u00f3 conjunto.<br data-start=\"245\" data-end=\"248\" \/>Com design contempor\u00e2neo e acabamento de alto padr\u00e3o, o combo \u00e9 ideal para compor looks sociais e casuais sofisticados.<\/p>\n<p data-start=\"369\" data-end=\"649\">O sapato HuaZApp Men\u2019s Brown traz um toque de estilo e conforto com seu solado leve e macio, perfeito para o dia a dia ou eventos especiais.<br data-start=\"509\" data-end=\"512\" \/>O cinto de couro dupla face da Aramis complementa o visual com versatilidade, permitindo uso em tons preto ou marrom, conforme a ocasi\u00e3o.<\/p>\n<p data-start=\"651\" data-end=\"677\"><strong data-start=\"651\" data-end=\"675\">Detalhes do produto:<\/strong><\/p>\n<ul data-start=\"678\" data-end=\"974\">\n<li data-start=\"678\" data-end=\"740\">\n<p data-start=\"680\" data-end=\"740\">Kit com 2 pe\u00e7as: sapato social e cinto de couro dupla face<\/p>\n<\/li>\n<li data-start=\"741\" data-end=\"795\">\n<p data-start=\"743\" data-end=\"795\">Sapato com acabamento premium e solado confort\u00e1vel<\/p>\n<\/li>\n<li data-start=\"796\" data-end=\"846\">\n<p data-start=\"798\" data-end=\"846\">Cinto revers\u00edvel: um lado preto e outro marrom<\/p>\n<\/li>\n<li data-start=\"847\" data-end=\"885\">\n<p data-start=\"849\" data-end=\"885\">Fivela met\u00e1lica com design moderno<\/p>\n<\/li>\n<li data-start=\"886\" data-end=\"948\">\n<p data-start=\"888\" data-end=\"948\">Ideal para eventos formais, trabalho e uso casual elegante<\/p>\n<\/li>\n<li data-start=\"949\" data-end=\"974\">\n<p data-start=\"951\" data-end=\"974\">Cor do sapato: Marrom<\/p>\n<\/li>\n<\/ul>\n<p data-start=\"976\" data-end=\"1102\" data-is-last-node=\"\" data-is-only-node=\"\"><strong data-start=\"976\" data-end=\"989\">Destaque:<\/strong> um kit vers\u00e1til e sofisticado que une design, conforto e praticidade para elevar seu estilo em qualquer ocasi\u00e3o.<\/p>\n","protected":false},"excerpt":{"rendered":"<p>O Kit Sapato HuaZApp Men\u2019s Brown + Cinto Couro Dupla Face Aramis Preto foi desenvolvido para o homem moderno que busca eleg\u00e2ncia, conforto e praticidade em um s\u00f3 conjunto.Com design contempor\u00e2neo e acabamento de alto padr\u00e3o, o combo \u00e9 ideal para compor looks sociais e casuais sofisticados. O sapato HuaZApp Men\u2019s Brown traz um toque de estilo e conforto com seu solado leve e macio, perfeito para o dia a dia ou eventos especiais.O cinto de couro dupla face da Aramis complementa o visual com versatilidade, permitindo uso em tons preto ou marrom, conforme a ocasi\u00e3o. Detalhes do produto: Kit com 2 pe\u00e7as: sapato social e cinto de couro dupla face Sapato com acabamento premium e solado confort\u00e1vel Cinto revers\u00edvel: um lado preto e outro marrom Fivela met\u00e1lica com design moderno Ideal para eventos formais, trabalho e uso casual elegante Cor do sapato: Marrom Destaque: um kit vers\u00e1til e sofisticado que une design, conforto e praticidade para elevar seu estilo em qualquer ocasi\u00e3o.<\/p>\n","protected":false},"featured_media":2115,"comment_status":"open","ping_status":"closed","template":"","meta":{"_acf_changed":false},"product_brand":[],"product_cat":[74],"product_tag":[],"class_list":{"0":"post-2114","1":"product","2":"type-product","3":"status-publish","4":"has-post-thumbnail","6":"product_cat-kit-pegada","8":"first","9":"instock","10":"shipping-taxable","11":"purchasable","12":"product-type-simple"},"acf":[],"_links":{"self":[{"href":"https:\/\/app.huazapp.com\/mens\/wp-json\/wp\/v2\/product\/2114","targetHints":{"allow":["GET"]}}],"collection":[{"href":"https:\/\/app.huazapp.com\/mens\/wp-json\/wp\/v2\/product"}],"about":[{"href":"https:\/\/app.huazapp.com\/mens\/wp-json\/wp\/v2\/types\/product"}],"replies":[{"embeddable":true,"href":"https:\/\/app.huazapp.com\/mens\/wp-json\/wp\/v2\/comments?post=2114"}],"wp:featuredmedia":[{"embeddable":true,"href":"https:\/\/app.huazapp.com\/mens\/wp-json\/wp\/v2\/media\/2115"}],"wp:attachment":[{"href":"https:\/\/app.huazapp.com\/mens\/wp-json\/wp\/v2\/media?parent=2114"}],"wp:term":[{"taxonomy":"product_brand","embeddable":true,"href":"https:\/\/app.huazapp.com\/mens\/wp-json\/wp\/v2\/product_brand?post=2114"},{"taxonomy":"product_cat","embeddable":true,"href":"https:\/\/app.huazapp.com\/mens\/wp-json\/wp\/v2\/product_cat?post=2114"},{"taxonomy":"product_tag","embeddable":true,"href":"https:\/\/app.huazapp.com\/mens\/wp-json\/wp\/v2\/product_tag?post=2114"}],"curies":[{"name":"wp","href":"https:\/\/api.w.org\/{rel}","templated":true}]}}