{"id":2117,"date":"2025-11-02T16:10:19","date_gmt":"2025-11-02T19:10:19","guid":{"rendered":"https:\/\/app.huazapp.com\/mens\/?post_type=product&#038;p=2117"},"modified":"2025-11-02T16:10:19","modified_gmt":"2025-11-02T19:10:19","slug":"kit-bota-de-couro-mens-necessaire-masculina-grande","status":"publish","type":"product","link":"https:\/\/app.huazapp.com\/mens\/produto\/kit-bota-de-couro-mens-necessaire-masculina-grande\/","title":{"rendered":"Kit Bota de Couro Men&#8217;S + Necessaire Masculina Grande"},"content":{"rendered":"<p data-start=\"59\" data-end=\"341\">O Kit Bota de Couro Men\u2019s + Necessaire Masculina Grande foi criado para quem busca estilo, resist\u00eancia e praticidade no dia a dia.<br data-start=\"189\" data-end=\"192\" \/>Perfeito para homens que valorizam produtos dur\u00e1veis e funcionais, o conjunto une o design robusto da bota com a eleg\u00e2ncia e utilidade da necessaire.<\/p>\n<p data-start=\"343\" data-end=\"593\">A bota \u00e9 confeccionada em couro leg\u00edtimo, com solado tratorado que oferece firmeza e conforto em qualquer terreno.<br data-start=\"457\" data-end=\"460\" \/>A necessaire, espa\u00e7osa e sofisticada, \u00e9 ideal para guardar itens pessoais com praticidade em viagens, academia ou rotina de trabalho.<\/p>\n<p data-start=\"595\" data-end=\"621\"><strong data-start=\"595\" data-end=\"619\">Detalhes do produto:<\/strong><\/p>\n<ul data-start=\"622\" data-end=\"910\">\n<li data-start=\"622\" data-end=\"676\">\n<p data-start=\"624\" data-end=\"676\">Kit com 2 pe\u00e7as: bota de couro e necessaire grande<\/p>\n<\/li>\n<li data-start=\"677\" data-end=\"726\">\n<p data-start=\"679\" data-end=\"726\">Bota em couro leg\u00edtimo com acabamento premium<\/p>\n<\/li>\n<li data-start=\"727\" data-end=\"785\">\n<p data-start=\"729\" data-end=\"785\">Solado tratorado antiderrapante e palmilha confort\u00e1vel<\/p>\n<\/li>\n<li data-start=\"786\" data-end=\"848\">\n<p data-start=\"788\" data-end=\"848\">Necessaire ampla com compartimentos internos e z\u00edper duplo<\/p>\n<\/li>\n<li data-start=\"849\" data-end=\"884\">\n<p data-start=\"851\" data-end=\"884\">Ideal para viagens e uso di\u00e1rio<\/p>\n<\/li>\n<li data-start=\"885\" data-end=\"910\">\n<p data-start=\"887\" data-end=\"910\">Cor da bota: Caramelo<\/p>\n<\/li>\n<\/ul>\n<p data-start=\"912\" data-end=\"1053\" data-is-last-node=\"\" data-is-only-node=\"\"><strong data-start=\"912\" data-end=\"925\">Destaque:<\/strong> um kit vers\u00e1til e elegante que combina resist\u00eancia, conforto e praticidade para acompanhar o homem moderno em qualquer ocasi\u00e3o.<\/p>\n","protected":false},"excerpt":{"rendered":"<p>O Kit Bota de Couro Men\u2019s + Necessaire Masculina Grande foi criado para quem busca estilo, resist\u00eancia e praticidade no dia a dia.Perfeito para homens que valorizam produtos dur\u00e1veis e funcionais, o conjunto une o design robusto da bota com a eleg\u00e2ncia e utilidade da necessaire. A bota \u00e9 confeccionada em couro leg\u00edtimo, com solado tratorado que oferece firmeza e conforto em qualquer terreno.A necessaire, espa\u00e7osa e sofisticada, \u00e9 ideal para guardar itens pessoais com praticidade em viagens, academia ou rotina de trabalho. Detalhes do produto: Kit com 2 pe\u00e7as: bota de couro e necessaire grande Bota em couro leg\u00edtimo com acabamento premium Solado tratorado antiderrapante e palmilha confort\u00e1vel Necessaire ampla com compartimentos internos e z\u00edper duplo Ideal para viagens e uso di\u00e1rio Cor da bota: Caramelo Destaque: um kit vers\u00e1til e elegante que combina resist\u00eancia, conforto e praticidade para acompanhar o homem moderno em qualquer ocasi\u00e3o.<\/p>\n","protected":false},"featured_media":2118,"comment_status":"open","ping_status":"closed","template":"","meta":{"_acf_changed":false},"product_brand":[],"product_cat":[74],"product_tag":[],"class_list":{"0":"post-2117","1":"product","2":"type-product","3":"status-publish","4":"has-post-thumbnail","6":"product_cat-kit-pegada","8":"first","9":"instock","10":"shipping-taxable","11":"purchasable","12":"product-type-simple"},"acf":[],"_links":{"self":[{"href":"https:\/\/app.huazapp.com\/mens\/wp-json\/wp\/v2\/product\/2117","targetHints":{"allow":["GET"]}}],"collection":[{"href":"https:\/\/app.huazapp.com\/mens\/wp-json\/wp\/v2\/product"}],"about":[{"href":"https:\/\/app.huazapp.com\/mens\/wp-json\/wp\/v2\/types\/product"}],"replies":[{"embeddable":true,"href":"https:\/\/app.huazapp.com\/mens\/wp-json\/wp\/v2\/comments?post=2117"}],"wp:featuredmedia":[{"embeddable":true,"href":"https:\/\/app.huazapp.com\/mens\/wp-json\/wp\/v2\/media\/2118"}],"wp:attachment":[{"href":"https:\/\/app.huazapp.com\/mens\/wp-json\/wp\/v2\/media?parent=2117"}],"wp:term":[{"taxonomy":"product_brand","embeddable":true,"href":"https:\/\/app.huazapp.com\/mens\/wp-json\/wp\/v2\/product_brand?post=2117"},{"taxonomy":"product_cat","embeddable":true,"href":"https:\/\/app.huazapp.com\/mens\/wp-json\/wp\/v2\/product_cat?post=2117"},{"taxonomy":"product_tag","embeddable":true,"href":"https:\/\/app.huazapp.com\/mens\/wp-json\/wp\/v2\/product_tag?post=2117"}],"curies":[{"name":"wp","href":"https:\/\/api.w.org\/{rel}","templated":true}]}}