{"id":2120,"date":"2025-11-02T16:16:52","date_gmt":"2025-11-02T19:16:52","guid":{"rendered":"https:\/\/app.huazapp.com\/mens\/?post_type=product&#038;p=2120"},"modified":"2025-11-02T16:16:52","modified_gmt":"2025-11-02T19:16:52","slug":"kit-bota-de-couro-huazapp-mens-mochila-executiva-mens","status":"publish","type":"product","link":"https:\/\/app.huazapp.com\/mens\/produto\/kit-bota-de-couro-huazapp-mens-mochila-executiva-mens\/","title":{"rendered":"Kit Bota de Couro HuaZApp Men\u2019S + Mochila Executiva Men\u2019S"},"content":{"rendered":"<p data-start=\"63\" data-end=\"385\">O Kit Bota de Couro HuaZApp Men\u2019s + Mochila Executiva Men\u2019s foi desenvolvido para homens que valorizam resist\u00eancia, eleg\u00e2ncia e funcionalidade no dia a dia.<br data-start=\"219\" data-end=\"222\" \/>Com design robusto e acabamento premium, o conjunto \u00e9 ideal para quem busca um visual moderno e preparado para qualquer ocasi\u00e3o \u2014 do trabalho \u00e0s aventuras urbanas.<\/p>\n<p data-start=\"387\" data-end=\"668\">A bota HuaZApp Men\u2019s \u00e9 feita em couro leg\u00edtimo, garantindo durabilidade, conforto e estilo em cada passo.<br data-start=\"492\" data-end=\"495\" \/>A mochila executiva complementa o kit com praticidade e sofistica\u00e7\u00e3o, oferecendo amplo espa\u00e7o interno e compartimentos bem distribu\u00eddos para laptop, documentos e acess\u00f3rios.<\/p>\n<p data-start=\"670\" data-end=\"696\"><strong data-start=\"670\" data-end=\"694\">Detalhes do produto:<\/strong><\/p>\n<ul data-start=\"697\" data-end=\"1013\">\n<li data-start=\"697\" data-end=\"751\">\n<p data-start=\"699\" data-end=\"751\">Kit com 2 pe\u00e7as: bota de couro e mochila executiva<\/p>\n<\/li>\n<li data-start=\"752\" data-end=\"821\">\n<p data-start=\"754\" data-end=\"821\">Bota em couro leg\u00edtimo com solado tratorado e costuras refor\u00e7adas<\/p>\n<\/li>\n<li data-start=\"822\" data-end=\"884\">\n<p data-start=\"824\" data-end=\"884\">Design anat\u00f4mico e palmilha macia para conforto prolongado<\/p>\n<\/li>\n<li data-start=\"885\" data-end=\"946\">\n<p data-start=\"887\" data-end=\"946\">Mochila com compartimentos amplos e acabamento resistente<\/p>\n<\/li>\n<li data-start=\"947\" data-end=\"998\">\n<p data-start=\"949\" data-end=\"998\">Ideal para o uso profissional, urbano ou casual<\/p>\n<\/li>\n<li data-start=\"999\" data-end=\"1013\">\n<p data-start=\"1001\" data-end=\"1013\">Cor: Preto<\/p>\n<\/li>\n<\/ul>\n<p data-start=\"1015\" data-end=\"1149\" data-is-last-node=\"\" data-is-only-node=\"\"><strong data-start=\"1015\" data-end=\"1028\">Destaque:<\/strong> um kit completo que combina for\u00e7a, eleg\u00e2ncia e praticidade \u2014 perfeito para o homem moderno que est\u00e1 sempre em movimento.<\/p>\n","protected":false},"excerpt":{"rendered":"<p>O Kit Bota de Couro HuaZApp Men\u2019s + Mochila Executiva Men\u2019s foi desenvolvido para homens que valorizam resist\u00eancia, eleg\u00e2ncia e funcionalidade no dia a dia.Com design robusto e acabamento premium, o conjunto \u00e9 ideal para quem busca um visual moderno e preparado para qualquer ocasi\u00e3o \u2014 do trabalho \u00e0s aventuras urbanas. A bota HuaZApp Men\u2019s \u00e9 feita em couro leg\u00edtimo, garantindo durabilidade, conforto e estilo em cada passo.A mochila executiva complementa o kit com praticidade e sofistica\u00e7\u00e3o, oferecendo amplo espa\u00e7o interno e compartimentos bem distribu\u00eddos para laptop, documentos e acess\u00f3rios. Detalhes do produto: Kit com 2 pe\u00e7as: bota de couro e mochila executiva Bota em couro leg\u00edtimo com solado tratorado e costuras refor\u00e7adas Design anat\u00f4mico e palmilha macia para conforto prolongado Mochila com compartimentos amplos e acabamento resistente Ideal para o uso profissional, urbano ou casual Cor: Preto Destaque: um kit completo que combina for\u00e7a, eleg\u00e2ncia e praticidade \u2014 perfeito para o homem moderno que est\u00e1 sempre em movimento.<\/p>\n","protected":false},"featured_media":2121,"comment_status":"open","ping_status":"closed","template":"","meta":{"_acf_changed":false},"product_brand":[],"product_cat":[74],"product_tag":[],"class_list":{"0":"post-2120","1":"product","2":"type-product","3":"status-publish","4":"has-post-thumbnail","6":"product_cat-kit-pegada","8":"first","9":"instock","10":"shipping-taxable","11":"purchasable","12":"product-type-simple"},"acf":[],"_links":{"self":[{"href":"https:\/\/app.huazapp.com\/mens\/wp-json\/wp\/v2\/product\/2120","targetHints":{"allow":["GET"]}}],"collection":[{"href":"https:\/\/app.huazapp.com\/mens\/wp-json\/wp\/v2\/product"}],"about":[{"href":"https:\/\/app.huazapp.com\/mens\/wp-json\/wp\/v2\/types\/product"}],"replies":[{"embeddable":true,"href":"https:\/\/app.huazapp.com\/mens\/wp-json\/wp\/v2\/comments?post=2120"}],"wp:featuredmedia":[{"embeddable":true,"href":"https:\/\/app.huazapp.com\/mens\/wp-json\/wp\/v2\/media\/2121"}],"wp:attachment":[{"href":"https:\/\/app.huazapp.com\/mens\/wp-json\/wp\/v2\/media?parent=2120"}],"wp:term":[{"taxonomy":"product_brand","embeddable":true,"href":"https:\/\/app.huazapp.com\/mens\/wp-json\/wp\/v2\/product_brand?post=2120"},{"taxonomy":"product_cat","embeddable":true,"href":"https:\/\/app.huazapp.com\/mens\/wp-json\/wp\/v2\/product_cat?post=2120"},{"taxonomy":"product_tag","embeddable":true,"href":"https:\/\/app.huazapp.com\/mens\/wp-json\/wp\/v2\/product_tag?post=2120"}],"curies":[{"name":"wp","href":"https:\/\/api.w.org\/{rel}","templated":true}]}}