{"id":448,"date":"2025-10-28T14:03:11","date_gmt":"2025-10-28T17:03:11","guid":{"rendered":"https:\/\/app.huazapp.com\/mens\/?post_type=product&#038;p=448"},"modified":"2025-11-01T14:45:54","modified_gmt":"2025-11-01T17:45:54","slug":"camiseta-basica-mens","status":"publish","type":"product","link":"https:\/\/app.huazapp.com\/mens\/produto\/camiseta-basica-mens\/","title":{"rendered":"Camiseta Basica Men&#8217;S"},"content":{"rendered":"<p data-start=\"380\" data-end=\"755\">A <strong data-start=\"382\" data-end=\"407\">Camiseta B\u00e1sica Men\u2019s<\/strong> \u00e9 o essencial que n\u00e3o pode faltar no seu guarda-roupa.<br data-start=\"462\" data-end=\"465\" \/>Confeccionada em algod\u00e3o de alta qualidade, oferece conforto, respirabilidade e durabilidade.<br data-start=\"558\" data-end=\"561\" \/>Com modelagem regular e gola careca, \u00e9 ideal para compor looks casuais ou urbanos com praticidade e estilo.<br data-start=\"668\" data-end=\"671\" \/>Combine com jeans, bermudas ou jaquetas \u2014 um item vers\u00e1til para todas as ocasi\u00f5es.<\/p>\n<p data-start=\"757\" data-end=\"770\"><strong data-start=\"757\" data-end=\"770\">Detalhesdo Produto:<\/strong><\/p>\n<ul data-start=\"771\" data-end=\"884\">\n<li data-start=\"771\" data-end=\"795\">\n<p data-start=\"773\" data-end=\"795\">Tecido: 100% algod\u00e3o<\/p>\n<\/li>\n<li data-start=\"796\" data-end=\"822\">\n<p data-start=\"798\" data-end=\"822\">Modelagem: Regular fit<\/p>\n<\/li>\n<li data-start=\"823\" data-end=\"839\">\n<p data-start=\"825\" data-end=\"839\">Gola: Careca<\/p>\n<\/li>\n<li data-start=\"840\" data-end=\"862\">\n<p data-start=\"842\" data-end=\"862\">Toque macio e leve<\/p>\n<\/li>\n<li data-start=\"863\" data-end=\"884\">\n<p data-start=\"865\" data-end=\"884\">Produ\u00e7\u00e3o nacional<\/p>\n<\/li>\n<\/ul>\n","protected":false},"excerpt":{"rendered":"<p>A Camiseta B\u00e1sica Men\u2019s \u00e9 o essencial que n\u00e3o pode faltar no seu guarda-roupa.Confeccionada em algod\u00e3o de alta qualidade, oferece conforto, respirabilidade e durabilidade.Com modelagem regular e gola careca, \u00e9 ideal para compor looks casuais ou urbanos com praticidade e estilo.Combine com jeans, bermudas ou jaquetas \u2014 um item vers\u00e1til para todas as ocasi\u00f5es. Detalhesdo Produto: Tecido: 100% algod\u00e3o Modelagem: Regular fit Gola: Careca Toque macio e leve Produ\u00e7\u00e3o nacional<\/p>\n","protected":false},"featured_media":1246,"comment_status":"open","ping_status":"closed","template":"","meta":{"_acf_changed":false},"product_brand":[],"product_cat":[21,52],"product_tag":[],"class_list":{"0":"post-448","1":"product","2":"type-product","3":"status-publish","4":"has-post-thumbnail","6":"product_cat-camisetas","7":"product_cat-ofertas","8":"pa_tamanho-g","9":"pa_tamanho-gg","10":"pa_tamanho-m","11":"pa_tamanho-p","13":"first","14":"instock","15":"sale","16":"shipping-taxable","17":"purchasable","18":"product-type-variable","19":"has-default-attributes","20":"rtwpvg-product"},"acf":[],"_links":{"self":[{"href":"https:\/\/app.huazapp.com\/mens\/wp-json\/wp\/v2\/product\/448","targetHints":{"allow":["GET"]}}],"collection":[{"href":"https:\/\/app.huazapp.com\/mens\/wp-json\/wp\/v2\/product"}],"about":[{"href":"https:\/\/app.huazapp.com\/mens\/wp-json\/wp\/v2\/types\/product"}],"replies":[{"embeddable":true,"href":"https:\/\/app.huazapp.com\/mens\/wp-json\/wp\/v2\/comments?post=448"}],"wp:featuredmedia":[{"embeddable":true,"href":"https:\/\/app.huazapp.com\/mens\/wp-json\/wp\/v2\/media\/1246"}],"wp:attachment":[{"href":"https:\/\/app.huazapp.com\/mens\/wp-json\/wp\/v2\/media?parent=448"}],"wp:term":[{"taxonomy":"product_brand","embeddable":true,"href":"https:\/\/app.huazapp.com\/mens\/wp-json\/wp\/v2\/product_brand?post=448"},{"taxonomy":"product_cat","embeddable":true,"href":"https:\/\/app.huazapp.com\/mens\/wp-json\/wp\/v2\/product_cat?post=448"},{"taxonomy":"product_tag","embeddable":true,"href":"https:\/\/app.huazapp.com\/mens\/wp-json\/wp\/v2\/product_tag?post=448"}],"curies":[{"name":"wp","href":"https:\/\/api.w.org\/{rel}","templated":true}]}}