{"id":467,"date":"2025-10-28T14:33:34","date_gmt":"2025-10-28T17:33:34","guid":{"rendered":"https:\/\/app.huazapp.com\/mens\/?post_type=product&#038;p=467"},"modified":"2025-11-01T14:46:05","modified_gmt":"2025-11-01T17:46:05","slug":"camiseta-news-mens","status":"publish","type":"product","link":"https:\/\/app.huazapp.com\/mens\/produto\/camiseta-news-mens\/","title":{"rendered":"Camiseta News Men&#8217;S"},"content":{"rendered":"<p data-start=\"288\" data-end=\"678\">A <strong data-start=\"290\" data-end=\"313\">Camiseta News Men\u2019s<\/strong> \u00e9 o equil\u00edbrio perfeito entre conforto, estilo e versatilidade. Produzida com tecido de alta qualidade, possui toque macio e caimento que valoriza o corpo sem perder a leveza.<br data-start=\"489\" data-end=\"492\" \/>Seu design minimalista permite combina\u00e7\u00f5es para qualquer ocasi\u00e3o \u2014 do visual casual ao mais sofisticado. Ideal para quem busca uma pe\u00e7a atemporal, moderna e f\u00e1cil de usar no dia a dia.<\/p>\n<p data-start=\"680\" data-end=\"906\">Com acabamento refor\u00e7ado na gola e costuras precisas, garante durabilidade mesmo ap\u00f3s v\u00e1rias lavagens. A modelagem reta oferece liberdade de movimento e um visual limpo, combinando perfeitamente com jeans, sarja ou bermudas.<\/p>\n<p data-start=\"908\" data-end=\"935\"><strong data-start=\"908\" data-end=\"933\">Detalhes do produto:<\/strong><\/p>\n<ul data-start=\"936\" data-end=\"1110\">\n<li data-start=\"936\" data-end=\"980\">\n<p data-start=\"938\" data-end=\"980\">Tecido leve, respir\u00e1vel e de toque suave<\/p>\n<\/li>\n<li data-start=\"981\" data-end=\"1016\">\n<p data-start=\"983\" data-end=\"1016\">Modelagem confort\u00e1vel e moderna<\/p>\n<\/li>\n<li data-start=\"1017\" data-end=\"1063\">\n<p data-start=\"1019\" data-end=\"1063\">Gola refor\u00e7ada com acabamento de qualidade<\/p>\n<\/li>\n<li data-start=\"1064\" data-end=\"1110\">\n<p data-start=\"1066\" data-end=\"1110\">Ideal para compor looks casuais ou urbanos<\/p>\n<\/li>\n<\/ul>\n","protected":false},"excerpt":{"rendered":"<p>A Camiseta News Men\u2019s \u00e9 o equil\u00edbrio perfeito entre conforto, estilo e versatilidade. Produzida com tecido de alta qualidade, possui toque macio e caimento que valoriza o corpo sem perder a leveza.Seu design minimalista permite combina\u00e7\u00f5es para qualquer ocasi\u00e3o \u2014 do visual casual ao mais sofisticado. Ideal para quem busca uma pe\u00e7a atemporal, moderna e f\u00e1cil de usar no dia a dia. Com acabamento refor\u00e7ado na gola e costuras precisas, garante durabilidade mesmo ap\u00f3s v\u00e1rias lavagens. A modelagem reta oferece liberdade de movimento e um visual limpo, combinando perfeitamente com jeans, sarja ou bermudas. Detalhes do produto: Tecido leve, respir\u00e1vel e de toque suave Modelagem confort\u00e1vel e moderna Gola refor\u00e7ada com acabamento de qualidade Ideal para compor looks casuais ou urbanos<\/p>\n","protected":false},"featured_media":474,"comment_status":"open","ping_status":"closed","template":"","meta":{"_acf_changed":false},"product_brand":[],"product_cat":[21,52],"product_tag":[],"class_list":{"0":"post-467","1":"product","2":"type-product","3":"status-publish","4":"has-post-thumbnail","6":"product_cat-camisetas","7":"product_cat-ofertas","8":"pa_tamanho-g","9":"pa_tamanho-gg","10":"pa_tamanho-m","11":"pa_tamanho-p","13":"first","14":"instock","15":"sale","16":"shipping-taxable","17":"purchasable","18":"product-type-variable","19":"rtwpvg-product"},"acf":[],"_links":{"self":[{"href":"https:\/\/app.huazapp.com\/mens\/wp-json\/wp\/v2\/product\/467","targetHints":{"allow":["GET"]}}],"collection":[{"href":"https:\/\/app.huazapp.com\/mens\/wp-json\/wp\/v2\/product"}],"about":[{"href":"https:\/\/app.huazapp.com\/mens\/wp-json\/wp\/v2\/types\/product"}],"replies":[{"embeddable":true,"href":"https:\/\/app.huazapp.com\/mens\/wp-json\/wp\/v2\/comments?post=467"}],"wp:featuredmedia":[{"embeddable":true,"href":"https:\/\/app.huazapp.com\/mens\/wp-json\/wp\/v2\/media\/474"}],"wp:attachment":[{"href":"https:\/\/app.huazapp.com\/mens\/wp-json\/wp\/v2\/media?parent=467"}],"wp:term":[{"taxonomy":"product_brand","embeddable":true,"href":"https:\/\/app.huazapp.com\/mens\/wp-json\/wp\/v2\/product_brand?post=467"},{"taxonomy":"product_cat","embeddable":true,"href":"https:\/\/app.huazapp.com\/mens\/wp-json\/wp\/v2\/product_cat?post=467"},{"taxonomy":"product_tag","embeddable":true,"href":"https:\/\/app.huazapp.com\/mens\/wp-json\/wp\/v2\/product_tag?post=467"}],"curies":[{"name":"wp","href":"https:\/\/api.w.org\/{rel}","templated":true}]}}