{"id":478,"date":"2025-10-28T14:48:03","date_gmt":"2025-10-28T17:48:03","guid":{"rendered":"https:\/\/app.huazapp.com\/mens\/?post_type=product&#038;p=478"},"modified":"2025-11-01T15:04:37","modified_gmt":"2025-11-01T18:04:37","slug":"camiseta-off-mens","status":"publish","type":"product","link":"https:\/\/app.huazapp.com\/mens\/produto\/camiseta-off-mens\/","title":{"rendered":"Camiseta Off Men&#8217;S"},"content":{"rendered":"<p data-start=\"259\" data-end=\"505\">A <strong data-start=\"261\" data-end=\"283\">Camiseta Off Men\u2019s<\/strong> foi feita para quem busca estilo com leveza. Seu tecido macio e de alta qualidade proporciona conforto durante todo o dia, enquanto o tom off white entrega um visual moderno, clean e f\u00e1cil de combinar com qualquer look.<\/p>\n<p data-start=\"507\" data-end=\"705\">Com modelagem reta e caimento natural, \u00e9 uma pe\u00e7a essencial para o guarda-roupa masculino. Pode ser usada sozinha para um estilo casual ou sob camisas e jaquetas para uma composi\u00e7\u00e3o mais elegante.<\/p>\n<p data-start=\"707\" data-end=\"839\">O acabamento refor\u00e7ado na gola e as costuras precisas garantem durabilidade e \u00f3timo ajuste ao corpo, mesmo ap\u00f3s diversas lavagens.<\/p>\n<p data-start=\"841\" data-end=\"868\"><strong data-start=\"841\" data-end=\"866\">Detalhes do produto:<\/strong><\/p>\n<ul data-start=\"869\" data-end=\"1035\">\n<li data-start=\"869\" data-end=\"904\">\n<p data-start=\"871\" data-end=\"904\">Tecido leve, macio e respir\u00e1vel<\/p>\n<\/li>\n<li data-start=\"905\" data-end=\"941\">\n<p data-start=\"907\" data-end=\"941\">Cor off white vers\u00e1til e moderna<\/p>\n<\/li>\n<li data-start=\"942\" data-end=\"986\">\n<p data-start=\"944\" data-end=\"986\">Modelagem confort\u00e1vel com \u00f3timo caimento<\/p>\n<\/li>\n<li data-start=\"987\" data-end=\"1035\">\n<p data-start=\"989\" data-end=\"1035\">Ideal para uso di\u00e1rio ou combina\u00e7\u00f5es urbanas<\/p>\n<\/li>\n<\/ul>\n","protected":false},"excerpt":{"rendered":"<p>A Camiseta Off Men\u2019s foi feita para quem busca estilo com leveza. Seu tecido macio e de alta qualidade proporciona conforto durante todo o dia, enquanto o tom off white entrega um visual moderno, clean e f\u00e1cil de combinar com qualquer look. Com modelagem reta e caimento natural, \u00e9 uma pe\u00e7a essencial para o guarda-roupa masculino. Pode ser usada sozinha para um estilo casual ou sob camisas e jaquetas para uma composi\u00e7\u00e3o mais elegante. O acabamento refor\u00e7ado na gola e as costuras precisas garantem durabilidade e \u00f3timo ajuste ao corpo, mesmo ap\u00f3s diversas lavagens. Detalhes do produto: Tecido leve, macio e respir\u00e1vel Cor off white vers\u00e1til e moderna Modelagem confort\u00e1vel com \u00f3timo caimento Ideal para uso di\u00e1rio ou combina\u00e7\u00f5es urbanas<\/p>\n","protected":false},"featured_media":1250,"comment_status":"open","ping_status":"closed","template":"","meta":{"_acf_changed":false},"product_brand":[],"product_cat":[21],"product_tag":[],"class_list":{"0":"post-478","1":"product","2":"type-product","3":"status-publish","4":"has-post-thumbnail","6":"product_cat-camisetas","7":"pa_tamanho-g","8":"pa_tamanho-gg","9":"pa_tamanho-m","10":"pa_tamanho-p","12":"first","13":"instock","14":"shipping-taxable","15":"purchasable","16":"product-type-variable","17":"rtwpvg-product"},"acf":[],"_links":{"self":[{"href":"https:\/\/app.huazapp.com\/mens\/wp-json\/wp\/v2\/product\/478","targetHints":{"allow":["GET"]}}],"collection":[{"href":"https:\/\/app.huazapp.com\/mens\/wp-json\/wp\/v2\/product"}],"about":[{"href":"https:\/\/app.huazapp.com\/mens\/wp-json\/wp\/v2\/types\/product"}],"replies":[{"embeddable":true,"href":"https:\/\/app.huazapp.com\/mens\/wp-json\/wp\/v2\/comments?post=478"}],"wp:featuredmedia":[{"embeddable":true,"href":"https:\/\/app.huazapp.com\/mens\/wp-json\/wp\/v2\/media\/1250"}],"wp:attachment":[{"href":"https:\/\/app.huazapp.com\/mens\/wp-json\/wp\/v2\/media?parent=478"}],"wp:term":[{"taxonomy":"product_brand","embeddable":true,"href":"https:\/\/app.huazapp.com\/mens\/wp-json\/wp\/v2\/product_brand?post=478"},{"taxonomy":"product_cat","embeddable":true,"href":"https:\/\/app.huazapp.com\/mens\/wp-json\/wp\/v2\/product_cat?post=478"},{"taxonomy":"product_tag","embeddable":true,"href":"https:\/\/app.huazapp.com\/mens\/wp-json\/wp\/v2\/product_tag?post=478"}],"curies":[{"name":"wp","href":"https:\/\/api.w.org\/{rel}","templated":true}]}}