{"id":486,"date":"2025-10-28T14:55:05","date_gmt":"2025-10-28T17:55:05","guid":{"rendered":"https:\/\/app.huazapp.com\/mens\/?post_type=product&#038;p=486"},"modified":"2025-11-04T21:44:53","modified_gmt":"2025-11-05T00:44:53","slug":"camiseta-new-era-mens","status":"publish","type":"product","link":"https:\/\/app.huazapp.com\/mens\/produto\/camiseta-new-era-mens\/","title":{"rendered":"Camiseta New Era Men&#8217;S"},"content":{"rendered":"<p data-start=\"194\" data-end=\"437\">A <strong data-start=\"196\" data-end=\"222\">Camiseta New Era Men\u2019s<\/strong> combina conforto e estilo em uma pe\u00e7a vers\u00e1til para o dia a dia. Produzida em tecido leve e macio, oferece toque agrad\u00e1vel na pele e excelente respirabilidade, garantindo conforto mesmo nas rotinas mais intensas.<\/p>\n<p data-start=\"439\" data-end=\"722\">O tom azul marinho adiciona eleg\u00e2ncia e facilidade na hora de compor o visual, seja com bermudas para um look casual ou com jeans para um estilo urbano e moderno.<br data-start=\"601\" data-end=\"604\" \/>Com modelagem reta e caimento natural, proporciona liberdade de movimento e um visual impec\u00e1vel em qualquer ocasi\u00e3o.<\/p>\n<p data-start=\"724\" data-end=\"751\"><strong data-start=\"724\" data-end=\"749\">Detalhes do produto:<\/strong><\/p>\n<ul data-start=\"752\" data-end=\"936\">\n<li data-start=\"752\" data-end=\"797\">\n<p data-start=\"754\" data-end=\"797\">Tecido leve, macio e de alta durabilidade<\/p>\n<\/li>\n<li data-start=\"798\" data-end=\"846\">\n<p data-start=\"800\" data-end=\"846\">Cor azul marinho moderna e f\u00e1cil de combinar<\/p>\n<\/li>\n<li data-start=\"847\" data-end=\"890\">\n<p data-start=\"849\" data-end=\"890\">Modelagem reta com caimento confort\u00e1vel<\/p>\n<\/li>\n<li data-start=\"891\" data-end=\"936\">\n<p data-start=\"893\" data-end=\"936\">Ideal para compor looks casuais e urbanos<\/p>\n<\/li>\n<\/ul>\n","protected":false},"excerpt":{"rendered":"<p>A Camiseta New Era Men\u2019s combina conforto e estilo em uma pe\u00e7a vers\u00e1til para o dia a dia. Produzida em tecido leve e macio, oferece toque agrad\u00e1vel na pele e excelente respirabilidade, garantindo conforto mesmo nas rotinas mais intensas. O tom azul marinho adiciona eleg\u00e2ncia e facilidade na hora de compor o visual, seja com bermudas para um look casual ou com jeans para um estilo urbano e moderno.Com modelagem reta e caimento natural, proporciona liberdade de movimento e um visual impec\u00e1vel em qualquer ocasi\u00e3o. Detalhes do produto: Tecido leve, macio e de alta durabilidade Cor azul marinho moderna e f\u00e1cil de combinar Modelagem reta com caimento confort\u00e1vel Ideal para compor looks casuais e urbanos<\/p>\n","protected":false},"featured_media":487,"comment_status":"open","ping_status":"closed","template":"","meta":{"_acf_changed":false},"product_brand":[],"product_cat":[21,83],"product_tag":[],"class_list":{"0":"post-486","1":"product","2":"type-product","3":"status-publish","4":"has-post-thumbnail","6":"product_cat-camisetas","7":"product_cat-destaques","8":"pa_tamanho-g","9":"pa_tamanho-gg","10":"pa_tamanho-m","11":"pa_tamanho-p","13":"first","14":"instock","15":"shipping-taxable","16":"purchasable","17":"product-type-variable","18":"rtwpvg-product"},"acf":[],"_links":{"self":[{"href":"https:\/\/app.huazapp.com\/mens\/wp-json\/wp\/v2\/product\/486","targetHints":{"allow":["GET"]}}],"collection":[{"href":"https:\/\/app.huazapp.com\/mens\/wp-json\/wp\/v2\/product"}],"about":[{"href":"https:\/\/app.huazapp.com\/mens\/wp-json\/wp\/v2\/types\/product"}],"replies":[{"embeddable":true,"href":"https:\/\/app.huazapp.com\/mens\/wp-json\/wp\/v2\/comments?post=486"}],"wp:featuredmedia":[{"embeddable":true,"href":"https:\/\/app.huazapp.com\/mens\/wp-json\/wp\/v2\/media\/487"}],"wp:attachment":[{"href":"https:\/\/app.huazapp.com\/mens\/wp-json\/wp\/v2\/media?parent=486"}],"wp:term":[{"taxonomy":"product_brand","embeddable":true,"href":"https:\/\/app.huazapp.com\/mens\/wp-json\/wp\/v2\/product_brand?post=486"},{"taxonomy":"product_cat","embeddable":true,"href":"https:\/\/app.huazapp.com\/mens\/wp-json\/wp\/v2\/product_cat?post=486"},{"taxonomy":"product_tag","embeddable":true,"href":"https:\/\/app.huazapp.com\/mens\/wp-json\/wp\/v2\/product_tag?post=486"}],"curies":[{"name":"wp","href":"https:\/\/api.w.org\/{rel}","templated":true}]}}