{"id":495,"date":"2025-10-28T15:12:03","date_gmt":"2025-10-28T18:12:03","guid":{"rendered":"https:\/\/app.huazapp.com\/mens\/?post_type=product&#038;p=495"},"modified":"2025-11-01T15:04:49","modified_gmt":"2025-11-01T18:04:49","slug":"camiseta-regular-mens","status":"publish","type":"product","link":"https:\/\/app.huazapp.com\/mens\/produto\/camiseta-regular-mens\/","title":{"rendered":"Camiseta Regular Men&#8217;s"},"content":{"rendered":"<p data-start=\"192\" data-end=\"510\">A <strong data-start=\"194\" data-end=\"220\">Camiseta Regular Men\u2019s<\/strong> \u00e9 a escolha ideal para quem valoriza o b\u00e1sico bem-feito. Com design cl\u00e1ssico e corte reto, proporciona um caimento natural que combina com qualquer tipo de corpo.<br data-start=\"383\" data-end=\"386\" \/>Feita com tecido macio e respir\u00e1vel, garante conforto durante todo o dia, seja para o trabalho, lazer ou ocasi\u00f5es casuais.<\/p>\n<p data-start=\"512\" data-end=\"739\">O acabamento refor\u00e7ado na gola e as costuras precisas oferecem maior durabilidade e resist\u00eancia, mantendo a apar\u00eancia impec\u00e1vel mesmo ap\u00f3s v\u00e1rias lavagens. Vers\u00e1til e atemporal, \u00e9 uma pe\u00e7a essencial no guarda-roupa masculino.<\/p>\n<p data-start=\"741\" data-end=\"768\"><strong data-start=\"741\" data-end=\"766\">Detalhes do produto:<\/strong><\/p>\n<ul data-start=\"769\" data-end=\"943\">\n<li data-start=\"769\" data-end=\"815\">\n<p data-start=\"771\" data-end=\"815\">Modelagem regular com caimento confort\u00e1vel<\/p>\n<\/li>\n<li data-start=\"816\" data-end=\"848\">\n<p data-start=\"818\" data-end=\"848\">Tecido leve e de toque suave<\/p>\n<\/li>\n<li data-start=\"849\" data-end=\"896\">\n<p data-start=\"851\" data-end=\"896\">Alta durabilidade e acabamento de qualidade<\/p>\n<\/li>\n<li data-start=\"897\" data-end=\"943\">\n<p data-start=\"899\" data-end=\"943\">Ideal para compor looks casuais e modernos<\/p>\n<\/li>\n<\/ul>\n","protected":false},"excerpt":{"rendered":"<p>A Camiseta Regular Men\u2019s \u00e9 a escolha ideal para quem valoriza o b\u00e1sico bem-feito. Com design cl\u00e1ssico e corte reto, proporciona um caimento natural que combina com qualquer tipo de corpo.Feita com tecido macio e respir\u00e1vel, garante conforto durante todo o dia, seja para o trabalho, lazer ou ocasi\u00f5es casuais. O acabamento refor\u00e7ado na gola e as costuras precisas oferecem maior durabilidade e resist\u00eancia, mantendo a apar\u00eancia impec\u00e1vel mesmo ap\u00f3s v\u00e1rias lavagens. Vers\u00e1til e atemporal, \u00e9 uma pe\u00e7a essencial no guarda-roupa masculino. Detalhes do produto: Modelagem regular com caimento confort\u00e1vel Tecido leve e de toque suave Alta durabilidade e acabamento de qualidade Ideal para compor looks casuais e modernos<\/p>\n","protected":false},"featured_media":498,"comment_status":"open","ping_status":"closed","template":"","meta":{"_acf_changed":false},"product_brand":[],"product_cat":[21],"product_tag":[],"class_list":{"0":"post-495","1":"product","2":"type-product","3":"status-publish","4":"has-post-thumbnail","6":"product_cat-camisetas","7":"pa_tamanho-g","8":"pa_tamanho-gg","9":"pa_tamanho-m","10":"pa_tamanho-p","12":"first","13":"instock","14":"shipping-taxable","15":"purchasable","16":"product-type-variable","17":"rtwpvg-product"},"acf":[],"_links":{"self":[{"href":"https:\/\/app.huazapp.com\/mens\/wp-json\/wp\/v2\/product\/495","targetHints":{"allow":["GET"]}}],"collection":[{"href":"https:\/\/app.huazapp.com\/mens\/wp-json\/wp\/v2\/product"}],"about":[{"href":"https:\/\/app.huazapp.com\/mens\/wp-json\/wp\/v2\/types\/product"}],"replies":[{"embeddable":true,"href":"https:\/\/app.huazapp.com\/mens\/wp-json\/wp\/v2\/comments?post=495"}],"wp:featuredmedia":[{"embeddable":true,"href":"https:\/\/app.huazapp.com\/mens\/wp-json\/wp\/v2\/media\/498"}],"wp:attachment":[{"href":"https:\/\/app.huazapp.com\/mens\/wp-json\/wp\/v2\/media?parent=495"}],"wp:term":[{"taxonomy":"product_brand","embeddable":true,"href":"https:\/\/app.huazapp.com\/mens\/wp-json\/wp\/v2\/product_brand?post=495"},{"taxonomy":"product_cat","embeddable":true,"href":"https:\/\/app.huazapp.com\/mens\/wp-json\/wp\/v2\/product_cat?post=495"},{"taxonomy":"product_tag","embeddable":true,"href":"https:\/\/app.huazapp.com\/mens\/wp-json\/wp\/v2\/product_tag?post=495"}],"curies":[{"name":"wp","href":"https:\/\/api.w.org\/{rel}","templated":true}]}}