{"id":2920,"date":"2025-11-04T19:55:13","date_gmt":"2025-11-04T22:55:13","guid":{"rendered":"https:\/\/app.huazapp.com\/mens\/?page_id=2920"},"modified":"2025-11-04T20:07:43","modified_gmt":"2025-11-04T23:07:43","slug":"mapa-da-loja","status":"publish","type":"page","link":"https:\/\/app.huazapp.com\/woman\/mapa-da-loja\/","title":{"rendered":"Mapa da Loja"},"content":{"rendered":"\t\t<div data-elementor-type=\"wp-page\" data-elementor-id=\"2920\" class=\"elementor elementor-2920\" data-elementor-post-type=\"page\">\n\t\t\t\t<div class=\"elementor-element elementor-element-9523b51 e-flex e-con-boxed wpr-particle-no wpr-jarallax-no wpr-parallax-no wpr-sticky-section-no wpr-column-slider-no wpr-equal-height-no e-con e-parent\" data-id=\"9523b51\" data-element_type=\"container\" data-e-type=\"container\">\n\t\t\t\t\t<div class=\"e-con-inner\">\n\t\t\t\t<div class=\"elementor-element elementor-element-59ce139 elementor-widget elementor-widget-heading\" data-id=\"59ce139\" data-element_type=\"widget\" data-e-type=\"widget\" data-widget_type=\"heading.default\">\n\t\t\t\t\t<h2 class=\"elementor-heading-title elementor-size-default\">Mapa da Loja<\/h2>\t\t\t\t<\/div>\n\t\t<div class=\"elementor-element elementor-element-ca1889a e-con-full e-flex wpr-particle-no wpr-jarallax-no wpr-parallax-no wpr-sticky-section-no wpr-column-slider-no wpr-equal-height-no e-con e-child\" data-id=\"ca1889a\" data-element_type=\"container\" data-e-type=\"container\" data-settings=\"{&quot;background_background&quot;:&quot;classic&quot;}\">\n\t\t\t\t<div class=\"elementor-element elementor-element-314fc4a elementor-widget elementor-widget-sitemap\" data-id=\"314fc4a\" data-element_type=\"widget\" data-e-type=\"widget\" data-widget_type=\"sitemap.default\">\n\t\t\t\t\t<div class=\"elementor-sitemap-wrap\"><div class=\"elementor-sitemap-section\"><h2 class=\"elementor-sitemap-title elementor-sitemap-page-title\">P\u00e1ginas<\/h2><ul class=\"elementor-sitemap-list elementor-sitemap-page-list\"><li class=\"elementor-sitemap-item elementor-sitemap-item-page page_item page-item-2949\"><a href=\"https:\/\/app.huazapp.com\/woman\/duvidas-frequentes\/\">D\u00favidas Frequentes<\/a><\/li><li class=\"elementor-sitemap-item elementor-sitemap-item-page page_item page-item-2920\"><a href=\"https:\/\/app.huazapp.com\/woman\/mapa-da-loja\/\">Mapa da Loja<\/a><\/li><li class=\"elementor-sitemap-item elementor-sitemap-item-page page_item page-item-2893\"><a href=\"https:\/\/app.huazapp.com\/woman\/quem-somos\/\">Quem Somos<\/a><\/li><li class=\"elementor-sitemap-item elementor-sitemap-item-page page_item page-item-61\"><a href=\"https:\/\/app.huazapp.com\/woman\/reembolso_devolucoes\/\">Pol\u00edtica de reembolso e devolu\u00e7\u00f5es<\/a><\/li><li class=\"elementor-sitemap-item elementor-sitemap-item-page page_item page-item-2818\"><a href=\"https:\/\/app.huazapp.com\/woman\/termos-e-condicoes-de-uso\/\">Termos e Condi\u00e7\u00f5es de Uso<\/a><\/li><li class=\"elementor-sitemap-item elementor-sitemap-item-page page_item page-item-2805\"><a href=\"https:\/\/app.huazapp.com\/woman\/politicas-de-privacidade\/\">Pol\u00edticas de Privacidade<\/a><\/li><li class=\"elementor-sitemap-item elementor-sitemap-item-page page_item page-item-2803\"><a href=\"https:\/\/app.huazapp.com\/woman\/loja\/\">Loja<\/a><\/li><li class=\"elementor-sitemap-item elementor-sitemap-item-page page_item page-item-1129\"><a href=\"https:\/\/app.huazapp.com\/woman\/favoritos\/\">Favoritos<\/a><\/li><li class=\"elementor-sitemap-item elementor-sitemap-item-page page_item page-item-60\"><a href=\"https:\/\/app.huazapp.com\/woman\/minha-conta\/\">Minha conta<\/a><\/li><li class=\"elementor-sitemap-item elementor-sitemap-item-page page_item page-item-59\"><a href=\"https:\/\/app.huazapp.com\/woman\/finalizar-compra\/\">Finaliza\u00e7\u00e3o de compra<\/a><\/li><li class=\"elementor-sitemap-item elementor-sitemap-item-page page_item page-item-58\"><a href=\"https:\/\/app.huazapp.com\/woman\/carrinho\/\">Carrinho<\/a><\/li><li class=\"elementor-sitemap-item elementor-sitemap-item-page page_item page-item-16\"><a href=\"https:\/\/app.huazapp.com\/woman\/\">In\u00edcio<\/a><\/li><\/ul><\/div><div class=\"elementor-sitemap-section\"><h2 class=\"elementor-sitemap-title elementor-sitemap-product_cat-title\">Categories<\/h2><ul class=\"elementor-sitemap-list elementor-sitemap-product_cat-list\">\t<li class=\"elementor-sitemap-item elementor-sitemap-item-product_cat cat-item cat-item-18\"><a href=\"https:\/\/app.huazapp.com\/woman\/categoria-produto\/woman\/\">Woman<\/a>\n<\/li>\n\t<li class=\"elementor-sitemap-item elementor-sitemap-item-product_cat cat-item cat-item-93\"><a href=\"https:\/\/app.huazapp.com\/woman\/categoria-produto\/vestidos\/\">Vestidos<\/a>\n<\/li>\n\t<li class=\"elementor-sitemap-item elementor-sitemap-item-product_cat cat-item cat-item-104\"><a href=\"https:\/\/app.huazapp.com\/woman\/categoria-produto\/calcados\/tenis\/\">T\u00eanis<\/a>\n<\/li>\n\t<li class=\"elementor-sitemap-item elementor-sitemap-item-product_cat cat-item cat-item-106\"><a href=\"https:\/\/app.huazapp.com\/woman\/categoria-produto\/calcados\/tamancos\/\">Tamancos<\/a>\n<\/li>\n\t<li class=\"elementor-sitemap-item elementor-sitemap-item-product_cat cat-item cat-item-96\"><a href=\"https:\/\/app.huazapp.com\/woman\/categoria-produto\/perfumes\/\">Perfumes<\/a>\n<\/li>\n\t<li class=\"elementor-sitemap-item elementor-sitemap-item-product_cat cat-item cat-item-109\"><a href=\"https:\/\/app.huazapp.com\/woman\/categoria-produto\/outlet\/\">Outlet<\/a>\n<\/li>\n\t<li class=\"elementor-sitemap-item elementor-sitemap-item-product_cat cat-item cat-item-108\"><a href=\"https:\/\/app.huazapp.com\/woman\/categoria-produto\/ofertas\/\">Ofertas<\/a>\n<\/li>\n\t<li class=\"elementor-sitemap-item elementor-sitemap-item-product_cat cat-item cat-item-98\"><a href=\"https:\/\/app.huazapp.com\/woman\/categoria-produto\/acessorios\/oculos\/\">\u00f3culos<\/a>\n<\/li>\n\t<li class=\"elementor-sitemap-item elementor-sitemap-item-product_cat cat-item cat-item-102\"><a href=\"https:\/\/app.huazapp.com\/woman\/categoria-produto\/mais-vendidos\/\">Mais Vendidos<\/a>\n<\/li>\n\t<li class=\"elementor-sitemap-item elementor-sitemap-item-product_cat cat-item cat-item-107\"><a href=\"https:\/\/app.huazapp.com\/woman\/categoria-produto\/kits\/\">Kits<\/a>\n<\/li>\n\t<li class=\"elementor-sitemap-item elementor-sitemap-item-product_cat cat-item cat-item-94\"><a href=\"https:\/\/app.huazapp.com\/woman\/categoria-produto\/destaques\/\">Destaques<\/a>\n<\/li>\n\t<li class=\"elementor-sitemap-item elementor-sitemap-item-product_cat cat-item cat-item-95\"><a href=\"https:\/\/app.huazapp.com\/woman\/categoria-produto\/conjuntos\/\">Conjuntos<\/a>\n<\/li>\n\t<li class=\"elementor-sitemap-item elementor-sitemap-item-product_cat cat-item cat-item-101\"><a href=\"https:\/\/app.huazapp.com\/woman\/categoria-produto\/acessorios\/cintos\/\">Cintos<\/a>\n<\/li>\n\t<li class=\"elementor-sitemap-item elementor-sitemap-item-product_cat cat-item cat-item-100\"><a href=\"https:\/\/app.huazapp.com\/woman\/categoria-produto\/acessorios\/carteiras\/\">carteiras<\/a>\n<\/li>\n\t<li class=\"elementor-sitemap-item elementor-sitemap-item-product_cat cat-item cat-item-103\"><a href=\"https:\/\/app.huazapp.com\/woman\/categoria-produto\/calcados\/\">Cal\u00e7ados<\/a>\n<\/li>\n\t<li class=\"elementor-sitemap-item elementor-sitemap-item-product_cat cat-item cat-item-105\"><a href=\"https:\/\/app.huazapp.com\/woman\/categoria-produto\/calcados\/botas\/\">Botas<\/a>\n<\/li>\n\t<li class=\"elementor-sitemap-item elementor-sitemap-item-product_cat cat-item cat-item-99\"><a href=\"https:\/\/app.huazapp.com\/woman\/categoria-produto\/acessorios\/bolsas\/\">Bolsas<\/a>\n<\/li>\n\t<li class=\"elementor-sitemap-item elementor-sitemap-item-product_cat cat-item cat-item-97\"><a href=\"https:\/\/app.huazapp.com\/woman\/categoria-produto\/acessorios\/\">Acess\u00f3rios<\/a>\n<\/li>\n<\/ul><\/div><\/div>\t\t\t\t<\/div>\n\t\t\t\t<\/div>\n\t\t\t\t\t<\/div>\n\t\t\t\t<\/div>\n\t\t\t\t<\/div>\n\t\t","protected":false},"excerpt":{"rendered":"<p>Mapa da Loja<\/p>\n","protected":false},"author":1,"featured_media":0,"parent":0,"menu_order":0,"comment_status":"closed","ping_status":"closed","template":"elementor_header_footer","meta":{"_acf_changed":false,"footnotes":""},"class_list":["post-2920","page","type-page","status-publish","hentry"],"acf":[],"_links":{"self":[{"href":"https:\/\/app.huazapp.com\/woman\/wp-json\/wp\/v2\/pages\/2920","targetHints":{"allow":["GET"]}}],"collection":[{"href":"https:\/\/app.huazapp.com\/woman\/wp-json\/wp\/v2\/pages"}],"about":[{"href":"https:\/\/app.huazapp.com\/woman\/wp-json\/wp\/v2\/types\/page"}],"author":[{"embeddable":true,"href":"https:\/\/app.huazapp.com\/woman\/wp-json\/wp\/v2\/users\/1"}],"replies":[{"embeddable":true,"href":"https:\/\/app.huazapp.com\/woman\/wp-json\/wp\/v2\/comments?post=2920"}],"version-history":[{"count":23,"href":"https:\/\/app.huazapp.com\/woman\/wp-json\/wp\/v2\/pages\/2920\/revisions"}],"predecessor-version":[{"id":2945,"href":"https:\/\/app.huazapp.com\/woman\/wp-json\/wp\/v2\/pages\/2920\/revisions\/2945"}],"wp:attachment":[{"href":"https:\/\/app.huazapp.com\/woman\/wp-json\/wp\/v2\/media?parent=2920"}],"curies":[{"name":"wp","href":"https:\/\/api.w.org\/{rel}","templated":true}]}}