{"id":3051,"date":"2025-11-10T16:26:18","date_gmt":"2025-11-10T19:26:18","guid":{"rendered":"https:\/\/app.huazapp.com\/woman\/?post_type=product&#038;p=3051"},"modified":"2025-11-11T18:02:36","modified_gmt":"2025-11-11T21:02:36","slug":"vestido-woman-decote-transpassado","status":"publish","type":"product","link":"https:\/\/app.huazapp.com\/woman\/produto\/vestido-woman-decote-transpassado\/","title":{"rendered":"Vestido Woman decote transpassado"},"content":{"rendered":"<p data-start=\"51\" data-end=\"239\">Eleg\u00e2ncia contempor\u00e2nea com um toque de sensualidade.<br data-start=\"104\" data-end=\"107\" \/>O Vestido Woman decote transpassado foi pensado para mulheres que valorizam um visual moderno, sofisticado e com excelente caimento.<\/p>\n<p data-start=\"241\" data-end=\"566\">Seu design apresenta decote assim\u00e9trico transpassado, que valoriza o colo com refinamento, enquanto a modelagem midi ajustada desenha a silhueta de forma impec\u00e1vel, conferindo um visual marcante e feminino. Ideal para ocasi\u00f5es especiais, jantares, eventos formais ou momentos em que voc\u00ea deseja transmitir confian\u00e7a e estilo.<\/p>\n<p data-start=\"568\" data-end=\"722\"><strong data-start=\"568\" data-end=\"581\">Destaques<\/strong><br \/>\n\u2022 Decote transpassado assim\u00e9trico<br data-start=\"615\" data-end=\"618\" \/>\u2022 Modelagem midi ajustada<br data-start=\"643\" data-end=\"646\" \/>\u2022 Caimento estruturado que valoriza a silhueta<br data-start=\"692\" data-end=\"695\" data-is-only-node=\"\" \/>\u2022 Look elegante e moderno<\/p>\n<p data-start=\"724\" data-end=\"824\"><strong data-start=\"724\" data-end=\"741\">Perfeito para<\/strong><br \/>\nEventos sociais, festas, jantares, formaturas, coquet\u00e9is e produ\u00e7\u00f5es sofisticadas.<\/p>\n<p data-start=\"826\" data-end=\"912\" data-is-last-node=\"\" data-is-only-node=\"\">Um vestido vers\u00e1til, atemporal e feito para destacar sua presen\u00e7a em qualquer ocasi\u00e3o.<\/p>\n","protected":false},"excerpt":{"rendered":"<p>Eleg\u00e2ncia contempor\u00e2nea com um toque de sensualidade.O Vestido Woman decote transpassado foi pensado para mulheres que valorizam um visual moderno, sofisticado e com excelente caimento. Seu design apresenta decote assim\u00e9trico transpassado, que valoriza o colo com refinamento, enquanto a modelagem midi ajustada desenha a silhueta de forma impec\u00e1vel, conferindo um visual marcante e feminino. Ideal para ocasi\u00f5es especiais, jantares, eventos formais ou momentos em que voc\u00ea deseja transmitir confian\u00e7a e estilo. Destaques \u2022 Decote transpassado assim\u00e9trico\u2022 Modelagem midi ajustada\u2022 Caimento estruturado que valoriza a silhueta\u2022 Look elegante e moderno Perfeito para Eventos sociais, festas, jantares, formaturas, coquet\u00e9is e produ\u00e7\u00f5es sofisticadas. Um vestido vers\u00e1til, atemporal e feito para destacar sua presen\u00e7a em qualquer ocasi\u00e3o.<\/p>\n","protected":false},"featured_media":3055,"comment_status":"open","ping_status":"closed","template":"","meta":{"_acf_changed":false},"product_brand":[],"product_cat":[102,93],"product_tag":[],"class_list":{"0":"post-3051","1":"product","2":"type-product","3":"status-publish","4":"has-post-thumbnail","6":"product_cat-mais-vendidos","7":"product_cat-vestidos","8":"pa_tamanho-36","9":"pa_tamanho-38","11":"first","12":"instock","13":"shipping-taxable","14":"purchasable","15":"product-type-variable","16":"rtwpvg-product"},"acf":[],"_links":{"self":[{"href":"https:\/\/app.huazapp.com\/woman\/wp-json\/wp\/v2\/product\/3051","targetHints":{"allow":["GET"]}}],"collection":[{"href":"https:\/\/app.huazapp.com\/woman\/wp-json\/wp\/v2\/product"}],"about":[{"href":"https:\/\/app.huazapp.com\/woman\/wp-json\/wp\/v2\/types\/product"}],"replies":[{"embeddable":true,"href":"https:\/\/app.huazapp.com\/woman\/wp-json\/wp\/v2\/comments?post=3051"}],"wp:featuredmedia":[{"embeddable":true,"href":"https:\/\/app.huazapp.com\/woman\/wp-json\/wp\/v2\/media\/3055"}],"wp:attachment":[{"href":"https:\/\/app.huazapp.com\/woman\/wp-json\/wp\/v2\/media?parent=3051"}],"wp:term":[{"taxonomy":"product_brand","embeddable":true,"href":"https:\/\/app.huazapp.com\/woman\/wp-json\/wp\/v2\/product_brand?post=3051"},{"taxonomy":"product_cat","embeddable":true,"href":"https:\/\/app.huazapp.com\/woman\/wp-json\/wp\/v2\/product_cat?post=3051"},{"taxonomy":"product_tag","embeddable":true,"href":"https:\/\/app.huazapp.com\/woman\/wp-json\/wp\/v2\/product_tag?post=3051"}],"curies":[{"name":"wp","href":"https:\/\/api.w.org\/{rel}","templated":true}]}}