{"id":3064,"date":"2025-11-10T17:05:37","date_gmt":"2025-11-10T20:05:37","guid":{"rendered":"https:\/\/app.huazapp.com\/woman\/?post_type=product&#038;p=3064"},"modified":"2025-11-11T18:02:32","modified_gmt":"2025-11-11T21:02:32","slug":"vestido-woman-curto-decote-costas","status":"publish","type":"product","link":"https:\/\/app.huazapp.com\/woman\/produto\/vestido-woman-curto-decote-costas\/","title":{"rendered":"Vestido Woman curto decote costas"},"content":{"rendered":"<p data-start=\"51\" data-end=\"280\">Um cl\u00e1ssico moderno para quem deseja presen\u00e7a marcante.<br data-start=\"106\" data-end=\"109\" \/>O Vestido Woman curto decote costas combina brilho, sensualidade e eleg\u00e2ncia em uma \u00fanica pe\u00e7a, perfeito para noites especiais e ocasi\u00f5es que pedem um visual inesquec\u00edvel.<\/p>\n<p data-start=\"282\" data-end=\"565\">Com acabamento em paet\u00ea, o vestido reflete a luz com intensidade na medida, criando um efeito sofisticado. A modelagem curta e ajustada real\u00e7a a silhueta, enquanto o detalhe de decote nas costas adiciona um toque ousado e feminino, garantindo um visual impec\u00e1vel de todos os \u00e2ngulos.<\/p>\n<p data-start=\"567\" data-end=\"739\"><strong data-start=\"567\" data-end=\"580\">Destaques<\/strong><br \/>\n\u2022 Curto e ajustado ao corpo<br data-start=\"608\" data-end=\"611\" \/>\u2022 Acabamento em paet\u00ea com brilho elegante<br data-start=\"652\" data-end=\"655\" \/>\u2022 Decote nas costas para um toque de sensualidade<br data-start=\"704\" data-end=\"707\" data-is-only-node=\"\" \/>\u2022 Visual moderno e sofisticado<\/p>\n<p data-start=\"741\" data-end=\"857\"><strong data-start=\"741\" data-end=\"758\">Perfeito para<\/strong><br \/>\nFestas noturnas, eventos, baladas, comemora\u00e7\u00f5es especiais e produ\u00e7\u00f5es onde o destaque \u00e9 essencial.<\/p>\n<p data-start=\"859\" data-end=\"935\" data-is-last-node=\"\" data-is-only-node=\"\">Feito para mulheres que desejam brilhar com estilo, atitude e personalidade.<\/p>\n","protected":false},"excerpt":{"rendered":"<p>Um cl\u00e1ssico moderno para quem deseja presen\u00e7a marcante.O Vestido Woman curto decote costas combina brilho, sensualidade e eleg\u00e2ncia em uma \u00fanica pe\u00e7a, perfeito para noites especiais e ocasi\u00f5es que pedem um visual inesquec\u00edvel. Com acabamento em paet\u00ea, o vestido reflete a luz com intensidade na medida, criando um efeito sofisticado. A modelagem curta e ajustada real\u00e7a a silhueta, enquanto o detalhe de decote nas costas adiciona um toque ousado e feminino, garantindo um visual impec\u00e1vel de todos os \u00e2ngulos. Destaques \u2022 Curto e ajustado ao corpo\u2022 Acabamento em paet\u00ea com brilho elegante\u2022 Decote nas costas para um toque de sensualidade\u2022 Visual moderno e sofisticado Perfeito para Festas noturnas, eventos, baladas, comemora\u00e7\u00f5es especiais e produ\u00e7\u00f5es onde o destaque \u00e9 essencial. Feito para mulheres que desejam brilhar com estilo, atitude e personalidade.<\/p>\n","protected":false},"featured_media":3065,"comment_status":"open","ping_status":"closed","template":"","meta":{"_acf_changed":false},"product_brand":[],"product_cat":[94,93],"product_tag":[],"class_list":{"0":"post-3064","1":"product","2":"type-product","3":"status-publish","4":"has-post-thumbnail","6":"product_cat-destaques","7":"product_cat-vestidos","8":"pa_tamanho-36","9":"pa_tamanho-38","11":"first","12":"instock","13":"shipping-taxable","14":"purchasable","15":"product-type-variable","16":"rtwpvg-product"},"acf":[],"_links":{"self":[{"href":"https:\/\/app.huazapp.com\/woman\/wp-json\/wp\/v2\/product\/3064","targetHints":{"allow":["GET"]}}],"collection":[{"href":"https:\/\/app.huazapp.com\/woman\/wp-json\/wp\/v2\/product"}],"about":[{"href":"https:\/\/app.huazapp.com\/woman\/wp-json\/wp\/v2\/types\/product"}],"replies":[{"embeddable":true,"href":"https:\/\/app.huazapp.com\/woman\/wp-json\/wp\/v2\/comments?post=3064"}],"wp:featuredmedia":[{"embeddable":true,"href":"https:\/\/app.huazapp.com\/woman\/wp-json\/wp\/v2\/media\/3065"}],"wp:attachment":[{"href":"https:\/\/app.huazapp.com\/woman\/wp-json\/wp\/v2\/media?parent=3064"}],"wp:term":[{"taxonomy":"product_brand","embeddable":true,"href":"https:\/\/app.huazapp.com\/woman\/wp-json\/wp\/v2\/product_brand?post=3064"},{"taxonomy":"product_cat","embeddable":true,"href":"https:\/\/app.huazapp.com\/woman\/wp-json\/wp\/v2\/product_cat?post=3064"},{"taxonomy":"product_tag","embeddable":true,"href":"https:\/\/app.huazapp.com\/woman\/wp-json\/wp\/v2\/product_tag?post=3064"}],"curies":[{"name":"wp","href":"https:\/\/api.w.org\/{rel}","templated":true}]}}