{"id":3080,"date":"2025-11-10T17:20:45","date_gmt":"2025-11-10T20:20:45","guid":{"rendered":"https:\/\/app.huazapp.com\/woman\/?post_type=product&#038;p=3080"},"modified":"2025-11-11T18:02:22","modified_gmt":"2025-11-11T21:02:22","slug":"vestido-woman-tomara-que-caia","status":"publish","type":"product","link":"https:\/\/app.huazapp.com\/woman\/produto\/vestido-woman-tomara-que-caia\/","title":{"rendered":"Vestido Woman tomara que caia"},"content":{"rendered":"<p data-start=\"47\" data-end=\"273\">Leveza, frescor e estilo em uma \u00fanica pe\u00e7a.<br data-start=\"90\" data-end=\"93\" \/>O Vestido Woman tomara que caia foi criado para quem busca um visual feminino, descomplicado e elegante, perfeito para dias de sol ou ocasi\u00f5es casuais com um toque de sofistica\u00e7\u00e3o.<\/p>\n<p data-start=\"275\" data-end=\"600\">O modelo tomara que caia real\u00e7a o colo com suavidade, garantindo liberdade e conforto. Seu comprimento midi equilibra modernidade e delicadeza, enquanto a estampa geom\u00e9trica em tons de azul traz personalidade e um charme tropical. O la\u00e7o lateral na cintura adiciona um detalhe especial e favorece a silhueta de forma natural.<\/p>\n<p data-start=\"602\" data-end=\"763\"><strong data-start=\"602\" data-end=\"615\">Destaques<\/strong><br data-start=\"615\" data-end=\"618\" \/>\u2022 Decote tomara que caia<br data-start=\"642\" data-end=\"645\" \/>\u2022 Estampa geom\u00e9trica em tons de azul<br data-start=\"681\" data-end=\"684\" \/>\u2022 Amarra\u00e7\u00e3o lateral que valoriza a cintura<br data-start=\"726\" data-end=\"729\" data-is-only-node=\"\" \/>\u2022 Comprimento midi leve e fluido<\/p>\n<p data-start=\"765\" data-end=\"863\"><strong data-start=\"765\" data-end=\"782\">Perfeito para<\/strong><br data-start=\"782\" data-end=\"785\" \/>Passeios, viagens, almo\u00e7os, eventos ao ar livre e produ\u00e7\u00f5es casuais elegantes.<\/p>\n<p data-start=\"865\" data-end=\"950\" data-is-last-node=\"\" data-is-only-node=\"\">Um vestido vers\u00e1til e encantador para acompanhar voc\u00ea com estilo em qualquer momento.<\/p>\n","protected":false},"excerpt":{"rendered":"<p>Leveza, frescor e estilo em uma \u00fanica pe\u00e7a.O Vestido Woman tomara que caia foi criado para quem busca um visual feminino, descomplicado e elegante, perfeito para dias de sol ou ocasi\u00f5es casuais com um toque de sofistica\u00e7\u00e3o. O modelo tomara que caia real\u00e7a o colo com suavidade, garantindo liberdade e conforto. Seu comprimento midi equilibra modernidade e delicadeza, enquanto a estampa geom\u00e9trica em tons de azul traz personalidade e um charme tropical. O la\u00e7o lateral na cintura adiciona um detalhe especial e favorece a silhueta de forma natural. Destaques\u2022 Decote tomara que caia\u2022 Estampa geom\u00e9trica em tons de azul\u2022 Amarra\u00e7\u00e3o lateral que valoriza a cintura\u2022 Comprimento midi leve e fluido Perfeito paraPasseios, viagens, almo\u00e7os, eventos ao ar livre e produ\u00e7\u00f5es casuais elegantes. Um vestido vers\u00e1til e encantador para acompanhar voc\u00ea com estilo em qualquer momento.<\/p>\n","protected":false},"featured_media":3081,"comment_status":"open","ping_status":"closed","template":"","meta":{"_acf_changed":false},"product_brand":[],"product_cat":[93],"product_tag":[],"class_list":{"0":"post-3080","1":"product","2":"type-product","3":"status-publish","4":"has-post-thumbnail","6":"product_cat-vestidos","7":"pa_tamanho-g","8":"pa_tamanho-m","9":"pa_tamanho-p","11":"first","12":"instock","13":"shipping-taxable","14":"purchasable","15":"product-type-variable","16":"rtwpvg-product"},"acf":[],"_links":{"self":[{"href":"https:\/\/app.huazapp.com\/woman\/wp-json\/wp\/v2\/product\/3080","targetHints":{"allow":["GET"]}}],"collection":[{"href":"https:\/\/app.huazapp.com\/woman\/wp-json\/wp\/v2\/product"}],"about":[{"href":"https:\/\/app.huazapp.com\/woman\/wp-json\/wp\/v2\/types\/product"}],"replies":[{"embeddable":true,"href":"https:\/\/app.huazapp.com\/woman\/wp-json\/wp\/v2\/comments?post=3080"}],"wp:featuredmedia":[{"embeddable":true,"href":"https:\/\/app.huazapp.com\/woman\/wp-json\/wp\/v2\/media\/3081"}],"wp:attachment":[{"href":"https:\/\/app.huazapp.com\/woman\/wp-json\/wp\/v2\/media?parent=3080"}],"wp:term":[{"taxonomy":"product_brand","embeddable":true,"href":"https:\/\/app.huazapp.com\/woman\/wp-json\/wp\/v2\/product_brand?post=3080"},{"taxonomy":"product_cat","embeddable":true,"href":"https:\/\/app.huazapp.com\/woman\/wp-json\/wp\/v2\/product_cat?post=3080"},{"taxonomy":"product_tag","embeddable":true,"href":"https:\/\/app.huazapp.com\/woman\/wp-json\/wp\/v2\/product_tag?post=3080"}],"curies":[{"name":"wp","href":"https:\/\/api.w.org\/{rel}","templated":true}]}}