{"id":3161,"date":"2025-11-10T20:53:37","date_gmt":"2025-11-10T23:53:37","guid":{"rendered":"https:\/\/app.huazapp.com\/woman\/?post_type=product&#038;p=3161"},"modified":"2025-11-11T18:04:06","modified_gmt":"2025-11-11T21:04:06","slug":"perfume-jean-paul-gaultier-scandal-eau-de-parfum-feminino-80ml","status":"publish","type":"product","link":"https:\/\/app.huazapp.com\/woman\/produto\/perfume-jean-paul-gaultier-scandal-eau-de-parfum-feminino-80ml\/","title":{"rendered":"Perfume Jean Paul Gaultier Scandal Eau de Parfum Feminino 80ML"},"content":{"rendered":"<p>Scandal, o perfume de uma mulher que \u00e9 livre e forte. De dia, nossa Ministra \u00e9 muito s\u00e9ria, com a mente em seus arquivos. De noite, Madame Ministra \u00e9 uma coruja noturna excit\u00e1vel, bronzeada, que tem seus &#8220;pr\u00f3prios arquivos noturnos&#8221; em atividade, e n\u00e3o debaixo de seus bra\u00e7os. Dois mundos que poderiam ter permanecido separados&#8230; at\u00e9 o dia em que os paparazzi tiraram uma foto que invadiu as redes sociais&#8230; Esc\u00e2ndalo!<\/p>\n<p>A Fragr\u00e2ncia:<br \/>\n&#8211; O cora\u00e7\u00e3o desta fragr\u00e2ncia \u00e9 sobre a vida. Durante o dia, \u00e9 um mel gourmet refrescante que cheira como gard\u00eania e laranja sangu\u00ednea, quase infantil. \u00c0 noite, \u00e9 um mel sensual e sedutor misturado com patchuli. A perfumista, Daphne Bugey (junto com Fabrice Pellegrin e Christophe Raynaud), tinha um pensamento em mente: criar uma fragr\u00e2ncia que pudesse representar inteiramente. Para os tr\u00eas, a resposta foi Scandal.<\/p>\n<p>O Frasco:<br \/>\n&#8211; A forma deste Scandal expressa alegria. Os frascos de Gaultier eram bustos; agora, s\u00e3o pernas! Este par de pernas nos lembra com que alegria se mergulha em Paris \u00e0 noite.<\/p>\n<p>&#8211; Um perfume de esc\u00e2ndalo que tamb\u00e9m representa muito bem&#8230; Jean Paul Gaultier!<\/p>\n<h4>ESPECIFICA\u00c7\u00d5ES<\/h4>\n<div class=\"table-counter\">\n<table class=\"table table-details table-hover table-striped cke_show_border\">\n<tbody>\n<tr>\n<td>Marca<\/td>\n<td>Jean Paul Gaultier<\/td>\n<\/tr>\n<tr>\n<td>G\u00eanero<\/td>\n<td>Feminino<\/td>\n<\/tr>\n<tr>\n<td>Classifica\u00e7\u00e3o<\/td>\n<td>Eau de Parfum &#8211; EDP<\/td>\n<\/tr>\n<tr>\n<td>Volume<\/td>\n<td>80ML<\/td>\n<\/tr>\n<tr>\n<td>Fam\u00edlia Olfativa<\/td>\n<td>Chipre Floral<\/td>\n<\/tr>\n<tr>\n<td>Notas de Topo<\/td>\n<td>Laranja Sangu\u00ednea e Gard\u00eania<\/td>\n<\/tr>\n<tr>\n<td>Notas de Cora\u00e7\u00e3o<\/td>\n<td>Mel<\/td>\n<\/tr>\n<tr>\n<td>Notas de Fundo<\/td>\n<td>Patchouli<\/td>\n<\/tr>\n<tr>\n<td>Ano de Lan\u00e7amento<\/td>\n<td>2017<\/td>\n<\/tr>\n<tr>\n<td>Perfumista<\/td>\n<td>Daphne Bugey<\/td>\n<\/tr>\n<\/tbody>\n<\/table>\n<\/div>\n","protected":false},"excerpt":{"rendered":"<p>Scandal, o perfume de uma mulher que \u00e9 livre e forte. De dia, nossa Ministra \u00e9 muito s\u00e9ria, com a mente em seus arquivos. De noite, Madame Ministra \u00e9 uma coruja noturna excit\u00e1vel, bronzeada, que tem seus &#8220;pr\u00f3prios arquivos noturnos&#8221; em atividade, e n\u00e3o debaixo de seus bra\u00e7os. Dois mundos que poderiam ter permanecido separados&#8230; at\u00e9 o dia em que os paparazzi tiraram uma foto que invadiu as redes sociais&#8230; Esc\u00e2ndalo! A Fragr\u00e2ncia: &#8211; O cora\u00e7\u00e3o desta fragr\u00e2ncia \u00e9 sobre a vida. Durante o dia, \u00e9 um mel gourmet refrescante que cheira como gard\u00eania e laranja sangu\u00ednea, quase infantil. \u00c0 noite, \u00e9 um mel sensual e sedutor misturado com patchuli. A perfumista, Daphne Bugey (junto com Fabrice Pellegrin e Christophe Raynaud), tinha um pensamento em mente: criar uma fragr\u00e2ncia que pudesse representar inteiramente. Para os tr\u00eas, a resposta foi Scandal. O Frasco: &#8211; A forma deste Scandal expressa alegria. Os frascos de Gaultier eram bustos; agora, s\u00e3o pernas! Este par de pernas nos lembra com que alegria se mergulha em Paris \u00e0 noite. &#8211; Um perfume de esc\u00e2ndalo que tamb\u00e9m representa muito bem&#8230; Jean Paul Gaultier! ESPECIFICA\u00c7\u00d5ES Marca Jean Paul Gaultier G\u00eanero Feminino Classifica\u00e7\u00e3o Eau de Parfum &#8211; EDP Volume 80ML Fam\u00edlia Olfativa Chipre Floral Notas de Topo Laranja Sangu\u00ednea e Gard\u00eania Notas de Cora\u00e7\u00e3o Mel Notas de Fundo Patchouli Ano de Lan\u00e7amento 2017 Perfumista Daphne Bugey<\/p>\n","protected":false},"featured_media":3162,"comment_status":"open","ping_status":"closed","template":"","meta":{"_acf_changed":false},"product_brand":[],"product_cat":[94,96,18],"product_tag":[],"class_list":{"0":"post-3161","1":"product","2":"type-product","3":"status-publish","4":"has-post-thumbnail","6":"product_cat-destaques","7":"product_cat-perfumes","8":"product_cat-woman","10":"first","11":"instock","12":"shipping-taxable","13":"purchasable","14":"product-type-simple"},"acf":[],"_links":{"self":[{"href":"https:\/\/app.huazapp.com\/woman\/wp-json\/wp\/v2\/product\/3161","targetHints":{"allow":["GET"]}}],"collection":[{"href":"https:\/\/app.huazapp.com\/woman\/wp-json\/wp\/v2\/product"}],"about":[{"href":"https:\/\/app.huazapp.com\/woman\/wp-json\/wp\/v2\/types\/product"}],"replies":[{"embeddable":true,"href":"https:\/\/app.huazapp.com\/woman\/wp-json\/wp\/v2\/comments?post=3161"}],"wp:featuredmedia":[{"embeddable":true,"href":"https:\/\/app.huazapp.com\/woman\/wp-json\/wp\/v2\/media\/3162"}],"wp:attachment":[{"href":"https:\/\/app.huazapp.com\/woman\/wp-json\/wp\/v2\/media?parent=3161"}],"wp:term":[{"taxonomy":"product_brand","embeddable":true,"href":"https:\/\/app.huazapp.com\/woman\/wp-json\/wp\/v2\/product_brand?post=3161"},{"taxonomy":"product_cat","embeddable":true,"href":"https:\/\/app.huazapp.com\/woman\/wp-json\/wp\/v2\/product_cat?post=3161"},{"taxonomy":"product_tag","embeddable":true,"href":"https:\/\/app.huazapp.com\/woman\/wp-json\/wp\/v2\/product_tag?post=3161"}],"curies":[{"name":"wp","href":"https:\/\/api.w.org\/{rel}","templated":true}]}}