{"id":3171,"date":"2025-11-10T21:08:29","date_gmt":"2025-11-11T00:08:29","guid":{"rendered":"https:\/\/app.huazapp.com\/woman\/?post_type=product&#038;p=3171"},"modified":"2025-11-10T21:09:01","modified_gmt":"2025-11-11T00:09:01","slug":"perfume-versace-bright-crystal-absolu-eau-de-parfum-feminino-90ml","status":"publish","type":"product","link":"https:\/\/app.huazapp.com\/woman\/produto\/perfume-versace-bright-crystal-absolu-eau-de-parfum-feminino-90ml\/","title":{"rendered":"Perfume Versace Bright Crystal Absolu Eau de Parfum Feminino 90ML"},"content":{"rendered":"<p>Perfume feminino luminoso e luxuoso. Bright Crystal Absolu de Versace \u00e9 uma vers\u00e3o mais intensa e duradoura do original, Bright Crystal. Teve sua ess\u00eancia elevada ao extremo, tornando-se ainda mais inebriante.<\/p>\n<p>Bright Crystal Absolu \u00e9 um floral frutal para uma mulher que confia em sua feminilidade e em seu poder de seduzir.<\/p>\n<p>Apaixonante, \u00e9 uma fragr\u00e2ncia floral frutal que exala absoluta feminilidade atrav\u00e9s de seus acordes. Nas palavras de Donatella Versace: &#8221; Bright Crystal Absolu \u00e9 intenso, vibrante, sensual e glamouroso&#8221;. Com notas olfativas harmoniosas, \u00e9 brilhante como uma j\u00f3ia.<\/p>\n<p>Ocasi\u00e3o:<br \/>\n&#8211; Perfume perfeito para usar durante o dia.<\/p>\n<div><strong>DETALHES DO PRODUTO<\/strong><\/div>\n<div class=\"table-counter\">\n<table class=\"table table-details table-hover table-striped cke_show_border\">\n<tbody>\n<tr>\n<td>Marca<\/td>\n<td>Versace<\/td>\n<\/tr>\n<tr>\n<td>G\u00eanero<\/td>\n<td>Feminino<\/td>\n<\/tr>\n<tr>\n<td>Concentra\u00e7\u00e3o<\/td>\n<td>Eau de Parfum &#8211; EDP<\/td>\n<\/tr>\n<tr>\n<td>Volume<\/td>\n<td>90ML<\/td>\n<\/tr>\n<tr>\n<td>Fam\u00edlia Olfativa<\/td>\n<td>Floral, Frutal<\/td>\n<\/tr>\n<tr>\n<td>Notas de Topo<\/td>\n<td>Yuzu e Rom\u00e3<\/td>\n<\/tr>\n<tr>\n<td>Notas de Cora\u00e7\u00e3o<\/td>\n<td>L\u00f3tus, Pe\u00f4nia, Framboesa e Magn\u00f3lia<\/td>\n<\/tr>\n<tr>\n<td>Notas de Fundo<\/td>\n<td>\u00c2mbar, Alm\u00edscar e Mogno<\/td>\n<\/tr>\n<tr>\n<td>Intensidade<\/td>\n<td>Moderada \/ Alto<\/td>\n<\/tr>\n<tr>\n<td>Tempo de Fixa\u00e7\u00e3o<\/td>\n<td>Longo<\/td>\n<\/tr>\n<tr>\n<td>Ocasi\u00e3o<\/td>\n<td>Sofisticada<\/td>\n<\/tr>\n<tr>\n<td>Tipo de Aplica\u00e7\u00e3o<\/td>\n<td>Spray<\/td>\n<\/tr>\n<tr>\n<td>Ano de Lan\u00e7amento<\/td>\n<td>2013<\/td>\n<\/tr>\n<tr>\n<td>Perfumista<\/td>\n<td>Alberto Morillas<\/td>\n<\/tr>\n<\/tbody>\n<\/table>\n<\/div>\n","protected":false},"excerpt":{"rendered":"<p>Perfume feminino luminoso e luxuoso. Bright Crystal Absolu de Versace \u00e9 uma vers\u00e3o mais intensa e duradoura do original, Bright Crystal. Teve sua ess\u00eancia elevada ao extremo, tornando-se ainda mais inebriante. Bright Crystal Absolu \u00e9 um floral frutal para uma mulher que confia em sua feminilidade e em seu poder de seduzir. Apaixonante, \u00e9 uma fragr\u00e2ncia floral frutal que exala absoluta feminilidade atrav\u00e9s de seus acordes. Nas palavras de Donatella Versace: &#8221; Bright Crystal Absolu \u00e9 intenso, vibrante, sensual e glamouroso&#8221;. Com notas olfativas harmoniosas, \u00e9 brilhante como uma j\u00f3ia. Ocasi\u00e3o: &#8211; Perfume perfeito para usar durante o dia. DETALHES DO PRODUTO Marca Versace G\u00eanero Feminino Concentra\u00e7\u00e3o Eau de Parfum &#8211; EDP Volume 90ML Fam\u00edlia Olfativa Floral, Frutal Notas de Topo Yuzu e Rom\u00e3 Notas de Cora\u00e7\u00e3o L\u00f3tus, Pe\u00f4nia, Framboesa e Magn\u00f3lia Notas de Fundo \u00c2mbar, Alm\u00edscar e Mogno Intensidade Moderada \/ Alto Tempo de Fixa\u00e7\u00e3o Longo Ocasi\u00e3o Sofisticada Tipo de Aplica\u00e7\u00e3o Spray Ano de Lan\u00e7amento 2013 Perfumista Alberto Morillas<\/p>\n","protected":false},"featured_media":3175,"comment_status":"open","ping_status":"closed","template":"","meta":{"_acf_changed":false},"product_brand":[],"product_cat":[96],"product_tag":[],"class_list":{"0":"post-3171","1":"product","2":"type-product","3":"status-publish","4":"has-post-thumbnail","6":"product_cat-perfumes","8":"first","9":"instock","10":"shipping-taxable","11":"purchasable","12":"product-type-simple"},"acf":[],"_links":{"self":[{"href":"https:\/\/app.huazapp.com\/woman\/wp-json\/wp\/v2\/product\/3171","targetHints":{"allow":["GET"]}}],"collection":[{"href":"https:\/\/app.huazapp.com\/woman\/wp-json\/wp\/v2\/product"}],"about":[{"href":"https:\/\/app.huazapp.com\/woman\/wp-json\/wp\/v2\/types\/product"}],"replies":[{"embeddable":true,"href":"https:\/\/app.huazapp.com\/woman\/wp-json\/wp\/v2\/comments?post=3171"}],"wp:featuredmedia":[{"embeddable":true,"href":"https:\/\/app.huazapp.com\/woman\/wp-json\/wp\/v2\/media\/3175"}],"wp:attachment":[{"href":"https:\/\/app.huazapp.com\/woman\/wp-json\/wp\/v2\/media?parent=3171"}],"wp:term":[{"taxonomy":"product_brand","embeddable":true,"href":"https:\/\/app.huazapp.com\/woman\/wp-json\/wp\/v2\/product_brand?post=3171"},{"taxonomy":"product_cat","embeddable":true,"href":"https:\/\/app.huazapp.com\/woman\/wp-json\/wp\/v2\/product_cat?post=3171"},{"taxonomy":"product_tag","embeddable":true,"href":"https:\/\/app.huazapp.com\/woman\/wp-json\/wp\/v2\/product_tag?post=3171"}],"curies":[{"name":"wp","href":"https:\/\/api.w.org\/{rel}","templated":true}]}}