{"id":3176,"date":"2025-11-10T21:16:37","date_gmt":"2025-11-11T00:16:37","guid":{"rendered":"https:\/\/app.huazapp.com\/woman\/?post_type=product&#038;p=3176"},"modified":"2025-11-10T21:17:05","modified_gmt":"2025-11-11T00:17:05","slug":"perfume-versace-dylan-turquoise-eau-de-toilette-feminino-100ml","status":"publish","type":"product","link":"https:\/\/app.huazapp.com\/woman\/produto\/perfume-versace-dylan-turquoise-eau-de-toilette-feminino-100ml\/","title":{"rendered":"Perfume Versace Dylan Turquoise Eau de Toilette Feminino 100ML"},"content":{"rendered":"<p>Inspirado numa escapada as ilhas distantes, Dylan Turquoise Pour Femme \u00e9 uma ode \u00e0 sensualidade da mulher Versace. Uma fragr\u00e2ncia vibrante e luminosa.<\/p>\n<p>O frasco apresenta curvas elegantes que lembram uma \u00e2nfora, evocando fortemente a cultura e a mitologia grega. O vidro fosco\u00a0azul turquesa, reflete as \u00e1guas cristalinas do mar e denota um desejo constante pelo ver\u00e3o.<\/p>\n<div class=\"box-title blue padding-bottom-0\">\n<div class=\"box-title blue padding-bottom-0\">\n<p>DETALHES DO PRODUTO<\/p>\n<\/div>\n<div class=\"table-counter\">\n<table class=\"table table-details table-hover table-striped cke_show_border\">\n<tbody>\n<tr>\n<td>Marca<\/td>\n<td>Versace<\/td>\n<\/tr>\n<tr>\n<td>G\u00eanero<\/td>\n<td>Feminino<\/td>\n<\/tr>\n<tr>\n<td>Classifica\u00e7\u00e3o<\/td>\n<td>Eau de Toilette &#8211; EDT<\/td>\n<\/tr>\n<tr>\n<td>Volume<\/td>\n<td>100ML<\/td>\n<\/tr>\n<tr>\n<td>Fam\u00edlia Olfativa<\/td>\n<td>Floral Frutal<\/td>\n<\/tr>\n<tr>\n<td>Notas de Topo<\/td>\n<td>Lim\u00e3o, Tangerina e Pimenta Rosa<\/td>\n<\/tr>\n<tr>\n<td>Notas de Cora\u00e7\u00e3o<\/td>\n<td>Goiaba, Fr\u00e9sia, Cassis ou Groselha e Jasmim<\/td>\n<\/tr>\n<tr>\n<td>Notas de Fundo<\/td>\n<td>Clearwood, Alm\u00edscar e Cedro<\/td>\n<\/tr>\n<\/tbody>\n<\/table>\n<\/div>\n<\/div>\n","protected":false},"excerpt":{"rendered":"<p>Inspirado numa escapada as ilhas distantes, Dylan Turquoise Pour Femme \u00e9 uma ode \u00e0 sensualidade da mulher Versace. Uma fragr\u00e2ncia vibrante e luminosa. O frasco apresenta curvas elegantes que lembram uma \u00e2nfora, evocando fortemente a cultura e a mitologia grega. O vidro fosco\u00a0azul turquesa, reflete as \u00e1guas cristalinas do mar e denota um desejo constante pelo ver\u00e3o. DETALHES DO PRODUTO Marca Versace G\u00eanero Feminino Classifica\u00e7\u00e3o Eau de Toilette &#8211; EDT Volume 100ML Fam\u00edlia Olfativa Floral Frutal Notas de Topo Lim\u00e3o, Tangerina e Pimenta Rosa Notas de Cora\u00e7\u00e3o Goiaba, Fr\u00e9sia, Cassis ou Groselha e Jasmim Notas de Fundo Clearwood, Alm\u00edscar e Cedro<\/p>\n","protected":false},"featured_media":3180,"comment_status":"open","ping_status":"closed","template":"","meta":{"_acf_changed":false},"product_brand":[],"product_cat":[96],"product_tag":[],"class_list":{"0":"post-3176","1":"product","2":"type-product","3":"status-publish","4":"has-post-thumbnail","6":"product_cat-perfumes","8":"first","9":"instock","10":"shipping-taxable","11":"purchasable","12":"product-type-simple"},"acf":[],"_links":{"self":[{"href":"https:\/\/app.huazapp.com\/woman\/wp-json\/wp\/v2\/product\/3176","targetHints":{"allow":["GET"]}}],"collection":[{"href":"https:\/\/app.huazapp.com\/woman\/wp-json\/wp\/v2\/product"}],"about":[{"href":"https:\/\/app.huazapp.com\/woman\/wp-json\/wp\/v2\/types\/product"}],"replies":[{"embeddable":true,"href":"https:\/\/app.huazapp.com\/woman\/wp-json\/wp\/v2\/comments?post=3176"}],"wp:featuredmedia":[{"embeddable":true,"href":"https:\/\/app.huazapp.com\/woman\/wp-json\/wp\/v2\/media\/3180"}],"wp:attachment":[{"href":"https:\/\/app.huazapp.com\/woman\/wp-json\/wp\/v2\/media?parent=3176"}],"wp:term":[{"taxonomy":"product_brand","embeddable":true,"href":"https:\/\/app.huazapp.com\/woman\/wp-json\/wp\/v2\/product_brand?post=3176"},{"taxonomy":"product_cat","embeddable":true,"href":"https:\/\/app.huazapp.com\/woman\/wp-json\/wp\/v2\/product_cat?post=3176"},{"taxonomy":"product_tag","embeddable":true,"href":"https:\/\/app.huazapp.com\/woman\/wp-json\/wp\/v2\/product_tag?post=3176"}],"curies":[{"name":"wp","href":"https:\/\/api.w.org\/{rel}","templated":true}]}}