{"id":3182,"date":"2025-11-10T21:24:34","date_gmt":"2025-11-11T00:24:34","guid":{"rendered":"https:\/\/app.huazapp.com\/woman\/?post_type=product&#038;p=3182"},"modified":"2025-11-10T21:25:17","modified_gmt":"2025-11-11T00:25:17","slug":"perfume-moschino-toy-2-eau-de-parfum-feminino-100ml","status":"publish","type":"product","link":"https:\/\/app.huazapp.com\/woman\/produto\/perfume-moschino-toy-2-eau-de-parfum-feminino-100ml\/","title":{"rendered":"Perfume Moschino Toy 2 Eau de Parfum Feminino 100ML"},"content":{"rendered":"<p>O retorno da fragr\u00e2ncia do Teddy Bear, urso ic\u00f4nico de Moschino, em uma vers\u00e3o mais atual e moderna.<\/p>\n<p>O Perfume Moschino Toy 2 \u00e9 brilhante e quente ao mesmo tempo. Sua ess\u00eancia est\u00e1 na harmonia entre as notas de tangerina, ma\u00e7\u00e3 verde, pe\u00f4nia e madeira de \u00e2mbar. O frasco traz o Teddy Bear em um abra\u00e7o caloroso \u00e0 fragr\u00e2ncia, o que forma uma composi\u00e7\u00e3o marcada pelo vidro fino e o urso opaco.<\/p>\n<p>Ocasi\u00e3o:<br \/>\n&#8211; Ideal para dias e noites quentes da primavera e ver\u00e3o, seja para momentos de lazer, ocasi\u00f5es especiais ou encontros.<\/p>\n<div class=\"box-title blue padding-bottom-0\">\n<p><strong>DETALHES DO PRODUTO<\/strong><\/p>\n<\/div>\n<div class=\"table-counter\">\n<table class=\"table table-details table-hover table-striped cke_show_border\">\n<tbody>\n<tr>\n<td>Marca<\/td>\n<td>Moschino<\/td>\n<\/tr>\n<tr>\n<td>G\u00eanero<\/td>\n<td>Feminino<\/td>\n<\/tr>\n<tr>\n<td>Classifica\u00e7\u00e3o<\/td>\n<td>Eau de Parfum &#8211; EDP<\/td>\n<\/tr>\n<tr>\n<td>Volume<\/td>\n<td>100ML<\/td>\n<\/tr>\n<tr>\n<td>Fam\u00edlia Olfativa<\/td>\n<td>Floral Amadeirado<\/td>\n<\/tr>\n<tr>\n<td>Notas de Topo<\/td>\n<td>Magn\u00f3lia, Ma\u00e7\u00e3 Verde e Tangerina<\/td>\n<\/tr>\n<tr>\n<td>Notas de Cora\u00e7\u00e3o<\/td>\n<td>Groselha-Branca, Pe\u00f4nia e P\u00e9talas de Jasmim<\/td>\n<\/tr>\n<tr>\n<td>Notas de Fundo<\/td>\n<td>S\u00e2ndalo, Alm\u00edscar e Madeira de \u00c2mbar<\/td>\n<\/tr>\n<\/tbody>\n<\/table>\n<\/div>\n","protected":false},"excerpt":{"rendered":"<p>O retorno da fragr\u00e2ncia do Teddy Bear, urso ic\u00f4nico de Moschino, em uma vers\u00e3o mais atual e moderna. O Perfume Moschino Toy 2 \u00e9 brilhante e quente ao mesmo tempo. Sua ess\u00eancia est\u00e1 na harmonia entre as notas de tangerina, ma\u00e7\u00e3 verde, pe\u00f4nia e madeira de \u00e2mbar. O frasco traz o Teddy Bear em um abra\u00e7o caloroso \u00e0 fragr\u00e2ncia, o que forma uma composi\u00e7\u00e3o marcada pelo vidro fino e o urso opaco. Ocasi\u00e3o: &#8211; Ideal para dias e noites quentes da primavera e ver\u00e3o, seja para momentos de lazer, ocasi\u00f5es especiais ou encontros. DETALHES DO PRODUTO Marca Moschino G\u00eanero Feminino Classifica\u00e7\u00e3o Eau de Parfum &#8211; EDP Volume 100ML Fam\u00edlia Olfativa Floral Amadeirado Notas de Topo Magn\u00f3lia, Ma\u00e7\u00e3 Verde e Tangerina Notas de Cora\u00e7\u00e3o Groselha-Branca, Pe\u00f4nia e P\u00e9talas de Jasmim Notas de Fundo S\u00e2ndalo, Alm\u00edscar e Madeira de \u00c2mbar<\/p>\n","protected":false},"featured_media":3185,"comment_status":"open","ping_status":"closed","template":"","meta":{"_acf_changed":false},"product_brand":[],"product_cat":[96],"product_tag":[],"class_list":{"0":"post-3182","1":"product","2":"type-product","3":"status-publish","4":"has-post-thumbnail","6":"product_cat-perfumes","8":"first","9":"instock","10":"shipping-taxable","11":"purchasable","12":"product-type-simple"},"acf":[],"_links":{"self":[{"href":"https:\/\/app.huazapp.com\/woman\/wp-json\/wp\/v2\/product\/3182","targetHints":{"allow":["GET"]}}],"collection":[{"href":"https:\/\/app.huazapp.com\/woman\/wp-json\/wp\/v2\/product"}],"about":[{"href":"https:\/\/app.huazapp.com\/woman\/wp-json\/wp\/v2\/types\/product"}],"replies":[{"embeddable":true,"href":"https:\/\/app.huazapp.com\/woman\/wp-json\/wp\/v2\/comments?post=3182"}],"wp:featuredmedia":[{"embeddable":true,"href":"https:\/\/app.huazapp.com\/woman\/wp-json\/wp\/v2\/media\/3185"}],"wp:attachment":[{"href":"https:\/\/app.huazapp.com\/woman\/wp-json\/wp\/v2\/media?parent=3182"}],"wp:term":[{"taxonomy":"product_brand","embeddable":true,"href":"https:\/\/app.huazapp.com\/woman\/wp-json\/wp\/v2\/product_brand?post=3182"},{"taxonomy":"product_cat","embeddable":true,"href":"https:\/\/app.huazapp.com\/woman\/wp-json\/wp\/v2\/product_cat?post=3182"},{"taxonomy":"product_tag","embeddable":true,"href":"https:\/\/app.huazapp.com\/woman\/wp-json\/wp\/v2\/product_tag?post=3182"}],"curies":[{"name":"wp","href":"https:\/\/api.w.org\/{rel}","templated":true}]}}