{"id":3194,"date":"2025-11-10T21:58:30","date_gmt":"2025-11-11T00:58:30","guid":{"rendered":"https:\/\/app.huazapp.com\/woman\/?post_type=product&#038;p=3194"},"modified":"2025-11-11T18:03:54","modified_gmt":"2025-11-11T21:03:54","slug":"oculos-de-sol-burberry","status":"publish","type":"product","link":"https:\/\/app.huazapp.com\/woman\/produto\/oculos-de-sol-burberry\/","title":{"rendered":"\u00d3culos de Sol Burberry"},"content":{"rendered":"<p data-start=\"40\" data-end=\"321\">Sofistica\u00e7\u00e3o atemporal com design marcante.<br data-start=\"83\" data-end=\"86\" \/>O \u00d3culos de Sol Burberry combina linhas elegantes e modernas em um modelo que traduz personalidade e refinamento. Seu formato levemente gatinho proporciona um visual estiloso e feminino, perfeito para quem busca presen\u00e7a com discri\u00e7\u00e3o.<\/p>\n<p data-start=\"323\" data-end=\"524\">As lentes escuras oferecem prote\u00e7\u00e3o e conforto em diferentes ambientes, enquanto as hastes com detalhe estampado remetem \u00e0 identidade ic\u00f4nica da Burberry, garantindo autenticidade e acabamento premium.<\/p>\n<p data-start=\"526\" data-end=\"689\"><strong data-start=\"526\" data-end=\"539\">Destaques<\/strong><br data-start=\"539\" data-end=\"542\" \/>\u2022 Formato levemente gatinho<br data-start=\"569\" data-end=\"572\" \/>\u2022 Lentes escuras para maior conforto visual<br data-start=\"615\" data-end=\"618\" \/>\u2022 Hastes com detalhe estampado ic\u00f4nico<br data-start=\"656\" data-end=\"659\" \/>\u2022 Design elegante e vers\u00e1til<\/p>\n<p data-start=\"691\" data-end=\"812\" data-is-last-node=\"\" data-is-only-node=\"\">Ideal para compor looks urbanos, casuais ou sofisticados, adicionando um toque de luxo e modernidade em qualquer ocasi\u00e3o.<\/p>\n","protected":false},"excerpt":{"rendered":"<p>Sofistica\u00e7\u00e3o atemporal com design marcante.O \u00d3culos de Sol Burberry combina linhas elegantes e modernas em um modelo que traduz personalidade e refinamento. Seu formato levemente gatinho proporciona um visual estiloso e feminino, perfeito para quem busca presen\u00e7a com discri\u00e7\u00e3o. As lentes escuras oferecem prote\u00e7\u00e3o e conforto em diferentes ambientes, enquanto as hastes com detalhe estampado remetem \u00e0 identidade ic\u00f4nica da Burberry, garantindo autenticidade e acabamento premium. Destaques\u2022 Formato levemente gatinho\u2022 Lentes escuras para maior conforto visual\u2022 Hastes com detalhe estampado ic\u00f4nico\u2022 Design elegante e vers\u00e1til Ideal para compor looks urbanos, casuais ou sofisticados, adicionando um toque de luxo e modernidade em qualquer ocasi\u00e3o.<\/p>\n","protected":false},"featured_media":3195,"comment_status":"open","ping_status":"closed","template":"","meta":{"_acf_changed":false},"product_brand":[],"product_cat":[97,94,98,18],"product_tag":[],"class_list":{"0":"post-3194","1":"product","2":"type-product","3":"status-publish","4":"has-post-thumbnail","6":"product_cat-acessorios","7":"product_cat-destaques","8":"product_cat-oculos","9":"product_cat-woman","11":"first","12":"instock","13":"shipping-taxable","14":"purchasable","15":"product-type-simple"},"acf":[],"_links":{"self":[{"href":"https:\/\/app.huazapp.com\/woman\/wp-json\/wp\/v2\/product\/3194","targetHints":{"allow":["GET"]}}],"collection":[{"href":"https:\/\/app.huazapp.com\/woman\/wp-json\/wp\/v2\/product"}],"about":[{"href":"https:\/\/app.huazapp.com\/woman\/wp-json\/wp\/v2\/types\/product"}],"replies":[{"embeddable":true,"href":"https:\/\/app.huazapp.com\/woman\/wp-json\/wp\/v2\/comments?post=3194"}],"wp:featuredmedia":[{"embeddable":true,"href":"https:\/\/app.huazapp.com\/woman\/wp-json\/wp\/v2\/media\/3195"}],"wp:attachment":[{"href":"https:\/\/app.huazapp.com\/woman\/wp-json\/wp\/v2\/media?parent=3194"}],"wp:term":[{"taxonomy":"product_brand","embeddable":true,"href":"https:\/\/app.huazapp.com\/woman\/wp-json\/wp\/v2\/product_brand?post=3194"},{"taxonomy":"product_cat","embeddable":true,"href":"https:\/\/app.huazapp.com\/woman\/wp-json\/wp\/v2\/product_cat?post=3194"},{"taxonomy":"product_tag","embeddable":true,"href":"https:\/\/app.huazapp.com\/woman\/wp-json\/wp\/v2\/product_tag?post=3194"}],"curies":[{"name":"wp","href":"https:\/\/api.w.org\/{rel}","templated":true}]}}