{"id":3209,"date":"2025-11-10T22:31:08","date_gmt":"2025-11-11T01:31:08","guid":{"rendered":"https:\/\/app.huazapp.com\/woman\/?post_type=product&#038;p=3209"},"modified":"2025-11-10T22:31:08","modified_gmt":"2025-11-11T01:31:08","slug":"carteira-feminina-preto-dourado","status":"publish","type":"product","link":"https:\/\/app.huazapp.com\/woman\/produto\/carteira-feminina-preto-dourado\/","title":{"rendered":"Carteira Feminina Preto Dourado"},"content":{"rendered":"<p data-start=\"49\" data-end=\"344\">Cl\u00e1ssica, elegante e vers\u00e1til.<br data-start=\"79\" data-end=\"82\" \/>A Carteira Feminina Preto Dourado traz um visual sofisticado que transita facilmente entre o dia e a noite. Seu acabamento em textura croco adiciona personalidade e requinte, enquanto o tom preto combinado ao detalhe dourado garante um toque luxuoso e atemporal.<\/p>\n<p data-start=\"346\" data-end=\"536\">Compacta e funcional, \u00e9 ideal para levar o essencial com estilo, comportando cart\u00f5es, notas e pequenos itens com praticidade. Uma pe\u00e7a que adiciona eleg\u00e2ncia instant\u00e2nea a qualquer produ\u00e7\u00e3o.<\/p>\n<p data-start=\"538\" data-end=\"706\"><strong data-start=\"538\" data-end=\"551\">Destaques<\/strong><br data-start=\"551\" data-end=\"554\" \/>\u2022 Textura croco sofisticada<br data-start=\"581\" data-end=\"584\" \/>\u2022 Acabamento preto com detalhe em dourado<br data-start=\"625\" data-end=\"628\" \/>\u2022 Design compacto e funcional<br data-start=\"657\" data-end=\"660\" \/>\u2022 Elegante e vers\u00e1til para diversas ocasi\u00f5es<\/p>\n<p data-start=\"708\" data-end=\"809\" data-is-last-node=\"\" data-is-only-node=\"\">Perfeita para complementar looks casuais ou formais, oferecendo charme e refinamento em cada detalhe.<\/p>\n","protected":false},"excerpt":{"rendered":"<p>Cl\u00e1ssica, elegante e vers\u00e1til.A Carteira Feminina Preto Dourado traz um visual sofisticado que transita facilmente entre o dia e a noite. Seu acabamento em textura croco adiciona personalidade e requinte, enquanto o tom preto combinado ao detalhe dourado garante um toque luxuoso e atemporal. Compacta e funcional, \u00e9 ideal para levar o essencial com estilo, comportando cart\u00f5es, notas e pequenos itens com praticidade. Uma pe\u00e7a que adiciona eleg\u00e2ncia instant\u00e2nea a qualquer produ\u00e7\u00e3o. Destaques\u2022 Textura croco sofisticada\u2022 Acabamento preto com detalhe em dourado\u2022 Design compacto e funcional\u2022 Elegante e vers\u00e1til para diversas ocasi\u00f5es Perfeita para complementar looks casuais ou formais, oferecendo charme e refinamento em cada detalhe.<\/p>\n","protected":false},"featured_media":3210,"comment_status":"open","ping_status":"closed","template":"","meta":{"_acf_changed":false},"product_brand":[],"product_cat":[97,100],"product_tag":[],"class_list":{"0":"post-3209","1":"product","2":"type-product","3":"status-publish","4":"has-post-thumbnail","6":"product_cat-acessorios","7":"product_cat-carteiras","9":"first","10":"instock","11":"shipping-taxable","12":"purchasable","13":"product-type-simple"},"acf":[],"_links":{"self":[{"href":"https:\/\/app.huazapp.com\/woman\/wp-json\/wp\/v2\/product\/3209","targetHints":{"allow":["GET"]}}],"collection":[{"href":"https:\/\/app.huazapp.com\/woman\/wp-json\/wp\/v2\/product"}],"about":[{"href":"https:\/\/app.huazapp.com\/woman\/wp-json\/wp\/v2\/types\/product"}],"replies":[{"embeddable":true,"href":"https:\/\/app.huazapp.com\/woman\/wp-json\/wp\/v2\/comments?post=3209"}],"wp:featuredmedia":[{"embeddable":true,"href":"https:\/\/app.huazapp.com\/woman\/wp-json\/wp\/v2\/media\/3210"}],"wp:attachment":[{"href":"https:\/\/app.huazapp.com\/woman\/wp-json\/wp\/v2\/media?parent=3209"}],"wp:term":[{"taxonomy":"product_brand","embeddable":true,"href":"https:\/\/app.huazapp.com\/woman\/wp-json\/wp\/v2\/product_brand?post=3209"},{"taxonomy":"product_cat","embeddable":true,"href":"https:\/\/app.huazapp.com\/woman\/wp-json\/wp\/v2\/product_cat?post=3209"},{"taxonomy":"product_tag","embeddable":true,"href":"https:\/\/app.huazapp.com\/woman\/wp-json\/wp\/v2\/product_tag?post=3209"}],"curies":[{"name":"wp","href":"https:\/\/api.w.org\/{rel}","templated":true}]}}