{"id":3216,"date":"2025-11-10T22:43:18","date_gmt":"2025-11-11T01:43:18","guid":{"rendered":"https:\/\/app.huazapp.com\/woman\/?post_type=product&#038;p=3216"},"modified":"2025-11-10T22:55:16","modified_gmt":"2025-11-11T01:55:16","slug":"cinto-de-couro-floter-feminino","status":"publish","type":"product","link":"https:\/\/app.huazapp.com\/woman\/produto\/cinto-de-couro-floter-feminino\/","title":{"rendered":"Cinto de couro floter feminino"},"content":{"rendered":"<p data-start=\"48\" data-end=\"341\">Sofistica\u00e7\u00e3o minimalista para elevar qualquer look.<br data-start=\"99\" data-end=\"102\" \/>O Cinto de Couro Floter Feminino \u00e9 um acess\u00f3rio elegante e vers\u00e1til, perfeito para destacar a silhueta com estilo. Produzido em couro texturizado, oferece toque suave e excelente durabilidade, garantindo uso prolongado sem perder o charme.<\/p>\n<p data-start=\"343\" data-end=\"571\">Seu tom neutro facilita combina\u00e7\u00f5es com diferentes pe\u00e7as e ocasi\u00f5es, enquanto a fivela dourada traz um toque moderno e refinado que ilumina a composi\u00e7\u00e3o. Ideal para ser usado com vestidos, saias, cal\u00e7as ou pe\u00e7as de cintura alta.<\/p>\n<p data-start=\"573\" data-end=\"724\"><strong data-start=\"573\" data-end=\"586\">Destaques<\/strong><br data-start=\"586\" data-end=\"589\" \/>\u2022 Couro floter texturizado<br data-start=\"615\" data-end=\"618\" \/>\u2022 Fivela dourada sofisticada<br data-start=\"646\" data-end=\"649\" \/>\u2022 Versatilidade para diversas combina\u00e7\u00f5es<br data-start=\"690\" data-end=\"693\" \/>\u2022 Design elegante e atemporal<\/p>\n<p data-start=\"726\" data-end=\"806\" data-is-last-node=\"\" data-is-only-node=\"\">A escolha perfeita para quem busca um acess\u00f3rio funcional com eleg\u00e2ncia natural.<\/p>\n","protected":false},"excerpt":{"rendered":"<p>Sofistica\u00e7\u00e3o minimalista para elevar qualquer look.O Cinto de Couro Floter Feminino \u00e9 um acess\u00f3rio elegante e vers\u00e1til, perfeito para destacar a silhueta com estilo. Produzido em couro texturizado, oferece toque suave e excelente durabilidade, garantindo uso prolongado sem perder o charme. Seu tom neutro facilita combina\u00e7\u00f5es com diferentes pe\u00e7as e ocasi\u00f5es, enquanto a fivela dourada traz um toque moderno e refinado que ilumina a composi\u00e7\u00e3o. Ideal para ser usado com vestidos, saias, cal\u00e7as ou pe\u00e7as de cintura alta. Destaques\u2022 Couro floter texturizado\u2022 Fivela dourada sofisticada\u2022 Versatilidade para diversas combina\u00e7\u00f5es\u2022 Design elegante e atemporal A escolha perfeita para quem busca um acess\u00f3rio funcional com eleg\u00e2ncia natural.<\/p>\n","protected":false},"featured_media":3217,"comment_status":"open","ping_status":"closed","template":"","meta":{"_acf_changed":false},"product_brand":[],"product_cat":[97,101,102],"product_tag":[],"class_list":{"0":"post-3216","1":"product","2":"type-product","3":"status-publish","4":"has-post-thumbnail","6":"product_cat-acessorios","7":"product_cat-cintos","8":"product_cat-mais-vendidos","10":"first","11":"instock","12":"shipping-taxable","13":"purchasable","14":"product-type-simple"},"acf":[],"_links":{"self":[{"href":"https:\/\/app.huazapp.com\/woman\/wp-json\/wp\/v2\/product\/3216","targetHints":{"allow":["GET"]}}],"collection":[{"href":"https:\/\/app.huazapp.com\/woman\/wp-json\/wp\/v2\/product"}],"about":[{"href":"https:\/\/app.huazapp.com\/woman\/wp-json\/wp\/v2\/types\/product"}],"replies":[{"embeddable":true,"href":"https:\/\/app.huazapp.com\/woman\/wp-json\/wp\/v2\/comments?post=3216"}],"wp:featuredmedia":[{"embeddable":true,"href":"https:\/\/app.huazapp.com\/woman\/wp-json\/wp\/v2\/media\/3217"}],"wp:attachment":[{"href":"https:\/\/app.huazapp.com\/woman\/wp-json\/wp\/v2\/media?parent=3216"}],"wp:term":[{"taxonomy":"product_brand","embeddable":true,"href":"https:\/\/app.huazapp.com\/woman\/wp-json\/wp\/v2\/product_brand?post=3216"},{"taxonomy":"product_cat","embeddable":true,"href":"https:\/\/app.huazapp.com\/woman\/wp-json\/wp\/v2\/product_cat?post=3216"},{"taxonomy":"product_tag","embeddable":true,"href":"https:\/\/app.huazapp.com\/woman\/wp-json\/wp\/v2\/product_tag?post=3216"}],"curies":[{"name":"wp","href":"https:\/\/api.w.org\/{rel}","templated":true}]}}