{"id":3281,"date":"2025-11-11T12:33:28","date_gmt":"2025-11-11T15:33:28","guid":{"rendered":"https:\/\/app.huazapp.com\/woman\/?post_type=product&#038;p=3281"},"modified":"2025-11-11T18:03:36","modified_gmt":"2025-11-11T21:03:36","slug":"tenis-jogger-cinza-branco-vermelho","status":"publish","type":"product","link":"https:\/\/app.huazapp.com\/woman\/produto\/tenis-jogger-cinza-branco-vermelho\/","title":{"rendered":"T\u00eanis Jogger Cinza Branco Vermelho"},"content":{"rendered":"<p data-start=\"55\" data-end=\"335\">Estilo esportivo com toque contempor\u00e2neo.<br data-start=\"96\" data-end=\"99\" \/>O T\u00eanis Jogger Cinza, Branco e Vermelho combina cores modernas e design atual para quem busca conforto aliado a personalidade. Produzido em material de alta qualidade com texturas que se complementam, traz um visual din\u00e2mico e estiloso.<\/p>\n<p data-start=\"337\" data-end=\"549\">O solado jogger garante amortecimento leve e estabilidade no caminhar, enquanto o detalhe em vermelho adiciona contraste e modernidade. Um modelo vers\u00e1til que se adapta ao dia a dia com sofistica\u00e7\u00e3o descontra\u00edda.<\/p>\n<p data-start=\"551\" data-end=\"713\"><strong data-start=\"551\" data-end=\"564\">Destaques<\/strong><br data-start=\"564\" data-end=\"567\" \/>\u2022 Mistura de cores moderna e vers\u00e1til<br data-start=\"604\" data-end=\"607\" \/>\u2022 Solado jogger confort\u00e1vel<br data-start=\"634\" data-end=\"637\" \/>\u2022 Texturas combinadas para visual \u00fanico<br data-start=\"676\" data-end=\"679\" \/>\u2022 Ideal para diferentes ocasi\u00f5es<\/p>\n<p data-start=\"715\" data-end=\"809\" data-is-last-node=\"\" data-is-only-node=\"\">Perfeito para looks casuais, trabalho ou lazer, oferecendo praticidade e estilo em cada passo.<\/p>\n","protected":false},"excerpt":{"rendered":"<p>Estilo esportivo com toque contempor\u00e2neo.O T\u00eanis Jogger Cinza, Branco e Vermelho combina cores modernas e design atual para quem busca conforto aliado a personalidade. Produzido em material de alta qualidade com texturas que se complementam, traz um visual din\u00e2mico e estiloso. O solado jogger garante amortecimento leve e estabilidade no caminhar, enquanto o detalhe em vermelho adiciona contraste e modernidade. Um modelo vers\u00e1til que se adapta ao dia a dia com sofistica\u00e7\u00e3o descontra\u00edda. Destaques\u2022 Mistura de cores moderna e vers\u00e1til\u2022 Solado jogger confort\u00e1vel\u2022 Texturas combinadas para visual \u00fanico\u2022 Ideal para diferentes ocasi\u00f5es Perfeito para looks casuais, trabalho ou lazer, oferecendo praticidade e estilo em cada passo.<\/p>\n","protected":false},"featured_media":3285,"comment_status":"open","ping_status":"closed","template":"","meta":{"_acf_changed":false},"product_brand":[],"product_cat":[103,104,18],"product_tag":[],"class_list":{"0":"post-3281","1":"product","2":"type-product","3":"status-publish","4":"has-post-thumbnail","6":"product_cat-calcados","7":"product_cat-tenis","8":"product_cat-woman","9":"pa_tamanho-36","10":"pa_tamanho-38","11":"pa_tamanho-40","13":"first","14":"instock","15":"shipping-taxable","16":"purchasable","17":"product-type-variable","18":"rtwpvg-product"},"acf":[],"_links":{"self":[{"href":"https:\/\/app.huazapp.com\/woman\/wp-json\/wp\/v2\/product\/3281","targetHints":{"allow":["GET"]}}],"collection":[{"href":"https:\/\/app.huazapp.com\/woman\/wp-json\/wp\/v2\/product"}],"about":[{"href":"https:\/\/app.huazapp.com\/woman\/wp-json\/wp\/v2\/types\/product"}],"replies":[{"embeddable":true,"href":"https:\/\/app.huazapp.com\/woman\/wp-json\/wp\/v2\/comments?post=3281"}],"wp:featuredmedia":[{"embeddable":true,"href":"https:\/\/app.huazapp.com\/woman\/wp-json\/wp\/v2\/media\/3285"}],"wp:attachment":[{"href":"https:\/\/app.huazapp.com\/woman\/wp-json\/wp\/v2\/media?parent=3281"}],"wp:term":[{"taxonomy":"product_brand","embeddable":true,"href":"https:\/\/app.huazapp.com\/woman\/wp-json\/wp\/v2\/product_brand?post=3281"},{"taxonomy":"product_cat","embeddable":true,"href":"https:\/\/app.huazapp.com\/woman\/wp-json\/wp\/v2\/product_cat?post=3281"},{"taxonomy":"product_tag","embeddable":true,"href":"https:\/\/app.huazapp.com\/woman\/wp-json\/wp\/v2\/product_tag?post=3281"}],"curies":[{"name":"wp","href":"https:\/\/api.w.org\/{rel}","templated":true}]}}