{"id":3292,"date":"2025-11-11T12:59:20","date_gmt":"2025-11-11T15:59:20","guid":{"rendered":"https:\/\/app.huazapp.com\/woman\/?post_type=product&#038;p=3292"},"modified":"2025-11-11T12:59:20","modified_gmt":"2025-11-11T15:59:20","slug":"bota-cano-alto-caramelo-licor","status":"publish","type":"product","link":"https:\/\/app.huazapp.com\/woman\/produto\/bota-cano-alto-caramelo-licor\/","title":{"rendered":"Bota Cano Alto Caramelo Licor"},"content":{"rendered":"<p data-start=\"47\" data-end=\"335\">Eleg\u00e2ncia cl\u00e1ssica com toque moderno.<br data-start=\"84\" data-end=\"87\" \/>A Bota Cano Alto Caramelo Licor \u00e9 uma pe\u00e7a sofisticada, perfeita para quem busca adicionar personalidade aos looks de outono e inverno. Produzida com acabamento aveludado, oferece textura suave e visual marcante, garantindo presen\u00e7a por onde passa.<\/p>\n<p data-start=\"337\" data-end=\"615\">O design de cano alongado traz um ar elegante, enquanto o salto bloco proporciona estabilidade e conforto, tornando o uso no dia a dia mais pr\u00e1tico. O detalhe met\u00e1lico discreto na lateral adiciona charme sem exageros, criando um equil\u00edbrio perfeito entre estilo e versatilidade.<\/p>\n<p data-start=\"617\" data-end=\"779\"><strong data-start=\"617\" data-end=\"630\">Destaques<\/strong><br data-start=\"630\" data-end=\"633\" \/>\u2022 Cano alto com acabamento aveludado<br data-start=\"669\" data-end=\"672\" \/>\u2022 Cor caramelo licor elegante e vers\u00e1til<br data-start=\"712\" data-end=\"715\" \/>\u2022 Salto bloco para mais conforto<br data-start=\"747\" data-end=\"750\" \/>\u2022 Detalhe met\u00e1lico discreto<\/p>\n<p data-start=\"781\" data-end=\"934\" data-is-last-node=\"\" data-is-only-node=\"\">Ideal para combinar com vestidos, saias, jeans ou casacos, \u00e9 a bota certa para elevar produ\u00e7\u00f5es casuais ou sofisticadas com um toque de charme atemporal.<\/p>\n","protected":false},"excerpt":{"rendered":"<p>Eleg\u00e2ncia cl\u00e1ssica com toque moderno.A Bota Cano Alto Caramelo Licor \u00e9 uma pe\u00e7a sofisticada, perfeita para quem busca adicionar personalidade aos looks de outono e inverno. Produzida com acabamento aveludado, oferece textura suave e visual marcante, garantindo presen\u00e7a por onde passa. O design de cano alongado traz um ar elegante, enquanto o salto bloco proporciona estabilidade e conforto, tornando o uso no dia a dia mais pr\u00e1tico. O detalhe met\u00e1lico discreto na lateral adiciona charme sem exageros, criando um equil\u00edbrio perfeito entre estilo e versatilidade. Destaques\u2022 Cano alto com acabamento aveludado\u2022 Cor caramelo licor elegante e vers\u00e1til\u2022 Salto bloco para mais conforto\u2022 Detalhe met\u00e1lico discreto Ideal para combinar com vestidos, saias, jeans ou casacos, \u00e9 a bota certa para elevar produ\u00e7\u00f5es casuais ou sofisticadas com um toque de charme atemporal.<\/p>\n","protected":false},"featured_media":3296,"comment_status":"open","ping_status":"closed","template":"","meta":{"_acf_changed":false},"product_brand":[],"product_cat":[105,103],"product_tag":[],"class_list":{"0":"post-3292","1":"product","2":"type-product","3":"status-publish","4":"has-post-thumbnail","6":"product_cat-botas","7":"product_cat-calcados","8":"pa_tamanho-36","9":"pa_tamanho-37","10":"pa_tamanho-38","12":"first","13":"instock","14":"shipping-taxable","15":"purchasable","16":"product-type-variable","17":"rtwpvg-product"},"acf":[],"_links":{"self":[{"href":"https:\/\/app.huazapp.com\/woman\/wp-json\/wp\/v2\/product\/3292","targetHints":{"allow":["GET"]}}],"collection":[{"href":"https:\/\/app.huazapp.com\/woman\/wp-json\/wp\/v2\/product"}],"about":[{"href":"https:\/\/app.huazapp.com\/woman\/wp-json\/wp\/v2\/types\/product"}],"replies":[{"embeddable":true,"href":"https:\/\/app.huazapp.com\/woman\/wp-json\/wp\/v2\/comments?post=3292"}],"wp:featuredmedia":[{"embeddable":true,"href":"https:\/\/app.huazapp.com\/woman\/wp-json\/wp\/v2\/media\/3296"}],"wp:attachment":[{"href":"https:\/\/app.huazapp.com\/woman\/wp-json\/wp\/v2\/media?parent=3292"}],"wp:term":[{"taxonomy":"product_brand","embeddable":true,"href":"https:\/\/app.huazapp.com\/woman\/wp-json\/wp\/v2\/product_brand?post=3292"},{"taxonomy":"product_cat","embeddable":true,"href":"https:\/\/app.huazapp.com\/woman\/wp-json\/wp\/v2\/product_cat?post=3292"},{"taxonomy":"product_tag","embeddable":true,"href":"https:\/\/app.huazapp.com\/woman\/wp-json\/wp\/v2\/product_tag?post=3292"}],"curies":[{"name":"wp","href":"https:\/\/api.w.org\/{rel}","templated":true}]}}