{"id":3300,"date":"2025-11-11T13:04:22","date_gmt":"2025-11-11T16:04:22","guid":{"rendered":"https:\/\/app.huazapp.com\/woman\/?post_type=product&#038;p=3300"},"modified":"2025-11-11T18:03:28","modified_gmt":"2025-11-11T21:03:28","slug":"bota-salto-bloco-preto-couro","status":"publish","type":"product","link":"https:\/\/app.huazapp.com\/woman\/produto\/bota-salto-bloco-preto-couro\/","title":{"rendered":"Bota Salto Bloco Preto Couro"},"content":{"rendered":"<p data-start=\"49\" data-end=\"339\">Versatilidade e eleg\u00e2ncia para todas as ocasi\u00f5es.<br data-start=\"98\" data-end=\"101\" \/>A Bota Salto Bloco Preto em Couro \u00e9 a escolha ideal para quem busca um visual sofisticado com conforto no dia a dia. Produzida em couro de alta qualidade, apresenta textura leve e acabamento impec\u00e1vel que garantem durabilidade e presen\u00e7a.<\/p>\n<p data-start=\"341\" data-end=\"602\">O cano alto oferece um toque cl\u00e1ssico ao look, enquanto o salto bloco proporciona estabilidade, permitindo uso prolongado com conforto. O detalhe met\u00e1lico discreto na altura do tornozelo adiciona charme moderno sem exageros, tornando a pe\u00e7a ainda mais vers\u00e1til.<\/p>\n<p data-start=\"604\" data-end=\"749\"><strong data-start=\"604\" data-end=\"617\">Destaques<\/strong><br data-start=\"617\" data-end=\"620\" \/>\u2022 Couro de alta qualidade<br data-start=\"645\" data-end=\"648\" \/>\u2022 Salto bloco confort\u00e1vel e est\u00e1vel<br data-start=\"683\" data-end=\"686\" \/>\u2022 Detalhe met\u00e1lico sofisticado<br data-start=\"716\" data-end=\"719\" \/>\u2022 Design cl\u00e1ssico e vers\u00e1til<\/p>\n<p data-start=\"751\" data-end=\"913\" data-is-last-node=\"\" data-is-only-node=\"\">Perfeita para combinar com vestidos, saias, jeans ou casacos, essa bota \u00e9 um item indispens\u00e1vel para quem busca praticidade, estilo e eleg\u00e2ncia em uma \u00fanica pe\u00e7a.<\/p>\n","protected":false},"excerpt":{"rendered":"<p>Versatilidade e eleg\u00e2ncia para todas as ocasi\u00f5es.A Bota Salto Bloco Preto em Couro \u00e9 a escolha ideal para quem busca um visual sofisticado com conforto no dia a dia. Produzida em couro de alta qualidade, apresenta textura leve e acabamento impec\u00e1vel que garantem durabilidade e presen\u00e7a. O cano alto oferece um toque cl\u00e1ssico ao look, enquanto o salto bloco proporciona estabilidade, permitindo uso prolongado com conforto. O detalhe met\u00e1lico discreto na altura do tornozelo adiciona charme moderno sem exageros, tornando a pe\u00e7a ainda mais vers\u00e1til. Destaques\u2022 Couro de alta qualidade\u2022 Salto bloco confort\u00e1vel e est\u00e1vel\u2022 Detalhe met\u00e1lico sofisticado\u2022 Design cl\u00e1ssico e vers\u00e1til Perfeita para combinar com vestidos, saias, jeans ou casacos, essa bota \u00e9 um item indispens\u00e1vel para quem busca praticidade, estilo e eleg\u00e2ncia em uma \u00fanica pe\u00e7a.<\/p>\n","protected":false},"featured_media":3304,"comment_status":"open","ping_status":"closed","template":"","meta":{"_acf_changed":false},"product_brand":[],"product_cat":[105,103,18],"product_tag":[],"class_list":{"0":"post-3300","1":"product","2":"type-product","3":"status-publish","4":"has-post-thumbnail","6":"product_cat-botas","7":"product_cat-calcados","8":"product_cat-woman","9":"pa_tamanho-37","10":"pa_tamanho-38","11":"pa_tamanho-39","13":"first","14":"instock","15":"shipping-taxable","16":"purchasable","17":"product-type-variable","18":"rtwpvg-product"},"acf":[],"_links":{"self":[{"href":"https:\/\/app.huazapp.com\/woman\/wp-json\/wp\/v2\/product\/3300","targetHints":{"allow":["GET"]}}],"collection":[{"href":"https:\/\/app.huazapp.com\/woman\/wp-json\/wp\/v2\/product"}],"about":[{"href":"https:\/\/app.huazapp.com\/woman\/wp-json\/wp\/v2\/types\/product"}],"replies":[{"embeddable":true,"href":"https:\/\/app.huazapp.com\/woman\/wp-json\/wp\/v2\/comments?post=3300"}],"wp:featuredmedia":[{"embeddable":true,"href":"https:\/\/app.huazapp.com\/woman\/wp-json\/wp\/v2\/media\/3304"}],"wp:attachment":[{"href":"https:\/\/app.huazapp.com\/woman\/wp-json\/wp\/v2\/media?parent=3300"}],"wp:term":[{"taxonomy":"product_brand","embeddable":true,"href":"https:\/\/app.huazapp.com\/woman\/wp-json\/wp\/v2\/product_brand?post=3300"},{"taxonomy":"product_cat","embeddable":true,"href":"https:\/\/app.huazapp.com\/woman\/wp-json\/wp\/v2\/product_cat?post=3300"},{"taxonomy":"product_tag","embeddable":true,"href":"https:\/\/app.huazapp.com\/woman\/wp-json\/wp\/v2\/product_tag?post=3300"}],"curies":[{"name":"wp","href":"https:\/\/api.w.org\/{rel}","templated":true}]}}