{"id":3331,"date":"2025-11-11T13:32:07","date_gmt":"2025-11-11T16:32:07","guid":{"rendered":"https:\/\/app.huazapp.com\/woman\/?post_type=product&#038;p=3331"},"modified":"2025-11-11T18:03:07","modified_gmt":"2025-11-11T21:03:07","slug":"tamanco-de-tecido-branco","status":"publish","type":"product","link":"https:\/\/app.huazapp.com\/woman\/produto\/tamanco-de-tecido-branco\/","title":{"rendered":"Tamanco de Tecido Branco"},"content":{"rendered":"<p data-start=\"42\" data-end=\"313\">elicadeza e estilo em um \u00fanico design.<br data-start=\"81\" data-end=\"84\" \/>O Tamanco de Tecido Branco \u00e9 perfeito para quem busca leveza e eleg\u00e2ncia no dia a dia. Seu cabedal em tecido texturizado com acabamentos desfiados traz um toque artesanal moderno, oferecendo charme aut\u00eantico e visual sofisticado.<\/p>\n<p data-start=\"315\" data-end=\"563\">O salto bloco alto garante conforto e estabilidade, enquanto o detalhe met\u00e1lico discreto adiciona um toque refinado \u00e0 pe\u00e7a. Vers\u00e1til, combina facilmente com vestidos, saias e pe\u00e7as leves, sendo ideal para compor produ\u00e7\u00f5es casuais ou mais arrumadas.<\/p>\n<p data-start=\"565\" data-end=\"717\"><strong data-start=\"565\" data-end=\"578\">Destaques<\/strong><br data-start=\"578\" data-end=\"581\" \/>\u2022 Cabedal em tecido texturizado<br data-start=\"612\" data-end=\"615\" \/>\u2022 Acabamento desfiado com charme artesanal<br data-start=\"657\" data-end=\"660\" \/>\u2022 Salto bloco confort\u00e1vel<br data-start=\"685\" data-end=\"688\" \/>\u2022 Detalhe met\u00e1lico refinado<\/p>\n<p data-start=\"719\" data-end=\"813\" data-is-last-node=\"\" data-is-only-node=\"\">Perfeito para quem deseja um look elegante e leve, com identidade \u00fanica e toque contempor\u00e2neo.<\/p>\n","protected":false},"excerpt":{"rendered":"<p>elicadeza e estilo em um \u00fanico design.O Tamanco de Tecido Branco \u00e9 perfeito para quem busca leveza e eleg\u00e2ncia no dia a dia. Seu cabedal em tecido texturizado com acabamentos desfiados traz um toque artesanal moderno, oferecendo charme aut\u00eantico e visual sofisticado. O salto bloco alto garante conforto e estabilidade, enquanto o detalhe met\u00e1lico discreto adiciona um toque refinado \u00e0 pe\u00e7a. Vers\u00e1til, combina facilmente com vestidos, saias e pe\u00e7as leves, sendo ideal para compor produ\u00e7\u00f5es casuais ou mais arrumadas. Destaques\u2022 Cabedal em tecido texturizado\u2022 Acabamento desfiado com charme artesanal\u2022 Salto bloco confort\u00e1vel\u2022 Detalhe met\u00e1lico refinado Perfeito para quem deseja um look elegante e leve, com identidade \u00fanica e toque contempor\u00e2neo.<\/p>\n","protected":false},"featured_media":3335,"comment_status":"open","ping_status":"closed","template":"","meta":{"_acf_changed":false},"product_brand":[],"product_cat":[103,106,18],"product_tag":[],"class_list":{"0":"post-3331","1":"product","2":"type-product","3":"status-publish","4":"has-post-thumbnail","6":"product_cat-calcados","7":"product_cat-tamancos","8":"product_cat-woman","9":"pa_tamanho-36","10":"pa_tamanho-37","11":"pa_tamanho-38","13":"first","14":"instock","15":"shipping-taxable","16":"purchasable","17":"product-type-variable","18":"rtwpvg-product"},"acf":[],"_links":{"self":[{"href":"https:\/\/app.huazapp.com\/woman\/wp-json\/wp\/v2\/product\/3331","targetHints":{"allow":["GET"]}}],"collection":[{"href":"https:\/\/app.huazapp.com\/woman\/wp-json\/wp\/v2\/product"}],"about":[{"href":"https:\/\/app.huazapp.com\/woman\/wp-json\/wp\/v2\/types\/product"}],"replies":[{"embeddable":true,"href":"https:\/\/app.huazapp.com\/woman\/wp-json\/wp\/v2\/comments?post=3331"}],"wp:featuredmedia":[{"embeddable":true,"href":"https:\/\/app.huazapp.com\/woman\/wp-json\/wp\/v2\/media\/3335"}],"wp:attachment":[{"href":"https:\/\/app.huazapp.com\/woman\/wp-json\/wp\/v2\/media?parent=3331"}],"wp:term":[{"taxonomy":"product_brand","embeddable":true,"href":"https:\/\/app.huazapp.com\/woman\/wp-json\/wp\/v2\/product_brand?post=3331"},{"taxonomy":"product_cat","embeddable":true,"href":"https:\/\/app.huazapp.com\/woman\/wp-json\/wp\/v2\/product_cat?post=3331"},{"taxonomy":"product_tag","embeddable":true,"href":"https:\/\/app.huazapp.com\/woman\/wp-json\/wp\/v2\/product_tag?post=3331"}],"curies":[{"name":"wp","href":"https:\/\/api.w.org\/{rel}","templated":true}]}}