{"id":3355,"date":"2025-11-11T13:40:46","date_gmt":"2025-11-11T16:40:46","guid":{"rendered":"https:\/\/app.huazapp.com\/woman\/?post_type=product&#038;p=3355"},"modified":"2025-11-11T13:40:46","modified_gmt":"2025-11-11T16:40:46","slug":"tamanco-flor-rafia-amarelo","status":"publish","type":"product","link":"https:\/\/app.huazapp.com\/woman\/produto\/tamanco-flor-rafia-amarelo\/","title":{"rendered":"Tamanco Flor R\u00e1fia Amarelo"},"content":{"rendered":"<p data-start=\"44\" data-end=\"356\">Delicadeza artesanal com charme tropical.<br data-start=\"85\" data-end=\"88\" \/>O Tamanco Flor R\u00e1fia Amarelo \u00e9 a pe\u00e7a ideal para quem deseja compor looks leves e sofisticados. Seu design em tom suave traz leveza \u00e0 produ\u00e7\u00e3o, enquanto o detalhe em flor de r\u00e1fia adiciona um toque artesanal \u00fanico, criando um visual rom\u00e2ntico e moderno ao mesmo tempo.<\/p>\n<p data-start=\"358\" data-end=\"584\">O salto m\u00e9dio fino garante eleg\u00e2ncia e conforto, tornando-o perfeito para uso no dia a dia ou em ocasi\u00f5es especiais que pedem estilo com discri\u00e7\u00e3o. Seu formato aberto proporciona frescor, sendo ideal para os dias mais quentes.<\/p>\n<p data-start=\"586\" data-end=\"726\"><strong data-start=\"586\" data-end=\"599\">Destaques<\/strong><br data-start=\"599\" data-end=\"602\" \/>\u2022 Aplica\u00e7\u00e3o floral em r\u00e1fia<br data-start=\"629\" data-end=\"632\" \/>\u2022 Salto m\u00e9dio fino e confort\u00e1vel<br data-start=\"664\" data-end=\"667\" \/>\u2022 Visual leve e rom\u00e2ntico<br data-start=\"692\" data-end=\"695\" \/>\u2022 Design elegante e artesanal<\/p>\n<p data-start=\"728\" data-end=\"837\" data-is-last-node=\"\" data-is-only-node=\"\">Perfeito para combinar com vestidos, saias ou pe\u00e7as fluidas, trazendo um toque natural e sofisticado ao look.<\/p>\n","protected":false},"excerpt":{"rendered":"<p>Delicadeza artesanal com charme tropical.O Tamanco Flor R\u00e1fia Amarelo \u00e9 a pe\u00e7a ideal para quem deseja compor looks leves e sofisticados. Seu design em tom suave traz leveza \u00e0 produ\u00e7\u00e3o, enquanto o detalhe em flor de r\u00e1fia adiciona um toque artesanal \u00fanico, criando um visual rom\u00e2ntico e moderno ao mesmo tempo. O salto m\u00e9dio fino garante eleg\u00e2ncia e conforto, tornando-o perfeito para uso no dia a dia ou em ocasi\u00f5es especiais que pedem estilo com discri\u00e7\u00e3o. Seu formato aberto proporciona frescor, sendo ideal para os dias mais quentes. Destaques\u2022 Aplica\u00e7\u00e3o floral em r\u00e1fia\u2022 Salto m\u00e9dio fino e confort\u00e1vel\u2022 Visual leve e rom\u00e2ntico\u2022 Design elegante e artesanal Perfeito para combinar com vestidos, saias ou pe\u00e7as fluidas, trazendo um toque natural e sofisticado ao look.<\/p>\n","protected":false},"featured_media":3359,"comment_status":"open","ping_status":"closed","template":"","meta":{"_acf_changed":false},"product_brand":[],"product_cat":[103,106],"product_tag":[],"class_list":{"0":"post-3355","1":"product","2":"type-product","3":"status-publish","4":"has-post-thumbnail","6":"product_cat-calcados","7":"product_cat-tamancos","8":"pa_tamanho-36","9":"pa_tamanho-37","10":"pa_tamanho-38","12":"first","13":"instock","14":"shipping-taxable","15":"purchasable","16":"product-type-variable","17":"rtwpvg-product"},"acf":[],"_links":{"self":[{"href":"https:\/\/app.huazapp.com\/woman\/wp-json\/wp\/v2\/product\/3355","targetHints":{"allow":["GET"]}}],"collection":[{"href":"https:\/\/app.huazapp.com\/woman\/wp-json\/wp\/v2\/product"}],"about":[{"href":"https:\/\/app.huazapp.com\/woman\/wp-json\/wp\/v2\/types\/product"}],"replies":[{"embeddable":true,"href":"https:\/\/app.huazapp.com\/woman\/wp-json\/wp\/v2\/comments?post=3355"}],"wp:featuredmedia":[{"embeddable":true,"href":"https:\/\/app.huazapp.com\/woman\/wp-json\/wp\/v2\/media\/3359"}],"wp:attachment":[{"href":"https:\/\/app.huazapp.com\/woman\/wp-json\/wp\/v2\/media?parent=3355"}],"wp:term":[{"taxonomy":"product_brand","embeddable":true,"href":"https:\/\/app.huazapp.com\/woman\/wp-json\/wp\/v2\/product_brand?post=3355"},{"taxonomy":"product_cat","embeddable":true,"href":"https:\/\/app.huazapp.com\/woman\/wp-json\/wp\/v2\/product_cat?post=3355"},{"taxonomy":"product_tag","embeddable":true,"href":"https:\/\/app.huazapp.com\/woman\/wp-json\/wp\/v2\/product_tag?post=3355"}],"curies":[{"name":"wp","href":"https:\/\/api.w.org\/{rel}","templated":true}]}}