{"id":3366,"date":"2025-11-11T13:56:02","date_gmt":"2025-11-11T16:56:02","guid":{"rendered":"https:\/\/app.huazapp.com\/woman\/?post_type=product&#038;p=3366"},"modified":"2025-11-11T13:57:17","modified_gmt":"2025-11-11T16:57:17","slug":"kit-tamanco-de-tecido-branco-cinto-de-couro-floter","status":"publish","type":"product","link":"https:\/\/app.huazapp.com\/woman\/produto\/kit-tamanco-de-tecido-branco-cinto-de-couro-floter\/","title":{"rendered":"Kit Tamanco de Tecido Branco + Cinto de couro floter"},"content":{"rendered":"<p data-start=\"70\" data-end=\"283\">A combina\u00e7\u00e3o perfeita entre charme e sofistica\u00e7\u00e3o.<br data-start=\"120\" data-end=\"123\" \/>O Kit Tamanco de Tecido Branco + Cinto de Couro Floter re\u00fane duas pe\u00e7as modernas e vers\u00e1teis, pensadas para elevar suas produ\u00e7\u00f5es com eleg\u00e2ncia e autenticidade.<\/p>\n<p data-start=\"285\" data-end=\"507\">O tamanco, confeccionado em tecido texturizado com acabamento desfiado, traz um toque artesanal e contempor\u00e2neo. Seu salto bloco proporciona conforto e presen\u00e7a, enquanto o detalhe em metal agrega refinamento \u00e0 composi\u00e7\u00e3o.<\/p>\n<p data-start=\"509\" data-end=\"704\">O cinto em couro floter, com fivela dourada, oferece uma finaliza\u00e7\u00e3o elegante para looks casuais ou mais arrumados. Seu tom neutro facilita combina\u00e7\u00f5es e valoriza diferentes silhuetas com estilo.<\/p>\n<p data-start=\"706\" data-end=\"835\"><strong data-start=\"706\" data-end=\"722\">O kit inclui<\/strong><br data-start=\"722\" data-end=\"725\" \/>\u2022 Tamanco de tecido branco com salto bloco e detalhe metalizado<br data-start=\"788\" data-end=\"791\" \/>\u2022 Cinto de couro floter com fivela dourada<\/p>\n<p data-start=\"837\" data-end=\"1020\"><strong data-start=\"837\" data-end=\"850\">Destaques<\/strong><br data-start=\"850\" data-end=\"853\" \/>\u2022 Pe\u00e7as vers\u00e1teis e sofisticadas<br data-start=\"885\" data-end=\"888\" \/>\u2022 Design moderno com toque artesanal<br data-start=\"924\" data-end=\"927\" \/>\u2022 \u00d3timo para combinar com vestidos, jeans e pe\u00e7as fluidas<br data-start=\"984\" data-end=\"987\" \/>\u2022 Acabamentos de alta qualidade<\/p>\n<p data-start=\"1022\" data-end=\"1152\" data-is-last-node=\"\" data-is-only-node=\"\">Perfeito para quem busca praticidade sem abrir m\u00e3o de estilo, esse kit transforma qualquer produ\u00e7\u00e3o com eleg\u00e2ncia e personalidade.<\/p>\n","protected":false},"excerpt":{"rendered":"<p>A combina\u00e7\u00e3o perfeita entre charme e sofistica\u00e7\u00e3o.O Kit Tamanco de Tecido Branco + Cinto de Couro Floter re\u00fane duas pe\u00e7as modernas e vers\u00e1teis, pensadas para elevar suas produ\u00e7\u00f5es com eleg\u00e2ncia e autenticidade. O tamanco, confeccionado em tecido texturizado com acabamento desfiado, traz um toque artesanal e contempor\u00e2neo. Seu salto bloco proporciona conforto e presen\u00e7a, enquanto o detalhe em metal agrega refinamento \u00e0 composi\u00e7\u00e3o. O cinto em couro floter, com fivela dourada, oferece uma finaliza\u00e7\u00e3o elegante para looks casuais ou mais arrumados. Seu tom neutro facilita combina\u00e7\u00f5es e valoriza diferentes silhuetas com estilo. O kit inclui\u2022 Tamanco de tecido branco com salto bloco e detalhe metalizado\u2022 Cinto de couro floter com fivela dourada Destaques\u2022 Pe\u00e7as vers\u00e1teis e sofisticadas\u2022 Design moderno com toque artesanal\u2022 \u00d3timo para combinar com vestidos, jeans e pe\u00e7as fluidas\u2022 Acabamentos de alta qualidade Perfeito para quem busca praticidade sem abrir m\u00e3o de estilo, esse kit transforma qualquer produ\u00e7\u00e3o com eleg\u00e2ncia e personalidade.<\/p>\n","protected":false},"featured_media":3367,"comment_status":"open","ping_status":"closed","template":"","meta":{"_acf_changed":false},"product_brand":[],"product_cat":[107,108,18],"product_tag":[],"class_list":{"0":"post-3366","1":"product","2":"type-product","3":"status-publish","4":"has-post-thumbnail","6":"product_cat-kits","7":"product_cat-ofertas","8":"product_cat-woman","10":"first","11":"instock","12":"sale","13":"shipping-taxable","14":"purchasable","15":"product-type-simple"},"acf":[],"_links":{"self":[{"href":"https:\/\/app.huazapp.com\/woman\/wp-json\/wp\/v2\/product\/3366","targetHints":{"allow":["GET"]}}],"collection":[{"href":"https:\/\/app.huazapp.com\/woman\/wp-json\/wp\/v2\/product"}],"about":[{"href":"https:\/\/app.huazapp.com\/woman\/wp-json\/wp\/v2\/types\/product"}],"replies":[{"embeddable":true,"href":"https:\/\/app.huazapp.com\/woman\/wp-json\/wp\/v2\/comments?post=3366"}],"wp:featuredmedia":[{"embeddable":true,"href":"https:\/\/app.huazapp.com\/woman\/wp-json\/wp\/v2\/media\/3367"}],"wp:attachment":[{"href":"https:\/\/app.huazapp.com\/woman\/wp-json\/wp\/v2\/media?parent=3366"}],"wp:term":[{"taxonomy":"product_brand","embeddable":true,"href":"https:\/\/app.huazapp.com\/woman\/wp-json\/wp\/v2\/product_brand?post=3366"},{"taxonomy":"product_cat","embeddable":true,"href":"https:\/\/app.huazapp.com\/woman\/wp-json\/wp\/v2\/product_cat?post=3366"},{"taxonomy":"product_tag","embeddable":true,"href":"https:\/\/app.huazapp.com\/woman\/wp-json\/wp\/v2\/product_tag?post=3366"}],"curies":[{"name":"wp","href":"https:\/\/api.w.org\/{rel}","templated":true}]}}