{"id":3372,"date":"2025-11-11T14:06:37","date_gmt":"2025-11-11T17:06:37","guid":{"rendered":"https:\/\/app.huazapp.com\/woman\/?post_type=product&#038;p=3372"},"modified":"2025-11-11T14:06:37","modified_gmt":"2025-11-11T17:06:37","slug":"kit-bolsa-de-couro-feminino-carry-on-oculos-de-sol-burberry","status":"publish","type":"product","link":"https:\/\/app.huazapp.com\/woman\/produto\/kit-bolsa-de-couro-feminino-carry-on-oculos-de-sol-burberry\/","title":{"rendered":"Kit Bolsa de couro feminino carry on + \u00d3culos de Sol Burberry"},"content":{"rendered":"<p data-start=\"79\" data-end=\"289\">Eleg\u00e2ncia completa para todas as ocasi\u00f5es.<br data-start=\"121\" data-end=\"124\" \/>O Kit Bolsa de Couro Feminina Carry On + \u00d3culos de Sol Burberry re\u00fane dois acess\u00f3rios indispens\u00e1veis para quem busca sofistica\u00e7\u00e3o, estilo e praticidade no dia a dia.<\/p>\n<p data-start=\"291\" data-end=\"572\">A bolsa, confeccionada em couro premium, apresenta design estruturado com mix de tons neutros e detalhes em preto e caramelo, garantindo versatilidade e um visual moderno. Possui al\u00e7a de m\u00e3o e al\u00e7a longa ajust\u00e1vel, permitindo diferentes formas de uso com conforto e funcionalidade.<\/p>\n<p data-start=\"574\" data-end=\"836\">O \u00f3culos de sol Burberry complementa o look com seu formato levemente gatinho e lentes escuras, trazendo eleg\u00e2ncia contempor\u00e2nea e prote\u00e7\u00e3o ocular. As hastes com acabamento premium refor\u00e7am a identidade luxuosa da marca, tornando o acess\u00f3rio ainda mais especial.<\/p>\n<p data-start=\"838\" data-end=\"968\"><strong data-start=\"838\" data-end=\"854\">O kit inclui<\/strong><br data-start=\"854\" data-end=\"857\" \/>\u2022 Bolsa de couro feminina Carry On com al\u00e7a longa ajust\u00e1vel<br data-start=\"916\" data-end=\"919\" \/>\u2022 \u00d3culos de sol Burberry com design sofisticado<\/p>\n<p data-start=\"970\" data-end=\"1147\"><strong data-start=\"970\" data-end=\"983\">Destaques<\/strong><br data-start=\"983\" data-end=\"986\" \/>\u2022 Combina\u00e7\u00e3o vers\u00e1til e sofisticada<br data-start=\"1021\" data-end=\"1024\" \/>\u2022 Materiais premium e acabamento impec\u00e1vel<br data-start=\"1066\" data-end=\"1069\" \/>\u2022 Acess\u00f3rios para diferentes ocasi\u00f5es<br data-start=\"1106\" data-end=\"1109\" \/>\u2022 Estilo moderno com toque atemporal<\/p>\n<p data-start=\"1149\" data-end=\"1254\" data-is-last-node=\"\" data-is-only-node=\"\">Perfeito para compor looks urbanos ou elegantes, esse kit oferece praticidade e requinte em cada detalhe.<\/p>\n","protected":false},"excerpt":{"rendered":"<p>Eleg\u00e2ncia completa para todas as ocasi\u00f5es.O Kit Bolsa de Couro Feminina Carry On + \u00d3culos de Sol Burberry re\u00fane dois acess\u00f3rios indispens\u00e1veis para quem busca sofistica\u00e7\u00e3o, estilo e praticidade no dia a dia. A bolsa, confeccionada em couro premium, apresenta design estruturado com mix de tons neutros e detalhes em preto e caramelo, garantindo versatilidade e um visual moderno. Possui al\u00e7a de m\u00e3o e al\u00e7a longa ajust\u00e1vel, permitindo diferentes formas de uso com conforto e funcionalidade. O \u00f3culos de sol Burberry complementa o look com seu formato levemente gatinho e lentes escuras, trazendo eleg\u00e2ncia contempor\u00e2nea e prote\u00e7\u00e3o ocular. As hastes com acabamento premium refor\u00e7am a identidade luxuosa da marca, tornando o acess\u00f3rio ainda mais especial. O kit inclui\u2022 Bolsa de couro feminina Carry On com al\u00e7a longa ajust\u00e1vel\u2022 \u00d3culos de sol Burberry com design sofisticado Destaques\u2022 Combina\u00e7\u00e3o vers\u00e1til e sofisticada\u2022 Materiais premium e acabamento impec\u00e1vel\u2022 Acess\u00f3rios para diferentes ocasi\u00f5es\u2022 Estilo moderno com toque atemporal Perfeito para compor looks urbanos ou elegantes, esse kit oferece praticidade e requinte em cada detalhe.<\/p>\n","protected":false},"featured_media":3373,"comment_status":"open","ping_status":"closed","template":"","meta":{"_acf_changed":false},"product_brand":[],"product_cat":[107,108],"product_tag":[],"class_list":{"0":"post-3372","1":"product","2":"type-product","3":"status-publish","4":"has-post-thumbnail","6":"product_cat-kits","7":"product_cat-ofertas","9":"first","10":"instock","11":"sale","12":"shipping-taxable","13":"purchasable","14":"product-type-simple"},"acf":[],"_links":{"self":[{"href":"https:\/\/app.huazapp.com\/woman\/wp-json\/wp\/v2\/product\/3372","targetHints":{"allow":["GET"]}}],"collection":[{"href":"https:\/\/app.huazapp.com\/woman\/wp-json\/wp\/v2\/product"}],"about":[{"href":"https:\/\/app.huazapp.com\/woman\/wp-json\/wp\/v2\/types\/product"}],"replies":[{"embeddable":true,"href":"https:\/\/app.huazapp.com\/woman\/wp-json\/wp\/v2\/comments?post=3372"}],"wp:featuredmedia":[{"embeddable":true,"href":"https:\/\/app.huazapp.com\/woman\/wp-json\/wp\/v2\/media\/3373"}],"wp:attachment":[{"href":"https:\/\/app.huazapp.com\/woman\/wp-json\/wp\/v2\/media?parent=3372"}],"wp:term":[{"taxonomy":"product_brand","embeddable":true,"href":"https:\/\/app.huazapp.com\/woman\/wp-json\/wp\/v2\/product_brand?post=3372"},{"taxonomy":"product_cat","embeddable":true,"href":"https:\/\/app.huazapp.com\/woman\/wp-json\/wp\/v2\/product_cat?post=3372"},{"taxonomy":"product_tag","embeddable":true,"href":"https:\/\/app.huazapp.com\/woman\/wp-json\/wp\/v2\/product_tag?post=3372"}],"curies":[{"name":"wp","href":"https:\/\/api.w.org\/{rel}","templated":true}]}}